{"id":925,"date":"2025-12-09T17:07:07","date_gmt":"2025-12-09T17:07:07","guid":{"rendered":"https:\/\/www.bmhangszer.hu\/index.php\/fafuvos-hangszerek\/pearl-nc96es-fuvola-copy\/"},"modified":"2025-12-09T17:14:39","modified_gmt":"2025-12-09T17:14:39","slug":"jupiter-jfl509","status":"publish","type":"page","link":"https:\/\/www.bmhangszer.hu\/index.php\/fafuvos-hangszerek\/jupiter-jfl509\/","title":{"rendered":"Jupiter JFL-509 kanyarfejes fuvola"},"content":{"rendered":"<!--themify_builder_content-->\n<div id=\"themify_builder_content-925\" data-postid=\"925\" class=\"themify_builder_content themify_builder_content-925 themify_builder tf_clear\">\n                    <div  data-lazy=\"1\" class=\"module_row themify_builder_row tb_8gqp077 tb_first tf_w\">\n                        <div class=\"row_inner col_align_top tb_col_count_1 tf_box tf_rel\">\n                        <div  data-lazy=\"1\" class=\"module_column tb-column col-full tb_ijn8207 first\">\n                            <div  data-lazy=\"1\" class=\"module_subrow themify_builder_sub_row tf_w col_align_top tb_col_count_2 tb_evfc112\">\n                <div  data-lazy=\"1\" class=\"module_column sub_column col4-2 tb_eyw2777 first\">\n                    <!-- module text -->\n<div  class=\"module module-text tb_v9ju197   \" data-lazy=\"1\">\n        <div  class=\"tb_text_wrap\">\n        <h1 class=\"page-title\">Jupiter JFL-509 Kanyarfejes fuvola<\/h1>\n<p>Sz\u00e9p \u00e1llapot\u00fa haszn\u00e1lt fuvola<\/p>\n<p>Ez\u00fcst\u00f6z\u00f6tt test \u00e9s billenty\u0171k. P\u00e1rn\u00e1k j\u00f3 \u00e1llapotban, \u00e1tn\u00e9zve, be\u00e1ll\u00edtva.<\/p>    <\/div>\n<\/div>\n<!-- \/module text --><!-- module icon -->\n<div  class=\"module module-icon tb_0ry5663    icon_horizontal \" data-lazy=\"1\">\n\t\t\t<div class=\"module-icon-item\">\n\t\t\t\t\t\t\t\t\t\t\t\t\t\t\t\t<em class=\"tf_box\"\n\t\t\t\t\t\t\t\t\t\t\t\t style=\"background-color:#b59a79;color:#f8f3ec\"\t\t\t\t\t><svg  class=\"tf_fa tf-fas-coins\" xmlns:xlink=\"http:\/\/www.w3.org\/1999\/xlink\" aria-hidden=\"true\"><use href=\"#tf-fas-coins\" xlink:href=\"#tf-fas-coins\"><\/use><\/svg><\/em>\n\t\t\t\t\t\t\t\t\t\t\t\t\t\t\t\t\t\t\t<span>110.000,-Ft<\/span>\n\t\t\t\t\t\t\t\t\t\t\t\t\t\t\t<\/div>\n\t<\/div>\n<!-- \/module icon -->\n        <\/div>\n                    <div  data-lazy=\"1\" class=\"module_column sub_column col4-2 tb_jwpc230 last\">\n                    <!-- module gallery -->\n<div  class=\"module gallery module-gallery tb_d52j033 layout-slider rounded \" data-lazy=\"1\">\n                <div class=\"themify_builder_slider_vertical tf_rel\">\n                <div class=\"tf_swiper-container tf_carousel themify_builder_slider tf_rel tf_overflow\"\n              data-lazy=\"1\"                data-pager=\"1\"\n                data-speed=\"1\"\n                data-slider_nav=\"1\"\n                data-wrapvar=\"1\"\n                data-height=\"variable\"\n                                    data-effect=\"scroll\"\n                                        data-css_url=\"https:\/\/www.bmhangszer.hu\/wp-content\/themes\/themify-ultra\/themify\/themify-builder\/css\/modules\/sliders\/carousel,https:\/\/www.bmhangszer.hu\/wp-content\/themes\/themify-ultra\/themify\/themify-builder\/css\/modules\/sliders\/gallery\"\n                                                                                 data-visible=\"1\" \n                data-tab-visible=\"\"\n                data-mob-visible=\"\"\n                data-scroll=\"1\"\n                                         >\n            <div class=\"tf_swiper-wrapper tf_lazy tf_rel tf_w tf_h tf_textc\">\n                                                    <div class=\"tf_swiper-slide\" style=\"\">\n                        <div class=\"slide-inner-wrap\">\n                            <div class=\"tf_lazy slide-image gallery-icon\">\n                            <a href=\"https:\/\/www.bmhangszer.hu\/wp-content\/uploads\/2025\/12\/20251209_140604.jpg\" class=\"themify_lightbox\"><img src=\"data:image\/svg+xml,%3Csvg%20xmlns=%27http:\/\/www.w3.org\/2000\/svg%27%20width='1920'%20height='1080'%20viewBox=%270%200%201920%201080%27%3E%3C\/svg%3E\" loading=\"lazy\" data-lazy=\"1\" data-tf-not-load=\"1\" style=\"background:linear-gradient(to right,#373c36 25%,#131716 25% 50%,#181d21 50% 75%,#101413 75%),linear-gradient(to right,#30312c 25%,#57544d 25% 50%,#d9c9bc 50% 75%,#382c1e 75%),linear-gradient(to right,#1d221c 25%,#d7b9a1 25% 50%,#fffffd 50% 75%,#121816 75%),linear-gradient(to right,#2c2e29 25%,#2b2f32 25% 50%,#5e6462 50% 75%,#161a1d 75%)\" decoding=\"async\" width=\"1920\" height=\"1080\" data-tf-src=\"https:\/\/www.bmhangszer.hu\/wp-content\/uploads\/2025\/12\/20251209_140604.jpg\" class=\"tf_svg_lazy wp-post-image wp-image-930\" title=\"20251209_140604\" alt=\"20251209_140604\" data-tf-srcset=\"https:\/\/www.bmhangszer.hu\/wp-content\/uploads\/2025\/12\/20251209_140604.jpg 1920w, https:\/\/www.bmhangszer.hu\/wp-content\/uploads\/2025\/12\/20251209_140604-300x169.jpg 300w, https:\/\/www.bmhangszer.hu\/wp-content\/uploads\/2025\/12\/20251209_140604-1024x576.jpg 1024w, https:\/\/www.bmhangszer.hu\/wp-content\/uploads\/2025\/12\/20251209_140604-768x432.jpg 768w, https:\/\/www.bmhangszer.hu\/wp-content\/uploads\/2025\/12\/20251209_140604-1536x864.jpg 1536w\" data-tf-sizes=\"(max-width: 1920px) 100vw, 1920px\" \/><noscript><img loading=\"lazy\" decoding=\"async\" width=\"1920\" height=\"1080\" data-tf-not-load src=\"https:\/\/www.bmhangszer.hu\/wp-content\/uploads\/2025\/12\/20251209_140604.jpg\" class=\"wp-post-image wp-image-930\" title=\"20251209_140604\" alt=\"20251209_140604\" srcset=\"https:\/\/www.bmhangszer.hu\/wp-content\/uploads\/2025\/12\/20251209_140604.jpg 1920w, https:\/\/www.bmhangszer.hu\/wp-content\/uploads\/2025\/12\/20251209_140604-300x169.jpg 300w, https:\/\/www.bmhangszer.hu\/wp-content\/uploads\/2025\/12\/20251209_140604-1024x576.jpg 1024w, https:\/\/www.bmhangszer.hu\/wp-content\/uploads\/2025\/12\/20251209_140604-768x432.jpg 768w, https:\/\/www.bmhangszer.hu\/wp-content\/uploads\/2025\/12\/20251209_140604-1536x864.jpg 1536w\" sizes=\"auto, (max-width: 1920px) 100vw, 1920px\" \/><\/noscript><\/a>                            <\/div>\n                                                    <\/div><\/div>\n                                    <div class=\"tf_swiper-slide\" style=\"display:none\">\n                        <div class=\"slide-inner-wrap\">\n                            <div class=\"tf_lazy slide-image gallery-icon\">\n                            <a href=\"https:\/\/www.bmhangszer.hu\/wp-content\/uploads\/2025\/12\/20251209_140612.jpg\" class=\"themify_lightbox\"><img src=\"data:image\/svg+xml,%3Csvg%20xmlns=%27http:\/\/www.w3.org\/2000\/svg%27%20width='1920'%20height='1080'%20viewBox=%270%200%201920%201080%27%3E%3C\/svg%3E\" loading=\"lazy\" data-lazy=\"1\" data-tf-not-load=\"1\" style=\"background:linear-gradient(to right,#4b4841 25%,#cecec4 25% 50%,#a69e91 50% 75%,#121711 75%),linear-gradient(to right,#4e5045 25%,#cebbaa 25% 50%,#d3c6b6 50% 75%,#353938 75%),linear-gradient(to right,#7a7b76 25%,#1d1c21 25% 50%,#18171c 50% 75%,#282a29 75%),linear-gradient(to right,#201f24 25%,#201f24 25% 50%,#232227 50% 75%,#2c302f 75%)\" decoding=\"async\" width=\"1920\" height=\"1080\" data-tf-src=\"https:\/\/www.bmhangszer.hu\/wp-content\/uploads\/2025\/12\/20251209_140612.jpg\" class=\"tf_svg_lazy wp-post-image wp-image-931\" title=\"20251209_140612\" alt=\"20251209_140612\" data-tf-srcset=\"https:\/\/www.bmhangszer.hu\/wp-content\/uploads\/2025\/12\/20251209_140612.jpg 1920w, https:\/\/www.bmhangszer.hu\/wp-content\/uploads\/2025\/12\/20251209_140612-300x169.jpg 300w, https:\/\/www.bmhangszer.hu\/wp-content\/uploads\/2025\/12\/20251209_140612-1024x576.jpg 1024w, https:\/\/www.bmhangszer.hu\/wp-content\/uploads\/2025\/12\/20251209_140612-768x432.jpg 768w, https:\/\/www.bmhangszer.hu\/wp-content\/uploads\/2025\/12\/20251209_140612-1536x864.jpg 1536w\" data-tf-sizes=\"(max-width: 1920px) 100vw, 1920px\" \/><noscript><img loading=\"lazy\" decoding=\"async\" width=\"1920\" height=\"1080\" data-tf-not-load src=\"https:\/\/www.bmhangszer.hu\/wp-content\/uploads\/2025\/12\/20251209_140612.jpg\" class=\"wp-post-image wp-image-931\" title=\"20251209_140612\" alt=\"20251209_140612\" srcset=\"https:\/\/www.bmhangszer.hu\/wp-content\/uploads\/2025\/12\/20251209_140612.jpg 1920w, https:\/\/www.bmhangszer.hu\/wp-content\/uploads\/2025\/12\/20251209_140612-300x169.jpg 300w, https:\/\/www.bmhangszer.hu\/wp-content\/uploads\/2025\/12\/20251209_140612-1024x576.jpg 1024w, https:\/\/www.bmhangszer.hu\/wp-content\/uploads\/2025\/12\/20251209_140612-768x432.jpg 768w, https:\/\/www.bmhangszer.hu\/wp-content\/uploads\/2025\/12\/20251209_140612-1536x864.jpg 1536w\" sizes=\"auto, (max-width: 1920px) 100vw, 1920px\" \/><\/noscript><\/a>                            <\/div>\n                                                    <\/div><\/div>\n                                    <div class=\"tf_swiper-slide\" style=\"display:none\">\n                        <div class=\"slide-inner-wrap\">\n                            <div class=\"tf_lazy slide-image gallery-icon\">\n                            <a href=\"https:\/\/www.bmhangszer.hu\/wp-content\/uploads\/2025\/12\/20251209_140625.jpg\" class=\"themify_lightbox\"><img src=\"data:image\/svg+xml,%3Csvg%20xmlns=%27http:\/\/www.w3.org\/2000\/svg%27%20width='1920'%20height='1080'%20viewBox=%270%200%201920%201080%27%3E%3C\/svg%3E\" loading=\"lazy\" data-lazy=\"1\" data-tf-not-load=\"1\" style=\"background:linear-gradient(to right,#373330 25%,#161616 25% 50%,#1e1e1e 50% 75%,#23241f 75%),linear-gradient(to right,#fffffd 25%,#575853 25% 50%,#4a4b46 50% 75%,#5e5f5a 75%),linear-gradient(to right,#403c39 25%,#171717 25% 50%,#201f24 50% 75%,#242424 75%),linear-gradient(to right,#151611 25%,#151918 25% 50%,#1d1c21 50% 75%,#191d20 75%)\" decoding=\"async\" width=\"1920\" height=\"1080\" data-tf-src=\"https:\/\/www.bmhangszer.hu\/wp-content\/uploads\/2025\/12\/20251209_140625.jpg\" class=\"tf_svg_lazy wp-post-image wp-image-929\" title=\"20251209_140625\" alt=\"20251209_140625\" data-tf-srcset=\"https:\/\/www.bmhangszer.hu\/wp-content\/uploads\/2025\/12\/20251209_140625.jpg 1920w, https:\/\/www.bmhangszer.hu\/wp-content\/uploads\/2025\/12\/20251209_140625-300x169.jpg 300w, https:\/\/www.bmhangszer.hu\/wp-content\/uploads\/2025\/12\/20251209_140625-1024x576.jpg 1024w, https:\/\/www.bmhangszer.hu\/wp-content\/uploads\/2025\/12\/20251209_140625-768x432.jpg 768w, https:\/\/www.bmhangszer.hu\/wp-content\/uploads\/2025\/12\/20251209_140625-1536x864.jpg 1536w\" data-tf-sizes=\"(max-width: 1920px) 100vw, 1920px\" \/><noscript><img loading=\"lazy\" decoding=\"async\" width=\"1920\" height=\"1080\" data-tf-not-load src=\"https:\/\/www.bmhangszer.hu\/wp-content\/uploads\/2025\/12\/20251209_140625.jpg\" class=\"wp-post-image wp-image-929\" title=\"20251209_140625\" alt=\"20251209_140625\" srcset=\"https:\/\/www.bmhangszer.hu\/wp-content\/uploads\/2025\/12\/20251209_140625.jpg 1920w, https:\/\/www.bmhangszer.hu\/wp-content\/uploads\/2025\/12\/20251209_140625-300x169.jpg 300w, https:\/\/www.bmhangszer.hu\/wp-content\/uploads\/2025\/12\/20251209_140625-1024x576.jpg 1024w, https:\/\/www.bmhangszer.hu\/wp-content\/uploads\/2025\/12\/20251209_140625-768x432.jpg 768w, https:\/\/www.bmhangszer.hu\/wp-content\/uploads\/2025\/12\/20251209_140625-1536x864.jpg 1536w\" sizes=\"auto, (max-width: 1920px) 100vw, 1920px\" \/><\/noscript><\/a>                            <\/div>\n                                                    <\/div><\/div>\n                            <\/div>\n        <\/div>\n                <\/div>\n    <\/div>\n<!-- \/module gallery -->        <\/div>\n                    <\/div>\n        <!-- module text -->\n<div  class=\"module module-text tb_7co7305   \" data-lazy=\"1\">\n        <div  class=\"tb_text_wrap\">\n        <p style=\"text-align: right;\"><a href=https:\/\/www.bmhangszer.hu\/index.php\/fafuvos-hangszerek\/\">\u2190 Vissza a faf\u00fav\u00f3s hangszerekhez<\/a><\/p>\n    <\/div>\n<\/div>\n<!-- \/module text -->        <\/div>\n                        <\/div>\n        <\/div>\n        <\/div>\n<!--\/themify_builder_content-->","protected":false},"excerpt":{"rendered":"<p>Jupiter JFL-509 Kanyarfejes fuvola Sz\u00e9p \u00e1llapot\u00fa haszn\u00e1lt fuvola Ez\u00fcst\u00f6z\u00f6tt test \u00e9s billenty\u0171k. P\u00e1rn\u00e1k j\u00f3 \u00e1llapotban, \u00e1tn\u00e9zve, be\u00e1ll\u00edtva.<\/p>\n","protected":false},"author":1,"featured_media":0,"parent":44,"menu_order":1,"comment_status":"closed","ping_status":"closed","template":"","meta":{"footnotes":""},"class_list":["post-925","page","type-page","status-publish","hentry","has-post-title","has-post-date","has-post-category","has-post-tag","has-post-comment","has-post-author",""],"yoast_head":"<!-- This site is optimized with the Yoast SEO plugin v27.1.1 - https:\/\/yoast.com\/product\/yoast-seo-wordpress\/ -->\n<title>Jupiter JFL-509 kanyarfejes fuvola - Balogh Mikl\u00f3s hangszer\u00e9sz<\/title>\n<meta name=\"robots\" content=\"index, follow, max-snippet:-1, max-image-preview:large, max-video-preview:-1\" \/>\n<link rel=\"canonical\" href=\"https:\/\/www.bmhangszer.hu\/index.php\/fafuvos-hangszerek\/jupiter-jfl509\/\" \/>\n<meta property=\"og:locale\" content=\"hu_HU\" \/>\n<meta property=\"og:type\" content=\"article\" \/>\n<meta property=\"og:title\" content=\"Pearl NC96ES fuvola\" \/>\n<meta property=\"og:description\" content=\"Nagyon sz\u00e9p \u00e1llapot\u00fa haszn\u00e1lt fuvola. Tiszt\u00edtva, be\u00e1ll\u00edtva.\" \/>\n<meta property=\"og:url\" content=\"https:\/\/www.bmhangszer.hu\/index.php\/fafuvos-hangszerek\/jupiter-jfl509\/\" \/>\n<meta property=\"og:site_name\" content=\"Balogh Mikl\u00f3s hangszer\u00e9sz\" \/>\n<meta property=\"article:modified_time\" content=\"2025-12-09T17:14:39+00:00\" \/>\n<meta property=\"og:image\" content=\"https:\/\/www.bmhangszer.hu\/wp-content\/uploads\/2025\/12\/pearl-nc96es-2.jpg\" \/>\n\t<meta property=\"og:image:width\" content=\"1920\" \/>\n\t<meta property=\"og:image:height\" content=\"939\" \/>\n\t<meta property=\"og:image:type\" content=\"image\/jpeg\" \/>\n<meta name=\"twitter:card\" content=\"summary_large_image\" \/>\n<meta name=\"twitter:label1\" content=\"Becs\u00fclt olvas\u00e1si id\u0151\" \/>\n\t<meta name=\"twitter:data1\" content=\"1 perc\" \/>\n<script type=\"application\/ld+json\" class=\"yoast-schema-graph\">{\"@context\":\"https:\/\/schema.org\",\"@graph\":[{\"@type\":\"WebPage\",\"@id\":\"https:\/\/www.bmhangszer.hu\/index.php\/fafuvos-hangszerek\/jupiter-jfl509\/\",\"url\":\"https:\/\/www.bmhangszer.hu\/index.php\/fafuvos-hangszerek\/jupiter-jfl509\/\",\"name\":\"Jupiter JFL-509 kanyarfejes fuvola - Balogh Mikl\u00f3s hangszer\u00e9sz\",\"isPartOf\":{\"@id\":\"https:\/\/www.bmhangszer.hu\/#website\"},\"datePublished\":\"2025-12-09T17:07:07+00:00\",\"dateModified\":\"2025-12-09T17:14:39+00:00\",\"breadcrumb\":{\"@id\":\"https:\/\/www.bmhangszer.hu\/index.php\/fafuvos-hangszerek\/jupiter-jfl509\/#breadcrumb\"},\"inLanguage\":\"hu\",\"potentialAction\":[{\"@type\":\"ReadAction\",\"target\":[\"https:\/\/www.bmhangszer.hu\/index.php\/fafuvos-hangszerek\/jupiter-jfl509\/\"]}]},{\"@type\":\"BreadcrumbList\",\"@id\":\"https:\/\/www.bmhangszer.hu\/index.php\/fafuvos-hangszerek\/jupiter-jfl509\/#breadcrumb\",\"itemListElement\":[{\"@type\":\"ListItem\",\"position\":1,\"name\":\"Kezd\u0151lap\",\"item\":\"https:\/\/www.bmhangszer.hu\/\"},{\"@type\":\"ListItem\",\"position\":2,\"name\":\"Faf\u00fav\u00f3s hangszerek\",\"item\":\"https:\/\/www.bmhangszer.hu\/index.php\/fafuvos-hangszerek\/\"},{\"@type\":\"ListItem\",\"position\":3,\"name\":\"Jupiter JFL-509 kanyarfejes fuvola\"}]},{\"@type\":\"WebSite\",\"@id\":\"https:\/\/www.bmhangszer.hu\/#website\",\"url\":\"https:\/\/www.bmhangszer.hu\/\",\"name\":\"Balogh Mikl\u00f3s hangszer\u00e9sz\",\"description\":\"Balogh Mikl\u00f3s hangszer\u00e9sz\",\"publisher\":{\"@id\":\"https:\/\/www.bmhangszer.hu\/#\/schema\/person\/b6adc261c30e686fa88c78fdb7a63d00\"},\"potentialAction\":[{\"@type\":\"SearchAction\",\"target\":{\"@type\":\"EntryPoint\",\"urlTemplate\":\"https:\/\/www.bmhangszer.hu\/?s={search_term_string}\"},\"query-input\":{\"@type\":\"PropertyValueSpecification\",\"valueRequired\":true,\"valueName\":\"search_term_string\"}}],\"inLanguage\":\"hu\"},{\"@type\":[\"Person\",\"Organization\"],\"@id\":\"https:\/\/www.bmhangszer.hu\/#\/schema\/person\/b6adc261c30e686fa88c78fdb7a63d00\",\"name\":\"bmhangszer\",\"image\":{\"@type\":\"ImageObject\",\"inLanguage\":\"hu\",\"@id\":\"https:\/\/www.bmhangszer.hu\/#\/schema\/person\/image\/\",\"url\":\"https:\/\/www.bmhangszer.hu\/wp-content\/uploads\/2024\/06\/BMhangszer-logo-szines-cimmel_sticky-header.png\",\"contentUrl\":\"https:\/\/www.bmhangszer.hu\/wp-content\/uploads\/2024\/06\/BMhangszer-logo-szines-cimmel_sticky-header.png\",\"width\":1024,\"height\":636,\"caption\":\"bmhangszer\"},\"logo\":{\"@id\":\"https:\/\/www.bmhangszer.hu\/#\/schema\/person\/image\/\"},\"sameAs\":[\"https:\/\/www.bmhangszer.hu\"]}]}<\/script>\n<!-- \/ Yoast SEO plugin. -->","yoast_head_json":{"title":"Jupiter JFL-509 kanyarfejes fuvola - Balogh Mikl\u00f3s hangszer\u00e9sz","robots":{"index":"index","follow":"follow","max-snippet":"max-snippet:-1","max-image-preview":"max-image-preview:large","max-video-preview":"max-video-preview:-1"},"canonical":"https:\/\/www.bmhangszer.hu\/index.php\/fafuvos-hangszerek\/jupiter-jfl509\/","og_locale":"hu_HU","og_type":"article","og_title":"Pearl NC96ES fuvola","og_description":"Nagyon sz\u00e9p \u00e1llapot\u00fa haszn\u00e1lt fuvola. Tiszt\u00edtva, be\u00e1ll\u00edtva.","og_url":"https:\/\/www.bmhangszer.hu\/index.php\/fafuvos-hangszerek\/jupiter-jfl509\/","og_site_name":"Balogh Mikl\u00f3s hangszer\u00e9sz","article_modified_time":"2025-12-09T17:14:39+00:00","og_image":[{"width":1920,"height":939,"url":"https:\/\/www.bmhangszer.hu\/wp-content\/uploads\/2025\/12\/pearl-nc96es-2.jpg","type":"image\/jpeg"}],"twitter_card":"summary_large_image","twitter_misc":{"Becs\u00fclt olvas\u00e1si id\u0151":"1 perc"},"schema":{"@context":"https:\/\/schema.org","@graph":[{"@type":"WebPage","@id":"https:\/\/www.bmhangszer.hu\/index.php\/fafuvos-hangszerek\/jupiter-jfl509\/","url":"https:\/\/www.bmhangszer.hu\/index.php\/fafuvos-hangszerek\/jupiter-jfl509\/","name":"Jupiter JFL-509 kanyarfejes fuvola - Balogh Mikl\u00f3s hangszer\u00e9sz","isPartOf":{"@id":"https:\/\/www.bmhangszer.hu\/#website"},"datePublished":"2025-12-09T17:07:07+00:00","dateModified":"2025-12-09T17:14:39+00:00","breadcrumb":{"@id":"https:\/\/www.bmhangszer.hu\/index.php\/fafuvos-hangszerek\/jupiter-jfl509\/#breadcrumb"},"inLanguage":"hu","potentialAction":[{"@type":"ReadAction","target":["https:\/\/www.bmhangszer.hu\/index.php\/fafuvos-hangszerek\/jupiter-jfl509\/"]}]},{"@type":"BreadcrumbList","@id":"https:\/\/www.bmhangszer.hu\/index.php\/fafuvos-hangszerek\/jupiter-jfl509\/#breadcrumb","itemListElement":[{"@type":"ListItem","position":1,"name":"Kezd\u0151lap","item":"https:\/\/www.bmhangszer.hu\/"},{"@type":"ListItem","position":2,"name":"Faf\u00fav\u00f3s hangszerek","item":"https:\/\/www.bmhangszer.hu\/index.php\/fafuvos-hangszerek\/"},{"@type":"ListItem","position":3,"name":"Jupiter JFL-509 kanyarfejes fuvola"}]},{"@type":"WebSite","@id":"https:\/\/www.bmhangszer.hu\/#website","url":"https:\/\/www.bmhangszer.hu\/","name":"Balogh Mikl\u00f3s hangszer\u00e9sz","description":"Balogh Mikl\u00f3s hangszer\u00e9sz","publisher":{"@id":"https:\/\/www.bmhangszer.hu\/#\/schema\/person\/b6adc261c30e686fa88c78fdb7a63d00"},"potentialAction":[{"@type":"SearchAction","target":{"@type":"EntryPoint","urlTemplate":"https:\/\/www.bmhangszer.hu\/?s={search_term_string}"},"query-input":{"@type":"PropertyValueSpecification","valueRequired":true,"valueName":"search_term_string"}}],"inLanguage":"hu"},{"@type":["Person","Organization"],"@id":"https:\/\/www.bmhangszer.hu\/#\/schema\/person\/b6adc261c30e686fa88c78fdb7a63d00","name":"bmhangszer","image":{"@type":"ImageObject","inLanguage":"hu","@id":"https:\/\/www.bmhangszer.hu\/#\/schema\/person\/image\/","url":"https:\/\/www.bmhangszer.hu\/wp-content\/uploads\/2024\/06\/BMhangszer-logo-szines-cimmel_sticky-header.png","contentUrl":"https:\/\/www.bmhangszer.hu\/wp-content\/uploads\/2024\/06\/BMhangszer-logo-szines-cimmel_sticky-header.png","width":1024,"height":636,"caption":"bmhangszer"},"logo":{"@id":"https:\/\/www.bmhangszer.hu\/#\/schema\/person\/image\/"},"sameAs":["https:\/\/www.bmhangszer.hu"]}]}},"builder_content":"<h1>Jupiter JFL-509 Kanyarfejes fuvola<\/h1> <p>Sz\u00e9p \u00e1llapot\u00fa haszn\u00e1lt fuvola<\/p> <p>Ez\u00fcst\u00f6z\u00f6tt test \u00e9s billenty\u0171k. P\u00e1rn\u00e1k j\u00f3 \u00e1llapotban, \u00e1tn\u00e9zve, be\u00e1ll\u00edtva.<\/p>\n<em style=\"background-color:#b59a79;color:#f8f3ec\" ><svg xmlns:xlink=\"http:\/\/www.w3.org\/1999\/xlink\" aria-hidden=\"true\"><use href=\"#tf-fas-coins\" xlink:href=\"#tf-fas-coins\"><\/use><\/svg><\/em> 110.000,-Ft\n[gallery ids=\"930,931,929\"]\n<p style=\"text-align: right;\"><a href=https:\/\/www.bmhangszer.hu\/index.php\/fafuvos-hangszerek\/\">\u2190 Vissza a faf\u00fav\u00f3s hangszerekhez<\/a><\/p>","_links":{"self":[{"href":"https:\/\/www.bmhangszer.hu\/index.php\/wp-json\/wp\/v2\/pages\/925","targetHints":{"allow":["GET"]}}],"collection":[{"href":"https:\/\/www.bmhangszer.hu\/index.php\/wp-json\/wp\/v2\/pages"}],"about":[{"href":"https:\/\/www.bmhangszer.hu\/index.php\/wp-json\/wp\/v2\/types\/page"}],"author":[{"embeddable":true,"href":"https:\/\/www.bmhangszer.hu\/index.php\/wp-json\/wp\/v2\/users\/1"}],"replies":[{"embeddable":true,"href":"https:\/\/www.bmhangszer.hu\/index.php\/wp-json\/wp\/v2\/comments?post=925"}],"version-history":[{"count":5,"href":"https:\/\/www.bmhangszer.hu\/index.php\/wp-json\/wp\/v2\/pages\/925\/revisions"}],"predecessor-version":[{"id":933,"href":"https:\/\/www.bmhangszer.hu\/index.php\/wp-json\/wp\/v2\/pages\/925\/revisions\/933"}],"up":[{"embeddable":true,"href":"https:\/\/www.bmhangszer.hu\/index.php\/wp-json\/wp\/v2\/pages\/44"}],"wp:attachment":[{"href":"https:\/\/www.bmhangszer.hu\/index.php\/wp-json\/wp\/v2\/media?parent=925"}],"curies":[{"name":"wp","href":"https:\/\/api.w.org\/{rel}","templated":true}]}}