{"id":865,"date":"2025-12-08T20:50:13","date_gmt":"2025-12-08T20:50:13","guid":{"rendered":"https:\/\/www.bmhangszer.hu\/index.php\/fafuvos-hangszerek\/buffet-tradition-b-klarinet-copy\/"},"modified":"2025-12-08T20:59:06","modified_gmt":"2025-12-08T20:59:06","slug":"buffet-e13-klarinet","status":"publish","type":"page","link":"https:\/\/www.bmhangszer.hu\/index.php\/fafuvos-hangszerek\/buffet-e13-klarinet\/","title":{"rendered":"Buffet E13 B-klarin\u00e9t"},"content":{"rendered":"<!--themify_builder_content-->\n<div id=\"themify_builder_content-865\" data-postid=\"865\" class=\"themify_builder_content themify_builder_content-865 themify_builder tf_clear\">\n                    <div  data-lazy=\"1\" class=\"module_row themify_builder_row tb_vx0h229 tb_first tf_w\">\n                        <div class=\"row_inner col_align_top tb_col_count_1 tf_box tf_rel\">\n                        <div  data-lazy=\"1\" class=\"module_column tb-column col-full tb_gtk6903 first\">\n                            <div  data-lazy=\"1\" class=\"module_subrow themify_builder_sub_row tf_w col_align_top tb_col_count_2 tb_pies980\">\n                <div  data-lazy=\"1\" class=\"module_column sub_column col4-2 tb_5lbp809 first\">\n                    <!-- module text -->\n<div  class=\"module module-text tb_ehee988   \" data-lazy=\"1\">\n        <div  class=\"tb_text_wrap\">\n        <h1>Buffet E13 B-klarin\u00e9t<\/h1>\n<p>Fa test ez\u00fcst\u00f6z\u00f6tt mechanika. \u00c1tn\u00e9zve, be\u00e1ll\u00edtva.<\/p>    <\/div>\n<\/div>\n<!-- \/module text --><!-- module icon -->\n<div  class=\"module module-icon tb_u97b009    icon_horizontal \" data-lazy=\"1\">\n\t\t\t<div class=\"module-icon-item\">\n\t\t\t\t\t\t\t\t\t\t\t\t\t\t\t\t<em class=\"tf_box\"\n\t\t\t\t\t\t\t\t\t\t\t\t style=\"background-color:#b59a79;color:#f8f3ec\"\t\t\t\t\t><svg  class=\"tf_fa tf-fas-coins\" xmlns:xlink=\"http:\/\/www.w3.org\/1999\/xlink\" aria-hidden=\"true\"><use href=\"#tf-fas-coins\" xlink:href=\"#tf-fas-coins\"><\/use><\/svg><\/em>\n\t\t\t\t\t\t\t\t\t\t\t\t\t\t\t\t\t\t\t<span>360.000,-Ft<\/span>\n\t\t\t\t\t\t\t\t\t\t\t\t\t\t\t<\/div>\n\t<\/div>\n<!-- \/module icon -->\n        <\/div>\n                    <div  data-lazy=\"1\" class=\"module_column sub_column col4-2 tb_3cl0008 last\">\n                    <!-- module gallery -->\n<div  class=\"module gallery module-gallery tb_4tg8994 layout-slider rounded \" data-lazy=\"1\">\n                <div class=\"themify_builder_slider_vertical tf_rel\">\n                <div class=\"tf_swiper-container tf_carousel themify_builder_slider tf_rel tf_overflow\"\n              data-lazy=\"1\"                data-pager=\"1\"\n                data-speed=\"1\"\n                data-slider_nav=\"1\"\n                data-wrapvar=\"1\"\n                data-height=\"variable\"\n                                    data-effect=\"scroll\"\n                                        data-css_url=\"https:\/\/www.bmhangszer.hu\/wp-content\/themes\/themify-ultra\/themify\/themify-builder\/css\/modules\/sliders\/carousel,https:\/\/www.bmhangszer.hu\/wp-content\/themes\/themify-ultra\/themify\/themify-builder\/css\/modules\/sliders\/gallery\"\n                                                                                 data-visible=\"1\" \n                data-tab-visible=\"\"\n                data-mob-visible=\"\"\n                data-scroll=\"1\"\n                                         >\n            <div class=\"tf_swiper-wrapper tf_lazy tf_rel tf_w tf_h tf_textc\">\n                                                    <div class=\"tf_swiper-slide\" style=\"\">\n                        <div class=\"slide-inner-wrap\">\n                            <div class=\"tf_lazy slide-image gallery-icon\">\n                            <a href=\"https:\/\/www.bmhangszer.hu\/wp-content\/uploads\/2025\/12\/buffet-e13-1.jpg\" class=\"themify_lightbox\"><img src=\"data:image\/svg+xml,%3Csvg%20xmlns=%27http:\/\/www.w3.org\/2000\/svg%27%20width='1920'%20height='1080'%20viewBox=%270%200%201920%201080%27%3E%3C\/svg%3E\" loading=\"lazy\" data-lazy=\"1\" data-tf-not-load=\"1\" style=\"background:linear-gradient(to right,#acaaab 25%,#535758 25% 50%,#272823 50% 75%,#3b3734 75%),linear-gradient(to right,#606060 25%,#ae7e56 25% 50%,#b4b3af 50% 75%,#3b3734 75%),linear-gradient(to right,#fcf3e4 25%,#1c1c1c 25% 50%,#2f2b28 50% 75%,#302826 75%),linear-gradient(to right,#3f403b 25%,#323232 25% 50%,#2b2b2b 50% 75%,#282421 75%)\" decoding=\"async\" width=\"1920\" height=\"1080\" data-tf-src=\"https:\/\/www.bmhangszer.hu\/wp-content\/uploads\/2025\/12\/buffet-e13-1.jpg\" class=\"tf_svg_lazy wp-post-image wp-image-873\" title=\"buffet-e13-1\" alt=\"buffet-e13-1\" data-tf-srcset=\"https:\/\/www.bmhangszer.hu\/wp-content\/uploads\/2025\/12\/buffet-e13-1.jpg 1920w, https:\/\/www.bmhangszer.hu\/wp-content\/uploads\/2025\/12\/buffet-e13-1-300x169.jpg 300w, https:\/\/www.bmhangszer.hu\/wp-content\/uploads\/2025\/12\/buffet-e13-1-1024x576.jpg 1024w, https:\/\/www.bmhangszer.hu\/wp-content\/uploads\/2025\/12\/buffet-e13-1-768x432.jpg 768w, https:\/\/www.bmhangszer.hu\/wp-content\/uploads\/2025\/12\/buffet-e13-1-1536x864.jpg 1536w\" data-tf-sizes=\"(max-width: 1920px) 100vw, 1920px\" \/><noscript><img loading=\"lazy\" decoding=\"async\" width=\"1920\" height=\"1080\" data-tf-not-load src=\"https:\/\/www.bmhangszer.hu\/wp-content\/uploads\/2025\/12\/buffet-e13-1.jpg\" class=\"wp-post-image wp-image-873\" title=\"buffet-e13-1\" alt=\"buffet-e13-1\" srcset=\"https:\/\/www.bmhangszer.hu\/wp-content\/uploads\/2025\/12\/buffet-e13-1.jpg 1920w, https:\/\/www.bmhangszer.hu\/wp-content\/uploads\/2025\/12\/buffet-e13-1-300x169.jpg 300w, https:\/\/www.bmhangszer.hu\/wp-content\/uploads\/2025\/12\/buffet-e13-1-1024x576.jpg 1024w, https:\/\/www.bmhangszer.hu\/wp-content\/uploads\/2025\/12\/buffet-e13-1-768x432.jpg 768w, https:\/\/www.bmhangszer.hu\/wp-content\/uploads\/2025\/12\/buffet-e13-1-1536x864.jpg 1536w\" sizes=\"auto, (max-width: 1920px) 100vw, 1920px\" \/><\/noscript><\/a>                            <\/div>\n                                                    <\/div><\/div>\n                                    <div class=\"tf_swiper-slide\" style=\"display:none\">\n                        <div class=\"slide-inner-wrap\">\n                            <div class=\"tf_lazy slide-image gallery-icon\">\n                            <a href=\"https:\/\/www.bmhangszer.hu\/wp-content\/uploads\/2025\/12\/buffet-e13-14.jpg\" class=\"themify_lightbox\"><img src=\"data:image\/svg+xml,%3Csvg%20xmlns=%27http:\/\/www.w3.org\/2000\/svg%27%20width='1920'%20height='1080'%20viewBox=%270%200%201920%201080%27%3E%3C\/svg%3E\" loading=\"lazy\" data-lazy=\"1\" data-tf-not-load=\"1\" style=\"background:linear-gradient(to right,#3a3e41 25%,#ede8e2 25% 50%,#868068 50% 75%,#35312e 75%),linear-gradient(to right,#b4b3b8 25%,#676b6e 25% 50%,#585954 50% 75%,#24251f 75%),linear-gradient(to right,#2e2d32 25%,#2d2d2d 25% 50%,#252523 50% 75%,#1b1c16 75%),linear-gradient(to right,#414141 25%,#21221d 25% 50%,#434343 50% 75%,#2d2e28 75%)\" decoding=\"async\" width=\"1920\" height=\"1080\" data-tf-src=\"https:\/\/www.bmhangszer.hu\/wp-content\/uploads\/2025\/12\/buffet-e13-14.jpg\" class=\"tf_svg_lazy wp-post-image wp-image-870\" title=\"buffet-e13-14\" alt=\"buffet-e13-14\" data-tf-srcset=\"https:\/\/www.bmhangszer.hu\/wp-content\/uploads\/2025\/12\/buffet-e13-14.jpg 1920w, https:\/\/www.bmhangszer.hu\/wp-content\/uploads\/2025\/12\/buffet-e13-14-300x169.jpg 300w, https:\/\/www.bmhangszer.hu\/wp-content\/uploads\/2025\/12\/buffet-e13-14-1024x576.jpg 1024w, https:\/\/www.bmhangszer.hu\/wp-content\/uploads\/2025\/12\/buffet-e13-14-768x432.jpg 768w, https:\/\/www.bmhangszer.hu\/wp-content\/uploads\/2025\/12\/buffet-e13-14-1536x864.jpg 1536w\" data-tf-sizes=\"(max-width: 1920px) 100vw, 1920px\" \/><noscript><img loading=\"lazy\" decoding=\"async\" width=\"1920\" height=\"1080\" data-tf-not-load src=\"https:\/\/www.bmhangszer.hu\/wp-content\/uploads\/2025\/12\/buffet-e13-14.jpg\" class=\"wp-post-image wp-image-870\" title=\"buffet-e13-14\" alt=\"buffet-e13-14\" srcset=\"https:\/\/www.bmhangszer.hu\/wp-content\/uploads\/2025\/12\/buffet-e13-14.jpg 1920w, https:\/\/www.bmhangszer.hu\/wp-content\/uploads\/2025\/12\/buffet-e13-14-300x169.jpg 300w, https:\/\/www.bmhangszer.hu\/wp-content\/uploads\/2025\/12\/buffet-e13-14-1024x576.jpg 1024w, https:\/\/www.bmhangszer.hu\/wp-content\/uploads\/2025\/12\/buffet-e13-14-768x432.jpg 768w, https:\/\/www.bmhangszer.hu\/wp-content\/uploads\/2025\/12\/buffet-e13-14-1536x864.jpg 1536w\" sizes=\"auto, (max-width: 1920px) 100vw, 1920px\" \/><\/noscript><\/a>                            <\/div>\n                                                    <\/div><\/div>\n                                    <div class=\"tf_swiper-slide\" style=\"display:none\">\n                        <div class=\"slide-inner-wrap\">\n                            <div class=\"tf_lazy slide-image gallery-icon\">\n                            <a href=\"https:\/\/www.bmhangszer.hu\/wp-content\/uploads\/2025\/12\/buffet-e13-3.jpg\" class=\"themify_lightbox\"><img src=\"data:image\/svg+xml,%3Csvg%20xmlns=%27http:\/\/www.w3.org\/2000\/svg%27%20width='1920'%20height='1080'%20viewBox=%270%200%201920%201080%27%3E%3C\/svg%3E\" loading=\"lazy\" data-lazy=\"1\" data-tf-not-load=\"1\" style=\"background:linear-gradient(to right,#daa67e 25%,#888e8c 25% 50%,#7b4722 50% 75%,#24251f 75%),linear-gradient(to right,#c6b6a6 25%,#3e3d38 25% 50%,#181816 50% 75%,#1a1613 75%),linear-gradient(to right,#353535 25%,#272727 25% 50%,#1a1a1a 50% 75%,#30312c 75%),linear-gradient(to right,#262626 25%,#b8b29a 25% 50%,#1a1a18 50% 75%,#2e2e2e 75%)\" decoding=\"async\" width=\"1920\" height=\"1080\" data-tf-src=\"https:\/\/www.bmhangszer.hu\/wp-content\/uploads\/2025\/12\/buffet-e13-3.jpg\" class=\"tf_svg_lazy wp-post-image wp-image-871\" title=\"buffet-e13-3\" alt=\"buffet-e13-3\" data-tf-srcset=\"https:\/\/www.bmhangszer.hu\/wp-content\/uploads\/2025\/12\/buffet-e13-3.jpg 1920w, https:\/\/www.bmhangszer.hu\/wp-content\/uploads\/2025\/12\/buffet-e13-3-300x169.jpg 300w, https:\/\/www.bmhangszer.hu\/wp-content\/uploads\/2025\/12\/buffet-e13-3-1024x576.jpg 1024w, https:\/\/www.bmhangszer.hu\/wp-content\/uploads\/2025\/12\/buffet-e13-3-768x432.jpg 768w, https:\/\/www.bmhangszer.hu\/wp-content\/uploads\/2025\/12\/buffet-e13-3-1536x864.jpg 1536w\" data-tf-sizes=\"(max-width: 1920px) 100vw, 1920px\" \/><noscript><img loading=\"lazy\" decoding=\"async\" width=\"1920\" height=\"1080\" data-tf-not-load src=\"https:\/\/www.bmhangszer.hu\/wp-content\/uploads\/2025\/12\/buffet-e13-3.jpg\" class=\"wp-post-image wp-image-871\" title=\"buffet-e13-3\" alt=\"buffet-e13-3\" srcset=\"https:\/\/www.bmhangszer.hu\/wp-content\/uploads\/2025\/12\/buffet-e13-3.jpg 1920w, https:\/\/www.bmhangszer.hu\/wp-content\/uploads\/2025\/12\/buffet-e13-3-300x169.jpg 300w, https:\/\/www.bmhangszer.hu\/wp-content\/uploads\/2025\/12\/buffet-e13-3-1024x576.jpg 1024w, https:\/\/www.bmhangszer.hu\/wp-content\/uploads\/2025\/12\/buffet-e13-3-768x432.jpg 768w, https:\/\/www.bmhangszer.hu\/wp-content\/uploads\/2025\/12\/buffet-e13-3-1536x864.jpg 1536w\" sizes=\"auto, (max-width: 1920px) 100vw, 1920px\" \/><\/noscript><\/a>                            <\/div>\n                                                    <\/div><\/div>\n                                    <div class=\"tf_swiper-slide\" style=\"display:none\">\n                        <div class=\"slide-inner-wrap\">\n                            <div class=\"tf_lazy slide-image gallery-icon\">\n                            <a href=\"https:\/\/www.bmhangszer.hu\/wp-content\/uploads\/2025\/12\/buffet-e13-2.jpg\" class=\"themify_lightbox\"><img src=\"data:image\/svg+xml,%3Csvg%20xmlns=%27http:\/\/www.w3.org\/2000\/svg%27%20width='1920'%20height='1080'%20viewBox=%270%200%201920%201080%27%3E%3C\/svg%3E\" loading=\"lazy\" data-lazy=\"1\" data-tf-not-load=\"1\" style=\"background:linear-gradient(to right,#32373a 25%,#697277 25% 50%,#303030 50% 75%,#272320 75%),linear-gradient(to right,#9c958b 25%,#23241f 25% 50%,#9f8f76 50% 75%,#1e1a17 75%),linear-gradient(to right,#313330 25%,#2e2e2e 25% 50%,#282828 50% 75%,#292927 75%),linear-gradient(to right,#595552 25%,#cdc3b7 25% 50%,#999a9c 50% 75%,#dfdfdf 75%)\" decoding=\"async\" width=\"1920\" height=\"1080\" data-tf-src=\"https:\/\/www.bmhangszer.hu\/wp-content\/uploads\/2025\/12\/buffet-e13-2.jpg\" class=\"tf_svg_lazy wp-post-image wp-image-872\" title=\"buffet-e13-2\" alt=\"buffet-e13-2\" data-tf-srcset=\"https:\/\/www.bmhangszer.hu\/wp-content\/uploads\/2025\/12\/buffet-e13-2.jpg 1920w, https:\/\/www.bmhangszer.hu\/wp-content\/uploads\/2025\/12\/buffet-e13-2-300x169.jpg 300w, https:\/\/www.bmhangszer.hu\/wp-content\/uploads\/2025\/12\/buffet-e13-2-1024x576.jpg 1024w, https:\/\/www.bmhangszer.hu\/wp-content\/uploads\/2025\/12\/buffet-e13-2-768x432.jpg 768w, https:\/\/www.bmhangszer.hu\/wp-content\/uploads\/2025\/12\/buffet-e13-2-1536x864.jpg 1536w\" data-tf-sizes=\"(max-width: 1920px) 100vw, 1920px\" \/><noscript><img loading=\"lazy\" decoding=\"async\" width=\"1920\" height=\"1080\" data-tf-not-load src=\"https:\/\/www.bmhangszer.hu\/wp-content\/uploads\/2025\/12\/buffet-e13-2.jpg\" class=\"wp-post-image wp-image-872\" title=\"buffet-e13-2\" alt=\"buffet-e13-2\" srcset=\"https:\/\/www.bmhangszer.hu\/wp-content\/uploads\/2025\/12\/buffet-e13-2.jpg 1920w, https:\/\/www.bmhangszer.hu\/wp-content\/uploads\/2025\/12\/buffet-e13-2-300x169.jpg 300w, https:\/\/www.bmhangszer.hu\/wp-content\/uploads\/2025\/12\/buffet-e13-2-1024x576.jpg 1024w, https:\/\/www.bmhangszer.hu\/wp-content\/uploads\/2025\/12\/buffet-e13-2-768x432.jpg 768w, https:\/\/www.bmhangszer.hu\/wp-content\/uploads\/2025\/12\/buffet-e13-2-1536x864.jpg 1536w\" sizes=\"auto, (max-width: 1920px) 100vw, 1920px\" \/><\/noscript><\/a>                            <\/div>\n                                                    <\/div><\/div>\n                            <\/div>\n        <\/div>\n                <\/div>\n    <\/div>\n<!-- \/module gallery -->        <\/div>\n                    <\/div>\n        <!-- module text -->\n<div  class=\"module module-text tb_kshe804   \" data-lazy=\"1\">\n        <div  class=\"tb_text_wrap\">\n        <p style=\"text-align: right;\"><a href=\"https:\/\/www.bmhangszer.hu\/index.php\/fafuvos-hangszerek\/\">\u2190 Vissza a faf\u00fav\u00f3s hangszerekhez<\/a><\/p>\n    <\/div>\n<\/div>\n<!-- \/module text -->        <\/div>\n                        <\/div>\n        <\/div>\n        <\/div>\n<!--\/themify_builder_content-->","protected":false},"excerpt":{"rendered":"<p>Buffet E13 B-klarin\u00e9t Fa test ez\u00fcst\u00f6z\u00f6tt mechanika. \u00c1tn\u00e9zve, be\u00e1ll\u00edtva.<\/p>\n","protected":false},"author":1,"featured_media":0,"parent":44,"menu_order":1,"comment_status":"closed","ping_status":"closed","template":"","meta":{"footnotes":""},"class_list":["post-865","page","type-page","status-publish","hentry","has-post-title","has-post-date","has-post-category","has-post-tag","has-post-comment","has-post-author",""],"yoast_head":"<!-- This site is optimized with the Yoast SEO plugin v27.1.1 - https:\/\/yoast.com\/product\/yoast-seo-wordpress\/ -->\n<title>Buffet E13 B-klarin\u00e9t - Balogh Mikl\u00f3s hangszer\u00e9sz<\/title>\n<meta name=\"robots\" content=\"index, follow, max-snippet:-1, max-image-preview:large, max-video-preview:-1\" \/>\n<link rel=\"canonical\" href=\"https:\/\/www.bmhangszer.hu\/index.php\/fafuvos-hangszerek\/buffet-e13-klarinet\/\" \/>\n<meta property=\"og:locale\" content=\"hu_HU\" \/>\n<meta property=\"og:type\" content=\"article\" \/>\n<meta property=\"og:title\" content=\"Buffet Tradition B-klarin\u00e9t\" \/>\n<meta property=\"og:description\" content=\"Fa test ez\u00fcst\u00f6z\u00f6tt mechanika.\" \/>\n<meta property=\"og:url\" content=\"https:\/\/www.bmhangszer.hu\/index.php\/fafuvos-hangszerek\/buffet-e13-klarinet\/\" \/>\n<meta property=\"og:site_name\" content=\"Balogh Mikl\u00f3s hangszer\u00e9sz\" \/>\n<meta property=\"article:modified_time\" content=\"2025-12-08T20:59:06+00:00\" \/>\n<meta property=\"og:image\" content=\"https:\/\/www.bmhangszer.hu\/wp-content\/uploads\/2025\/05\/20250523_121622.jpg\" \/>\n\t<meta property=\"og:image:width\" content=\"1200\" \/>\n\t<meta property=\"og:image:height\" content=\"1085\" \/>\n\t<meta property=\"og:image:type\" content=\"image\/jpeg\" \/>\n<meta name=\"twitter:card\" content=\"summary_large_image\" \/>\n<meta name=\"twitter:label1\" content=\"Becs\u00fclt olvas\u00e1si id\u0151\" \/>\n\t<meta name=\"twitter:data1\" content=\"1 perc\" \/>\n<script type=\"application\/ld+json\" class=\"yoast-schema-graph\">{\"@context\":\"https:\/\/schema.org\",\"@graph\":[{\"@type\":\"WebPage\",\"@id\":\"https:\/\/www.bmhangszer.hu\/index.php\/fafuvos-hangszerek\/buffet-e13-klarinet\/\",\"url\":\"https:\/\/www.bmhangszer.hu\/index.php\/fafuvos-hangszerek\/buffet-e13-klarinet\/\",\"name\":\"Buffet E13 B-klarin\u00e9t - Balogh Mikl\u00f3s hangszer\u00e9sz\",\"isPartOf\":{\"@id\":\"https:\/\/www.bmhangszer.hu\/#website\"},\"datePublished\":\"2025-12-08T20:50:13+00:00\",\"dateModified\":\"2025-12-08T20:59:06+00:00\",\"breadcrumb\":{\"@id\":\"https:\/\/www.bmhangszer.hu\/index.php\/fafuvos-hangszerek\/buffet-e13-klarinet\/#breadcrumb\"},\"inLanguage\":\"hu\",\"potentialAction\":[{\"@type\":\"ReadAction\",\"target\":[\"https:\/\/www.bmhangszer.hu\/index.php\/fafuvos-hangszerek\/buffet-e13-klarinet\/\"]}]},{\"@type\":\"BreadcrumbList\",\"@id\":\"https:\/\/www.bmhangszer.hu\/index.php\/fafuvos-hangszerek\/buffet-e13-klarinet\/#breadcrumb\",\"itemListElement\":[{\"@type\":\"ListItem\",\"position\":1,\"name\":\"Kezd\u0151lap\",\"item\":\"https:\/\/www.bmhangszer.hu\/\"},{\"@type\":\"ListItem\",\"position\":2,\"name\":\"Faf\u00fav\u00f3s hangszerek\",\"item\":\"https:\/\/www.bmhangszer.hu\/index.php\/fafuvos-hangszerek\/\"},{\"@type\":\"ListItem\",\"position\":3,\"name\":\"Buffet E13 B-klarin\u00e9t\"}]},{\"@type\":\"WebSite\",\"@id\":\"https:\/\/www.bmhangszer.hu\/#website\",\"url\":\"https:\/\/www.bmhangszer.hu\/\",\"name\":\"Balogh Mikl\u00f3s hangszer\u00e9sz\",\"description\":\"Balogh Mikl\u00f3s hangszer\u00e9sz\",\"publisher\":{\"@id\":\"https:\/\/www.bmhangszer.hu\/#\/schema\/person\/b6adc261c30e686fa88c78fdb7a63d00\"},\"potentialAction\":[{\"@type\":\"SearchAction\",\"target\":{\"@type\":\"EntryPoint\",\"urlTemplate\":\"https:\/\/www.bmhangszer.hu\/?s={search_term_string}\"},\"query-input\":{\"@type\":\"PropertyValueSpecification\",\"valueRequired\":true,\"valueName\":\"search_term_string\"}}],\"inLanguage\":\"hu\"},{\"@type\":[\"Person\",\"Organization\"],\"@id\":\"https:\/\/www.bmhangszer.hu\/#\/schema\/person\/b6adc261c30e686fa88c78fdb7a63d00\",\"name\":\"bmhangszer\",\"image\":{\"@type\":\"ImageObject\",\"inLanguage\":\"hu\",\"@id\":\"https:\/\/www.bmhangszer.hu\/#\/schema\/person\/image\/\",\"url\":\"https:\/\/www.bmhangszer.hu\/wp-content\/uploads\/2024\/06\/BMhangszer-logo-szines-cimmel_sticky-header.png\",\"contentUrl\":\"https:\/\/www.bmhangszer.hu\/wp-content\/uploads\/2024\/06\/BMhangszer-logo-szines-cimmel_sticky-header.png\",\"width\":1024,\"height\":636,\"caption\":\"bmhangszer\"},\"logo\":{\"@id\":\"https:\/\/www.bmhangszer.hu\/#\/schema\/person\/image\/\"},\"sameAs\":[\"https:\/\/www.bmhangszer.hu\"]}]}<\/script>\n<!-- \/ Yoast SEO plugin. -->","yoast_head_json":{"title":"Buffet E13 B-klarin\u00e9t - Balogh Mikl\u00f3s hangszer\u00e9sz","robots":{"index":"index","follow":"follow","max-snippet":"max-snippet:-1","max-image-preview":"max-image-preview:large","max-video-preview":"max-video-preview:-1"},"canonical":"https:\/\/www.bmhangszer.hu\/index.php\/fafuvos-hangszerek\/buffet-e13-klarinet\/","og_locale":"hu_HU","og_type":"article","og_title":"Buffet Tradition B-klarin\u00e9t","og_description":"Fa test ez\u00fcst\u00f6z\u00f6tt mechanika.","og_url":"https:\/\/www.bmhangszer.hu\/index.php\/fafuvos-hangszerek\/buffet-e13-klarinet\/","og_site_name":"Balogh Mikl\u00f3s hangszer\u00e9sz","article_modified_time":"2025-12-08T20:59:06+00:00","og_image":[{"width":1200,"height":1085,"url":"https:\/\/www.bmhangszer.hu\/wp-content\/uploads\/2025\/05\/20250523_121622.jpg","type":"image\/jpeg"}],"twitter_card":"summary_large_image","twitter_misc":{"Becs\u00fclt olvas\u00e1si id\u0151":"1 perc"},"schema":{"@context":"https:\/\/schema.org","@graph":[{"@type":"WebPage","@id":"https:\/\/www.bmhangszer.hu\/index.php\/fafuvos-hangszerek\/buffet-e13-klarinet\/","url":"https:\/\/www.bmhangszer.hu\/index.php\/fafuvos-hangszerek\/buffet-e13-klarinet\/","name":"Buffet E13 B-klarin\u00e9t - Balogh Mikl\u00f3s hangszer\u00e9sz","isPartOf":{"@id":"https:\/\/www.bmhangszer.hu\/#website"},"datePublished":"2025-12-08T20:50:13+00:00","dateModified":"2025-12-08T20:59:06+00:00","breadcrumb":{"@id":"https:\/\/www.bmhangszer.hu\/index.php\/fafuvos-hangszerek\/buffet-e13-klarinet\/#breadcrumb"},"inLanguage":"hu","potentialAction":[{"@type":"ReadAction","target":["https:\/\/www.bmhangszer.hu\/index.php\/fafuvos-hangszerek\/buffet-e13-klarinet\/"]}]},{"@type":"BreadcrumbList","@id":"https:\/\/www.bmhangszer.hu\/index.php\/fafuvos-hangszerek\/buffet-e13-klarinet\/#breadcrumb","itemListElement":[{"@type":"ListItem","position":1,"name":"Kezd\u0151lap","item":"https:\/\/www.bmhangszer.hu\/"},{"@type":"ListItem","position":2,"name":"Faf\u00fav\u00f3s hangszerek","item":"https:\/\/www.bmhangszer.hu\/index.php\/fafuvos-hangszerek\/"},{"@type":"ListItem","position":3,"name":"Buffet E13 B-klarin\u00e9t"}]},{"@type":"WebSite","@id":"https:\/\/www.bmhangszer.hu\/#website","url":"https:\/\/www.bmhangszer.hu\/","name":"Balogh Mikl\u00f3s hangszer\u00e9sz","description":"Balogh Mikl\u00f3s hangszer\u00e9sz","publisher":{"@id":"https:\/\/www.bmhangszer.hu\/#\/schema\/person\/b6adc261c30e686fa88c78fdb7a63d00"},"potentialAction":[{"@type":"SearchAction","target":{"@type":"EntryPoint","urlTemplate":"https:\/\/www.bmhangszer.hu\/?s={search_term_string}"},"query-input":{"@type":"PropertyValueSpecification","valueRequired":true,"valueName":"search_term_string"}}],"inLanguage":"hu"},{"@type":["Person","Organization"],"@id":"https:\/\/www.bmhangszer.hu\/#\/schema\/person\/b6adc261c30e686fa88c78fdb7a63d00","name":"bmhangszer","image":{"@type":"ImageObject","inLanguage":"hu","@id":"https:\/\/www.bmhangszer.hu\/#\/schema\/person\/image\/","url":"https:\/\/www.bmhangszer.hu\/wp-content\/uploads\/2024\/06\/BMhangszer-logo-szines-cimmel_sticky-header.png","contentUrl":"https:\/\/www.bmhangszer.hu\/wp-content\/uploads\/2024\/06\/BMhangszer-logo-szines-cimmel_sticky-header.png","width":1024,"height":636,"caption":"bmhangszer"},"logo":{"@id":"https:\/\/www.bmhangszer.hu\/#\/schema\/person\/image\/"},"sameAs":["https:\/\/www.bmhangszer.hu"]}]}},"builder_content":"<h1>Buffet E13 B-klarin\u00e9t<\/h1> <p>Fa test ez\u00fcst\u00f6z\u00f6tt mechanika. \u00c1tn\u00e9zve, be\u00e1ll\u00edtva.<\/p>\n<em style=\"background-color:#b59a79;color:#f8f3ec\" ><svg xmlns:xlink=\"http:\/\/www.w3.org\/1999\/xlink\" aria-hidden=\"true\"><use href=\"#tf-fas-coins\" xlink:href=\"#tf-fas-coins\"><\/use><\/svg><\/em> 360.000,-Ft\n[gallery ids=\"873,870,871,872\"]\n<p style=\"text-align: right;\"><a href=\"https:\/\/www.bmhangszer.hu\/index.php\/fafuvos-hangszerek\/\">\u2190 Vissza a faf\u00fav\u00f3s hangszerekhez<\/a><\/p>","_links":{"self":[{"href":"https:\/\/www.bmhangszer.hu\/index.php\/wp-json\/wp\/v2\/pages\/865","targetHints":{"allow":["GET"]}}],"collection":[{"href":"https:\/\/www.bmhangszer.hu\/index.php\/wp-json\/wp\/v2\/pages"}],"about":[{"href":"https:\/\/www.bmhangszer.hu\/index.php\/wp-json\/wp\/v2\/types\/page"}],"author":[{"embeddable":true,"href":"https:\/\/www.bmhangszer.hu\/index.php\/wp-json\/wp\/v2\/users\/1"}],"replies":[{"embeddable":true,"href":"https:\/\/www.bmhangszer.hu\/index.php\/wp-json\/wp\/v2\/comments?post=865"}],"version-history":[{"count":8,"href":"https:\/\/www.bmhangszer.hu\/index.php\/wp-json\/wp\/v2\/pages\/865\/revisions"}],"predecessor-version":[{"id":881,"href":"https:\/\/www.bmhangszer.hu\/index.php\/wp-json\/wp\/v2\/pages\/865\/revisions\/881"}],"up":[{"embeddable":true,"href":"https:\/\/www.bmhangszer.hu\/index.php\/wp-json\/wp\/v2\/pages\/44"}],"wp:attachment":[{"href":"https:\/\/www.bmhangszer.hu\/index.php\/wp-json\/wp\/v2\/media?parent=865"}],"curies":[{"name":"wp","href":"https:\/\/api.w.org\/{rel}","templated":true}]}}