{"id":8,"date":"2021-03-19T03:38:53","date_gmt":"2021-03-19T03:38:53","guid":{"rendered":"https:\/\/themify.me\/demo\/themes\/ultra-gadgets\/?page_id=128"},"modified":"2025-02-04T11:52:19","modified_gmt":"2025-02-04T11:52:19","slug":"rolam","status":"publish","type":"page","link":"https:\/\/www.bmhangszer.hu\/index.php\/rolam\/","title":{"rendered":"R\u00f3lam"},"content":{"rendered":"<!--themify_builder_content-->\n<div id=\"themify_builder_content-8\" data-postid=\"8\" class=\"themify_builder_content themify_builder_content-8 themify_builder tf_clear\">\n                    <div  data-lazy=\"1\" class=\"module_row themify_builder_row tb_ccuc35 tb_first tf_w hide-tablet hide-mobile\">\n                        <div class=\"row_inner col_align_top tb_col_count_1 tf_box tf_rel\">\n                        <div  data-lazy=\"1\" class=\"module_column tb-column col-full tb_q8v035 first\">\n                            <div  data-lazy=\"1\" class=\"module_subrow themify_builder_sub_row tf_w col_align_middle gutter-none tb_col_count_2 tb_rvjo35\">\n                <div  data-lazy=\"1\" class=\"module_column sub_column col4-2 tb_z9m035 first\">\n                    <!-- module text -->\n<div  class=\"module module-text tb_izx735   \" data-lazy=\"1\">\n        <div  class=\"tb_text_wrap\">\n        <p><small><strong>R\u00d3LAM<\/strong><\/small><\/p>\n<p>Balogh Mikl\u00f3snak h\u00edvnak, m\u00e1r nagyj\u00e1b\u00f3l 25 \u00e9ve a r\u00e9zf\u00fav\u00f3s hangszerek jav\u00edt\u00e1s\u00e1val foglalkozom. A szakm\u00e1t Andrik Istv\u00e1n m\u0171hely\u00e9ben saj\u00e1t\u00edtottam el, akivel az\u00f3ta is nagyon j\u00f3 kapcsolatban vagyok. 2006-ban mester vizsg\u00e1t tettem, valamint a k\u00e9s\u0151bbiekben siker\u00fclt k\u00fclf\u00f6ld\u00f6n -Sv\u00e1jcban \u00e9s Sv\u00e9dorsz\u00e1gban- is gyarap\u00edtanom a szakmai tud\u00e1somat. Imm\u00e1ron t\u00f6bb mint t\u00edz \u00e9ve tan\u00edtok a Hangszer\u00e9szk\u00e9pz\u0151 Iskol\u00e1ban amely jelenleg a budapesti Bart\u00f3k Konzervat\u00f3rium sz\u00e1rnyai alatt m\u0171k\u00f6dik. Szerencs\u00e9snek mondhatom magam, hiszen nemcsak jav\u00edt\u00e1sokkal hanem hangszer \u00e9p\u00edt\u00e9ssel is foglalkozhattam. Siker\u00fclt trombit\u00e1t, tenor \u00e9s baritonk\u00fcrt\u00f6t, valamint F-tub\u00e1t is el\u0151\u00e1ll\u00edtanom.<br>Nagyon j\u00f3 \u00e9rz\u00e9s amikor egy-egy \u00e1ltalam \u00e9p\u00edtett hangszer \u00e9rkezik vissza hozz\u00e1m karbantart\u00e1sra \u00e9s l\u00e1tom milyen megel\u00e9ged\u00e9ssel haszn\u00e1lja a muzsikus. Mivel kor\u00e1bban magam is akt\u00edv zen\u00e9sz voltam, tudom mennyire fontos, hogy az \u00e1ltalam haszn\u00e1lt hangszer megb\u00edzhat\u00f3an \u00e9s j\u00f3l m\u0171k\u00f6dj\u00f6n. Ez\u00e9rt minden hangszert amelyik hozz\u00e1m ker\u00fcl igyekszem az \u00e1llapot\u00e1hoz k\u00e9pest legjobb szintre hozni, hogy m\u00e9lt\u00f3 t\u00e1rsa legyen a tulajdonos\u00e1nak.<\/p>    <\/div>\n<\/div>\n<!-- \/module text -->        <\/div>\n                    <div  data-lazy=\"1\" class=\"module_column sub_column col4-2 tb_dmn635 last\">\n                    <!-- module image -->\n<div  class=\"module module-image tb_6ubz35 image-right rounded  tf_mw\" data-lazy=\"1\">\n        <div class=\"image-wrap tf_rel tf_mw\">\n            <img decoding=\"async\" src=\"https:\/\/www.bmhangszer.hu\/wp-content\/uploads\/2025\/02\/Balogh-Miklos-562x725.jpg\" height=\"725\" class=\"wp-post-image wp-image-399\" title=\"Balogh-Miklos\" alt=\"Balogh-Miklos\" srcset=\"https:\/\/www.bmhangszer.hu\/wp-content\/uploads\/2025\/02\/Balogh-Miklos.jpg 562w, https:\/\/www.bmhangszer.hu\/wp-content\/uploads\/2025\/02\/Balogh-Miklos-233x300.jpg 233w\" sizes=\"(max-width: 562px) 100vw, 562px\" \/>    \n        <\/div>\n    <!-- \/image-wrap -->\n    \n        <\/div>\n<!-- \/module image -->        <\/div>\n                    <\/div>\n                <\/div>\n                        <\/div>\n        <\/div>\n                        <div  data-lazy=\"1\" class=\"module_row themify_builder_row tb_1ema591 tf_w hide-desktop hide-tablet_landscape\">\n                        <div class=\"row_inner col_align_top tb_col_count_1 tf_box tf_rel\">\n                        <div  data-lazy=\"1\" class=\"module_column tb-column col-full tb_b172591 first\">\n                            <div  data-lazy=\"1\" class=\"module_subrow themify_builder_sub_row tf_w col_align_top tb_col_count_1 tb_raqn529\">\n                <div  data-lazy=\"1\" class=\"module_column sub_column col-full tb_fmj6529 first\">\n                    <!-- module text -->\n<div  class=\"module module-text tb_bpa790   \" data-lazy=\"1\">\n        <div  class=\"tb_text_wrap\">\n        <p><small><strong>R\u00d3LAM<\/strong><\/small><\/p>\n<p>Balogh Mikl\u00f3snak h\u00edvnak, m\u00e1r nagyj\u00e1b\u00f3l 25 \u00e9ve a r\u00e9zf\u00fav\u00f3s hangszerek jav\u00edt\u00e1s\u00e1val foglalkozom. A szakm\u00e1t Andrik Istv\u00e1n m\u0171hely\u00e9ben saj\u00e1t\u00edtottam el, akivel az\u00f3ta is nagyon j\u00f3 kapcsolatban vagyok. 2006-ban mester vizsg\u00e1t tettem, valamint a k\u00e9s\u0151bbiekben siker\u00fclt k\u00fclf\u00f6ld\u00f6n -Sv\u00e1jcban \u00e9s Sv\u00e9dorsz\u00e1gban- is gyarap\u00edtanom a szakmai tud\u00e1somat. Imm\u00e1ron t\u00f6bb mint t\u00edz \u00e9ve tan\u00edtok a Hangszer\u00e9szk\u00e9pz\u0151 Iskol\u00e1ban amely jelenleg a budapesti Bart\u00f3k Konzervat\u00f3rium sz\u00e1rnyai alatt m\u0171k\u00f6dik. Szerencs\u00e9snek mondhatom magam, hiszen nemcsak jav\u00edt\u00e1sokkal hanem hangszer \u00e9p\u00edt\u00e9ssel is foglalkozhattam. Siker\u00fclt trombit\u00e1t, tenor \u00e9s baritonk\u00fcrt\u00f6t, valamint F-tub\u00e1t is el\u0151\u00e1ll\u00edtanom.<br>Nagyon j\u00f3 \u00e9rz\u00e9s amikor egy-egy \u00e1ltalam \u00e9p\u00edtett hangszer \u00e9rkezik vissza hozz\u00e1m karbantart\u00e1sra \u00e9s l\u00e1tom milyen megel\u00e9ged\u00e9ssel haszn\u00e1lja a muzsikus. Mivel kor\u00e1bban magam is akt\u00edv zen\u00e9sz voltam, tudom mennyire fontos, hogy az \u00e1ltalam haszn\u00e1lt hangszer megb\u00edzhat\u00f3an \u00e9s j\u00f3l m\u0171k\u00f6dj\u00f6n. Ez\u00e9rt minden hangszert amelyik hozz\u00e1m ker\u00fcl igyekszem az \u00e1llapot\u00e1hoz k\u00e9pest legjobb szintre hozni, hogy m\u00e9lt\u00f3 t\u00e1rsa legyen a tulajdonos\u00e1nak.<\/p>    <\/div>\n<\/div>\n<!-- \/module text -->        <\/div>\n                    <\/div>\n                <div  data-lazy=\"1\" class=\"module_subrow themify_builder_sub_row tf_w col_align_top tb_col_count_1 tb_253098\">\n                <div  data-lazy=\"1\" class=\"module_column sub_column col-full tb_5rdg98 first\">\n                    <!-- module image -->\n<div  class=\"module module-image tb_w4cj406 image-top rounded  auto_fullwidth tf_mw\" data-lazy=\"1\">\n        <div class=\"image-wrap tf_rel tf_mw\">\n            <img loading=\"lazy\" decoding=\"async\" width=\"1200\" height=\"966\" src=\"https:\/\/www.bmhangszer.hu\/wp-content\/uploads\/2025\/02\/Balogh-Miklos-2.jpg\" class=\"wp-post-image wp-image-403\" title=\"Balogh-Miklos-2\" alt=\"Balogh-Miklos-2\" srcset=\"https:\/\/www.bmhangszer.hu\/wp-content\/uploads\/2025\/02\/Balogh-Miklos-2.jpg 1200w, https:\/\/www.bmhangszer.hu\/wp-content\/uploads\/2025\/02\/Balogh-Miklos-2-300x242.jpg 300w, https:\/\/www.bmhangszer.hu\/wp-content\/uploads\/2025\/02\/Balogh-Miklos-2-1024x824.jpg 1024w, https:\/\/www.bmhangszer.hu\/wp-content\/uploads\/2025\/02\/Balogh-Miklos-2-768x618.jpg 768w, https:\/\/www.bmhangszer.hu\/wp-content\/uploads\/2025\/02\/Balogh-Miklos-2-1024x824-700x563.jpg 700w\" sizes=\"auto, (max-width: 1200px) 100vw, 1200px\" \/>    \n        <\/div>\n    <!-- \/image-wrap -->\n    \n        <\/div>\n<!-- \/module image -->        <\/div>\n                    <\/div>\n                <\/div>\n                        <\/div>\n        <\/div>\n        <\/div>\n<!--\/themify_builder_content-->","protected":false},"excerpt":{"rendered":"<p>R\u00d3LAM Balogh Mikl\u00f3snak h\u00edvnak, m\u00e1r nagyj\u00e1b\u00f3l 25 \u00e9ve a r\u00e9zf\u00fav\u00f3s hangszerek jav\u00edt\u00e1s\u00e1val foglalkozom. A szakm\u00e1t Andrik Istv\u00e1n m\u0171hely\u00e9ben saj\u00e1t\u00edtottam el, akivel az\u00f3ta is nagyon j\u00f3 kapcsolatban vagyok. 2006-ban mester vizsg\u00e1t tettem, valamint a k\u00e9s\u0151bbiekben siker\u00fclt k\u00fclf\u00f6ld\u00f6n -Sv\u00e1jcban \u00e9s Sv\u00e9dorsz\u00e1gban- is gyarap\u00edtanom a szakmai tud\u00e1somat. Imm\u00e1ron t\u00f6bb mint t\u00edz \u00e9ve tan\u00edtok a Hangszer\u00e9szk\u00e9pz\u0151 Iskol\u00e1ban amely jelenleg [&hellip;]<\/p>\n","protected":false},"author":1,"featured_media":0,"parent":0,"menu_order":0,"comment_status":"closed","ping_status":"closed","template":"","meta":{"footnotes":""},"class_list":["post-8","page","type-page","status-publish","hentry","has-post-title","has-post-date","has-post-category","has-post-tag","has-post-comment","has-post-author",""],"yoast_head":"<!-- This site is optimized with the Yoast SEO plugin v27.1.1 - https:\/\/yoast.com\/product\/yoast-seo-wordpress\/ -->\n<title>R\u00f3lam - Balogh Mikl\u00f3s hangszer\u00e9sz<\/title>\n<meta name=\"robots\" content=\"index, follow, max-snippet:-1, max-image-preview:large, max-video-preview:-1\" \/>\n<link rel=\"canonical\" href=\"https:\/\/www.bmhangszer.hu\/index.php\/rolam\/\" \/>\n<meta property=\"og:locale\" content=\"hu_HU\" \/>\n<meta property=\"og:type\" content=\"article\" \/>\n<meta property=\"og:title\" content=\"R\u00f3lam - Balogh Mikl\u00f3s hangszer\u00e9sz\" \/>\n<meta property=\"og:description\" content=\"R\u00d3LAM Balogh Mikl\u00f3snak h\u00edvnak, m\u00e1r nagyj\u00e1b\u00f3l 25 \u00e9ve a r\u00e9zf\u00fav\u00f3s hangszerek jav\u00edt\u00e1s\u00e1val foglalkozom. A szakm\u00e1t Andrik Istv\u00e1n m\u0171hely\u00e9ben saj\u00e1t\u00edtottam el, akivel az\u00f3ta is nagyon j\u00f3 kapcsolatban vagyok. 2006-ban mester vizsg\u00e1t tettem, valamint a k\u00e9s\u0151bbiekben siker\u00fclt k\u00fclf\u00f6ld\u00f6n -Sv\u00e1jcban \u00e9s Sv\u00e9dorsz\u00e1gban- is gyarap\u00edtanom a szakmai tud\u00e1somat. Imm\u00e1ron t\u00f6bb mint t\u00edz \u00e9ve tan\u00edtok a Hangszer\u00e9szk\u00e9pz\u0151 Iskol\u00e1ban amely jelenleg [&hellip;]\" \/>\n<meta property=\"og:url\" content=\"https:\/\/www.bmhangszer.hu\/index.php\/rolam\/\" \/>\n<meta property=\"og:site_name\" content=\"Balogh Mikl\u00f3s hangszer\u00e9sz\" \/>\n<meta property=\"article:modified_time\" content=\"2025-02-04T11:52:19+00:00\" \/>\n<meta property=\"og:image\" content=\"https:\/\/www.bmhangszer.hu\/wp-content\/uploads\/2025\/02\/Balogh-Miklos.jpg\" \/>\n\t<meta property=\"og:image:width\" content=\"562\" \/>\n\t<meta property=\"og:image:height\" content=\"725\" \/>\n\t<meta property=\"og:image:type\" content=\"image\/jpeg\" \/>\n<meta name=\"twitter:card\" content=\"summary_large_image\" \/>\n<meta name=\"twitter:label1\" content=\"Becs\u00fclt olvas\u00e1si id\u0151\" \/>\n\t<meta name=\"twitter:data1\" content=\"2 perc\" \/>\n<script type=\"application\/ld+json\" class=\"yoast-schema-graph\">{\"@context\":\"https:\/\/schema.org\",\"@graph\":[{\"@type\":\"WebPage\",\"@id\":\"https:\/\/www.bmhangszer.hu\/index.php\/rolam\/\",\"url\":\"https:\/\/www.bmhangszer.hu\/index.php\/rolam\/\",\"name\":\"R\u00f3lam - Balogh Mikl\u00f3s hangszer\u00e9sz\",\"isPartOf\":{\"@id\":\"https:\/\/www.bmhangszer.hu\/#website\"},\"primaryImageOfPage\":{\"@id\":\"https:\/\/www.bmhangszer.hu\/index.php\/rolam\/#primaryimage\"},\"image\":{\"@id\":\"https:\/\/www.bmhangszer.hu\/index.php\/rolam\/#primaryimage\"},\"thumbnailUrl\":\"https:\/\/www.bmhangszer.hu\/wp-content\/uploads\/2025\/02\/Balogh-Miklos-562x725.jpg\",\"datePublished\":\"2021-03-19T03:38:53+00:00\",\"dateModified\":\"2025-02-04T11:52:19+00:00\",\"breadcrumb\":{\"@id\":\"https:\/\/www.bmhangszer.hu\/index.php\/rolam\/#breadcrumb\"},\"inLanguage\":\"hu\",\"potentialAction\":[{\"@type\":\"ReadAction\",\"target\":[\"https:\/\/www.bmhangszer.hu\/index.php\/rolam\/\"]}]},{\"@type\":\"ImageObject\",\"inLanguage\":\"hu\",\"@id\":\"https:\/\/www.bmhangszer.hu\/index.php\/rolam\/#primaryimage\",\"url\":\"https:\/\/www.bmhangszer.hu\/wp-content\/uploads\/2025\/02\/Balogh-Miklos.jpg\",\"contentUrl\":\"https:\/\/www.bmhangszer.hu\/wp-content\/uploads\/2025\/02\/Balogh-Miklos.jpg\",\"width\":562,\"height\":725},{\"@type\":\"BreadcrumbList\",\"@id\":\"https:\/\/www.bmhangszer.hu\/index.php\/rolam\/#breadcrumb\",\"itemListElement\":[{\"@type\":\"ListItem\",\"position\":1,\"name\":\"Kezd\u0151lap\",\"item\":\"https:\/\/www.bmhangszer.hu\/\"},{\"@type\":\"ListItem\",\"position\":2,\"name\":\"R\u00f3lam\"}]},{\"@type\":\"WebSite\",\"@id\":\"https:\/\/www.bmhangszer.hu\/#website\",\"url\":\"https:\/\/www.bmhangszer.hu\/\",\"name\":\"Balogh Mikl\u00f3s hangszer\u00e9sz\",\"description\":\"Balogh Mikl\u00f3s hangszer\u00e9sz\",\"publisher\":{\"@id\":\"https:\/\/www.bmhangszer.hu\/#\/schema\/person\/b6adc261c30e686fa88c78fdb7a63d00\"},\"potentialAction\":[{\"@type\":\"SearchAction\",\"target\":{\"@type\":\"EntryPoint\",\"urlTemplate\":\"https:\/\/www.bmhangszer.hu\/?s={search_term_string}\"},\"query-input\":{\"@type\":\"PropertyValueSpecification\",\"valueRequired\":true,\"valueName\":\"search_term_string\"}}],\"inLanguage\":\"hu\"},{\"@type\":[\"Person\",\"Organization\"],\"@id\":\"https:\/\/www.bmhangszer.hu\/#\/schema\/person\/b6adc261c30e686fa88c78fdb7a63d00\",\"name\":\"bmhangszer\",\"image\":{\"@type\":\"ImageObject\",\"inLanguage\":\"hu\",\"@id\":\"https:\/\/www.bmhangszer.hu\/#\/schema\/person\/image\/\",\"url\":\"https:\/\/www.bmhangszer.hu\/wp-content\/uploads\/2024\/06\/BMhangszer-logo-szines-cimmel_sticky-header.png\",\"contentUrl\":\"https:\/\/www.bmhangszer.hu\/wp-content\/uploads\/2024\/06\/BMhangszer-logo-szines-cimmel_sticky-header.png\",\"width\":1024,\"height\":636,\"caption\":\"bmhangszer\"},\"logo\":{\"@id\":\"https:\/\/www.bmhangszer.hu\/#\/schema\/person\/image\/\"},\"sameAs\":[\"https:\/\/www.bmhangszer.hu\"]}]}<\/script>\n<!-- \/ Yoast SEO plugin. -->","yoast_head_json":{"title":"R\u00f3lam - Balogh Mikl\u00f3s hangszer\u00e9sz","robots":{"index":"index","follow":"follow","max-snippet":"max-snippet:-1","max-image-preview":"max-image-preview:large","max-video-preview":"max-video-preview:-1"},"canonical":"https:\/\/www.bmhangszer.hu\/index.php\/rolam\/","og_locale":"hu_HU","og_type":"article","og_title":"R\u00f3lam - Balogh Mikl\u00f3s hangszer\u00e9sz","og_description":"R\u00d3LAM Balogh Mikl\u00f3snak h\u00edvnak, m\u00e1r nagyj\u00e1b\u00f3l 25 \u00e9ve a r\u00e9zf\u00fav\u00f3s hangszerek jav\u00edt\u00e1s\u00e1val foglalkozom. A szakm\u00e1t Andrik Istv\u00e1n m\u0171hely\u00e9ben saj\u00e1t\u00edtottam el, akivel az\u00f3ta is nagyon j\u00f3 kapcsolatban vagyok. 2006-ban mester vizsg\u00e1t tettem, valamint a k\u00e9s\u0151bbiekben siker\u00fclt k\u00fclf\u00f6ld\u00f6n -Sv\u00e1jcban \u00e9s Sv\u00e9dorsz\u00e1gban- is gyarap\u00edtanom a szakmai tud\u00e1somat. Imm\u00e1ron t\u00f6bb mint t\u00edz \u00e9ve tan\u00edtok a Hangszer\u00e9szk\u00e9pz\u0151 Iskol\u00e1ban amely jelenleg [&hellip;]","og_url":"https:\/\/www.bmhangszer.hu\/index.php\/rolam\/","og_site_name":"Balogh Mikl\u00f3s hangszer\u00e9sz","article_modified_time":"2025-02-04T11:52:19+00:00","og_image":[{"width":562,"height":725,"url":"https:\/\/www.bmhangszer.hu\/wp-content\/uploads\/2025\/02\/Balogh-Miklos.jpg","type":"image\/jpeg"}],"twitter_card":"summary_large_image","twitter_misc":{"Becs\u00fclt olvas\u00e1si id\u0151":"2 perc"},"schema":{"@context":"https:\/\/schema.org","@graph":[{"@type":"WebPage","@id":"https:\/\/www.bmhangszer.hu\/index.php\/rolam\/","url":"https:\/\/www.bmhangszer.hu\/index.php\/rolam\/","name":"R\u00f3lam - Balogh Mikl\u00f3s hangszer\u00e9sz","isPartOf":{"@id":"https:\/\/www.bmhangszer.hu\/#website"},"primaryImageOfPage":{"@id":"https:\/\/www.bmhangszer.hu\/index.php\/rolam\/#primaryimage"},"image":{"@id":"https:\/\/www.bmhangszer.hu\/index.php\/rolam\/#primaryimage"},"thumbnailUrl":"https:\/\/www.bmhangszer.hu\/wp-content\/uploads\/2025\/02\/Balogh-Miklos-562x725.jpg","datePublished":"2021-03-19T03:38:53+00:00","dateModified":"2025-02-04T11:52:19+00:00","breadcrumb":{"@id":"https:\/\/www.bmhangszer.hu\/index.php\/rolam\/#breadcrumb"},"inLanguage":"hu","potentialAction":[{"@type":"ReadAction","target":["https:\/\/www.bmhangszer.hu\/index.php\/rolam\/"]}]},{"@type":"ImageObject","inLanguage":"hu","@id":"https:\/\/www.bmhangszer.hu\/index.php\/rolam\/#primaryimage","url":"https:\/\/www.bmhangszer.hu\/wp-content\/uploads\/2025\/02\/Balogh-Miklos.jpg","contentUrl":"https:\/\/www.bmhangszer.hu\/wp-content\/uploads\/2025\/02\/Balogh-Miklos.jpg","width":562,"height":725},{"@type":"BreadcrumbList","@id":"https:\/\/www.bmhangszer.hu\/index.php\/rolam\/#breadcrumb","itemListElement":[{"@type":"ListItem","position":1,"name":"Kezd\u0151lap","item":"https:\/\/www.bmhangszer.hu\/"},{"@type":"ListItem","position":2,"name":"R\u00f3lam"}]},{"@type":"WebSite","@id":"https:\/\/www.bmhangszer.hu\/#website","url":"https:\/\/www.bmhangszer.hu\/","name":"Balogh Mikl\u00f3s hangszer\u00e9sz","description":"Balogh Mikl\u00f3s hangszer\u00e9sz","publisher":{"@id":"https:\/\/www.bmhangszer.hu\/#\/schema\/person\/b6adc261c30e686fa88c78fdb7a63d00"},"potentialAction":[{"@type":"SearchAction","target":{"@type":"EntryPoint","urlTemplate":"https:\/\/www.bmhangszer.hu\/?s={search_term_string}"},"query-input":{"@type":"PropertyValueSpecification","valueRequired":true,"valueName":"search_term_string"}}],"inLanguage":"hu"},{"@type":["Person","Organization"],"@id":"https:\/\/www.bmhangszer.hu\/#\/schema\/person\/b6adc261c30e686fa88c78fdb7a63d00","name":"bmhangszer","image":{"@type":"ImageObject","inLanguage":"hu","@id":"https:\/\/www.bmhangszer.hu\/#\/schema\/person\/image\/","url":"https:\/\/www.bmhangszer.hu\/wp-content\/uploads\/2024\/06\/BMhangszer-logo-szines-cimmel_sticky-header.png","contentUrl":"https:\/\/www.bmhangszer.hu\/wp-content\/uploads\/2024\/06\/BMhangszer-logo-szines-cimmel_sticky-header.png","width":1024,"height":636,"caption":"bmhangszer"},"logo":{"@id":"https:\/\/www.bmhangszer.hu\/#\/schema\/person\/image\/"},"sameAs":["https:\/\/www.bmhangszer.hu"]}]}},"builder_content":"<p><small><strong>R\u00d3LAM<\/strong><\/small><\/p> <p>Balogh Mikl\u00f3snak h\u00edvnak, m\u00e1r nagyj\u00e1b\u00f3l 25 \u00e9ve a r\u00e9zf\u00fav\u00f3s hangszerek jav\u00edt\u00e1s\u00e1val foglalkozom. A szakm\u00e1t Andrik Istv\u00e1n m\u0171hely\u00e9ben saj\u00e1t\u00edtottam el, akivel az\u00f3ta is nagyon j\u00f3 kapcsolatban vagyok. 2006-ban mester vizsg\u00e1t tettem, valamint a k\u00e9s\u0151bbiekben siker\u00fclt k\u00fclf\u00f6ld\u00f6n -Sv\u00e1jcban \u00e9s Sv\u00e9dorsz\u00e1gban- is gyarap\u00edtanom a szakmai tud\u00e1somat. Imm\u00e1ron t\u00f6bb mint t\u00edz \u00e9ve tan\u00edtok a Hangszer\u00e9szk\u00e9pz\u0151 Iskol\u00e1ban amely jelenleg a budapesti Bart\u00f3k Konzervat\u00f3rium sz\u00e1rnyai alatt m\u0171k\u00f6dik. Szerencs\u00e9snek mondhatom magam, hiszen nemcsak jav\u00edt\u00e1sokkal hanem hangszer \u00e9p\u00edt\u00e9ssel is foglalkozhattam. Siker\u00fclt trombit\u00e1t, tenor \u00e9s baritonk\u00fcrt\u00f6t, valamint F-tub\u00e1t is el\u0151\u00e1ll\u00edtanom.<br>Nagyon j\u00f3 \u00e9rz\u00e9s amikor egy-egy \u00e1ltalam \u00e9p\u00edtett hangszer \u00e9rkezik vissza hozz\u00e1m karbantart\u00e1sra \u00e9s l\u00e1tom milyen megel\u00e9ged\u00e9ssel haszn\u00e1lja a muzsikus. Mivel kor\u00e1bban magam is akt\u00edv zen\u00e9sz voltam, tudom mennyire fontos, hogy az \u00e1ltalam haszn\u00e1lt hangszer megb\u00edzhat\u00f3an \u00e9s j\u00f3l m\u0171k\u00f6dj\u00f6n. Ez\u00e9rt minden hangszert amelyik hozz\u00e1m ker\u00fcl igyekszem az \u00e1llapot\u00e1hoz k\u00e9pest legjobb szintre hozni, hogy m\u00e9lt\u00f3 t\u00e1rsa legyen a tulajdonos\u00e1nak.<\/p>\n<img src=\"https:\/\/www.bmhangszer.hu\/wp-content\/uploads\/2025\/02\/Balogh-Miklos-562x725.jpg\" height=\"725\" title=\"Balogh-Miklos\" alt=\"Balogh-Miklos\" srcset=\"https:\/\/www.bmhangszer.hu\/wp-content\/uploads\/2025\/02\/Balogh-Miklos.jpg 562w, https:\/\/www.bmhangszer.hu\/wp-content\/uploads\/2025\/02\/Balogh-Miklos-233x300.jpg 233w\" sizes=\"(max-width: 562px) 100vw, 562px\" \/>\n<p><small><strong>R\u00d3LAM<\/strong><\/small><\/p> <p>Balogh Mikl\u00f3snak h\u00edvnak, m\u00e1r nagyj\u00e1b\u00f3l 25 \u00e9ve a r\u00e9zf\u00fav\u00f3s hangszerek jav\u00edt\u00e1s\u00e1val foglalkozom. A szakm\u00e1t Andrik Istv\u00e1n m\u0171hely\u00e9ben saj\u00e1t\u00edtottam el, akivel az\u00f3ta is nagyon j\u00f3 kapcsolatban vagyok. 2006-ban mester vizsg\u00e1t tettem, valamint a k\u00e9s\u0151bbiekben siker\u00fclt k\u00fclf\u00f6ld\u00f6n -Sv\u00e1jcban \u00e9s Sv\u00e9dorsz\u00e1gban- is gyarap\u00edtanom a szakmai tud\u00e1somat. Imm\u00e1ron t\u00f6bb mint t\u00edz \u00e9ve tan\u00edtok a Hangszer\u00e9szk\u00e9pz\u0151 Iskol\u00e1ban amely jelenleg a budapesti Bart\u00f3k Konzervat\u00f3rium sz\u00e1rnyai alatt m\u0171k\u00f6dik. Szerencs\u00e9snek mondhatom magam, hiszen nemcsak jav\u00edt\u00e1sokkal hanem hangszer \u00e9p\u00edt\u00e9ssel is foglalkozhattam. Siker\u00fclt trombit\u00e1t, tenor \u00e9s baritonk\u00fcrt\u00f6t, valamint F-tub\u00e1t is el\u0151\u00e1ll\u00edtanom.<br>Nagyon j\u00f3 \u00e9rz\u00e9s amikor egy-egy \u00e1ltalam \u00e9p\u00edtett hangszer \u00e9rkezik vissza hozz\u00e1m karbantart\u00e1sra \u00e9s l\u00e1tom milyen megel\u00e9ged\u00e9ssel haszn\u00e1lja a muzsikus. Mivel kor\u00e1bban magam is akt\u00edv zen\u00e9sz voltam, tudom mennyire fontos, hogy az \u00e1ltalam haszn\u00e1lt hangszer megb\u00edzhat\u00f3an \u00e9s j\u00f3l m\u0171k\u00f6dj\u00f6n. Ez\u00e9rt minden hangszert amelyik hozz\u00e1m ker\u00fcl igyekszem az \u00e1llapot\u00e1hoz k\u00e9pest legjobb szintre hozni, hogy m\u00e9lt\u00f3 t\u00e1rsa legyen a tulajdonos\u00e1nak.<\/p>\n<img src=\"https:\/\/www.bmhangszer.hu\/wp-content\/uploads\/2025\/02\/Balogh-Miklos-2.jpg\" title=\"Balogh-Miklos-2\" alt=\"Balogh-Miklos-2\" srcset=\"https:\/\/www.bmhangszer.hu\/wp-content\/uploads\/2025\/02\/Balogh-Miklos-2.jpg 1200w, https:\/\/www.bmhangszer.hu\/wp-content\/uploads\/2025\/02\/Balogh-Miklos-2-300x242.jpg 300w, https:\/\/www.bmhangszer.hu\/wp-content\/uploads\/2025\/02\/Balogh-Miklos-2-1024x824.jpg 1024w, https:\/\/www.bmhangszer.hu\/wp-content\/uploads\/2025\/02\/Balogh-Miklos-2-768x618.jpg 768w, https:\/\/www.bmhangszer.hu\/wp-content\/uploads\/2025\/02\/Balogh-Miklos-2-1024x824-700x563.jpg 700w\" sizes=\"(max-width: 1200px) 100vw, 1200px\" \/>","_links":{"self":[{"href":"https:\/\/www.bmhangszer.hu\/index.php\/wp-json\/wp\/v2\/pages\/8","targetHints":{"allow":["GET"]}}],"collection":[{"href":"https:\/\/www.bmhangszer.hu\/index.php\/wp-json\/wp\/v2\/pages"}],"about":[{"href":"https:\/\/www.bmhangszer.hu\/index.php\/wp-json\/wp\/v2\/types\/page"}],"author":[{"embeddable":true,"href":"https:\/\/www.bmhangszer.hu\/index.php\/wp-json\/wp\/v2\/users\/1"}],"replies":[{"embeddable":true,"href":"https:\/\/www.bmhangszer.hu\/index.php\/wp-json\/wp\/v2\/comments?post=8"}],"version-history":[{"count":17,"href":"https:\/\/www.bmhangszer.hu\/index.php\/wp-json\/wp\/v2\/pages\/8\/revisions"}],"predecessor-version":[{"id":408,"href":"https:\/\/www.bmhangszer.hu\/index.php\/wp-json\/wp\/v2\/pages\/8\/revisions\/408"}],"wp:attachment":[{"href":"https:\/\/www.bmhangszer.hu\/index.php\/wp-json\/wp\/v2\/media?parent=8"}],"curies":[{"name":"wp","href":"https:\/\/api.w.org\/{rel}","templated":true}]}}