{"id":601,"date":"2025-05-23T19:06:27","date_gmt":"2025-05-23T19:06:27","guid":{"rendered":"https:\/\/www.bmhangszer.hu\/index.php\/rezfuvos-hangszerek\/getzen-capri-ezustozott-trombita-copy\/"},"modified":"2025-07-18T10:35:34","modified_gmt":"2025-07-18T10:35:34","slug":"yamaha-b-tuba","status":"publish","type":"page","link":"https:\/\/www.bmhangszer.hu\/index.php\/rezfuvos-hangszerek\/yamaha-b-tuba\/","title":{"rendered":"Yamaha YBB-201S ez\u00fcst\u00f6z\u00f6tt B-tuba"},"content":{"rendered":"<!--themify_builder_content-->\n<div id=\"themify_builder_content-601\" data-postid=\"601\" class=\"themify_builder_content themify_builder_content-601 themify_builder tf_clear\">\n                    <div  data-lazy=\"1\" class=\"module_row themify_builder_row tb_u8kx408 tb_first tf_w\">\n                        <div class=\"row_inner col_align_top tb_col_count_1 tf_box tf_rel\">\n                        <div  data-lazy=\"1\" class=\"module_column tb-column col-full tb_pwer865 first\">\n                            <div  data-lazy=\"1\" class=\"module_subrow themify_builder_sub_row tf_w col_align_top tb_col_count_2 tb_hqg5796\">\n                <div  data-lazy=\"1\" class=\"module_column sub_column col4-2 tb_wga7008 first\">\n                    <!-- module text -->\n<div  class=\"module module-text tb_rn6e500   \" data-lazy=\"1\">\n        <div  class=\"tb_text_wrap\">\n        <h1>Yamaha YBB-201S ez\u00fcst\u00f6z\u00f6tt B-tuba<\/h1>\n<p>Sz\u00e9p \u00e1llapot\u00fa haszn\u00e1lt B-tuba nagyon j\u00f3 hanggal.<\/p>\n<p>Ez\u00fcst\u00f6z\u00f6tt, tokkal, f\u00fav\u00f3k\u00e1val.<\/p>    <\/div>\n<\/div>\n<!-- \/module text --><!-- module icon -->\n<div  class=\"module module-icon tb_nvdr777    icon_horizontal \" data-lazy=\"1\">\n\t\t\t<div class=\"module-icon-item\">\n\t\t\t\t\t\t\t\t\t\t\t\t\t\t\t\t<em class=\"tf_box\"\n\t\t\t\t\t\t\t\t\t\t\t\t style=\"background-color:#b59a79;color:#f8f3ec\"\t\t\t\t\t><svg  class=\"tf_fa tf-fas-coins\" xmlns:xlink=\"http:\/\/www.w3.org\/1999\/xlink\" aria-hidden=\"true\"><use href=\"#tf-fas-coins\" xlink:href=\"#tf-fas-coins\"><\/use><\/svg><\/em>\n\t\t\t\t\t\t\t\t\t\t\t\t\t\t\t\t\t\t\t<span>860.000,-Ft<\/span>\n\t\t\t\t\t\t\t\t\t\t\t\t\t\t\t<\/div>\n\t<\/div>\n<!-- \/module icon -->\n        <\/div>\n                    <div  data-lazy=\"1\" class=\"module_column sub_column col4-2 tb_4sgj766 last\">\n                    <!-- module gallery -->\n<div  class=\"module gallery module-gallery tb_0lgn660 layout-slider rounded \" data-lazy=\"1\">\n                <div class=\"themify_builder_slider_vertical tf_rel\">\n                <div class=\"tf_swiper-container tf_carousel themify_builder_slider tf_rel tf_overflow\"\n              data-lazy=\"1\"                data-pager=\"1\"\n                data-speed=\"1\"\n                data-slider_nav=\"1\"\n                data-wrapvar=\"1\"\n                data-height=\"variable\"\n                                    data-effect=\"scroll\"\n                                        data-css_url=\"https:\/\/www.bmhangszer.hu\/wp-content\/themes\/themify-ultra\/themify\/themify-builder\/css\/modules\/sliders\/carousel,https:\/\/www.bmhangszer.hu\/wp-content\/themes\/themify-ultra\/themify\/themify-builder\/css\/modules\/sliders\/gallery\"\n                                                                                 data-visible=\"1\" \n                data-tab-visible=\"\"\n                data-mob-visible=\"\"\n                data-scroll=\"1\"\n                                         >\n            <div class=\"tf_swiper-wrapper tf_lazy tf_rel tf_w tf_h tf_textc\">\n                                                    <div class=\"tf_swiper-slide\" style=\"\">\n                        <div class=\"slide-inner-wrap\">\n                            <div class=\"tf_lazy slide-image gallery-icon\">\n                            <a href=\"https:\/\/www.bmhangszer.hu\/wp-content\/uploads\/2025\/07\/20250718_104339.jpg\" class=\"themify_lightbox\"><img src=\"data:image\/svg+xml,%3Csvg%20xmlns=%27http:\/\/www.w3.org\/2000\/svg%27%20width='1920'%20height='1106'%20viewBox=%270%200%201920%201106%27%3E%3C\/svg%3E\" loading=\"lazy\" data-lazy=\"1\" data-tf-not-load=\"1\" style=\"background:linear-gradient(to right,#4c555e 25%,#282b34 25% 50%,#282830 50% 75%,#1b1c1e 75%),linear-gradient(to right,#a88f79 25%,#fefefc 25% 50%,#c2bda9 50% 75%,#c6d0cf 75%),linear-gradient(to right,#1e1f1a 25%,#161616 25% 50%,#8c8070 50% 75%,#31312f 75%),linear-gradient(to right,#202123 25%,#435466 25% 50%,#9a9693 50% 75%,#b5a58b 75%)\" decoding=\"async\" width=\"1920\" height=\"1106\" data-tf-src=\"https:\/\/www.bmhangszer.hu\/wp-content\/uploads\/2025\/07\/20250718_104339.jpg\" class=\"tf_svg_lazy wp-post-image wp-image-749\" title=\"20250718_104339\" alt=\"20250718_104339\" data-tf-srcset=\"https:\/\/www.bmhangszer.hu\/wp-content\/uploads\/2025\/07\/20250718_104339.jpg 1920w, https:\/\/www.bmhangszer.hu\/wp-content\/uploads\/2025\/07\/20250718_104339-300x173.jpg 300w, https:\/\/www.bmhangszer.hu\/wp-content\/uploads\/2025\/07\/20250718_104339-1024x590.jpg 1024w, https:\/\/www.bmhangszer.hu\/wp-content\/uploads\/2025\/07\/20250718_104339-768x442.jpg 768w, https:\/\/www.bmhangszer.hu\/wp-content\/uploads\/2025\/07\/20250718_104339-1536x885.jpg 1536w\" data-tf-sizes=\"(max-width: 1920px) 100vw, 1920px\" \/><noscript><img loading=\"lazy\" decoding=\"async\" width=\"1920\" height=\"1106\" data-tf-not-load src=\"https:\/\/www.bmhangszer.hu\/wp-content\/uploads\/2025\/07\/20250718_104339.jpg\" class=\"wp-post-image wp-image-749\" title=\"20250718_104339\" alt=\"20250718_104339\" srcset=\"https:\/\/www.bmhangszer.hu\/wp-content\/uploads\/2025\/07\/20250718_104339.jpg 1920w, https:\/\/www.bmhangszer.hu\/wp-content\/uploads\/2025\/07\/20250718_104339-300x173.jpg 300w, https:\/\/www.bmhangszer.hu\/wp-content\/uploads\/2025\/07\/20250718_104339-1024x590.jpg 1024w, https:\/\/www.bmhangszer.hu\/wp-content\/uploads\/2025\/07\/20250718_104339-768x442.jpg 768w, https:\/\/www.bmhangszer.hu\/wp-content\/uploads\/2025\/07\/20250718_104339-1536x885.jpg 1536w\" sizes=\"auto, (max-width: 1920px) 100vw, 1920px\" \/><\/noscript><\/a>                            <\/div>\n                                                    <\/div><\/div>\n                                    <div class=\"tf_swiper-slide\" style=\"display:none\">\n                        <div class=\"slide-inner-wrap\">\n                            <div class=\"tf_lazy slide-image gallery-icon\">\n                            <a href=\"https:\/\/www.bmhangszer.hu\/wp-content\/uploads\/2025\/07\/20250718_104401.jpg\" class=\"themify_lightbox\"><img src=\"data:image\/svg+xml,%3Csvg%20xmlns=%27http:\/\/www.w3.org\/2000\/svg%27%20width='1920'%20height='1075'%20viewBox=%270%200%201920%201075%27%3E%3C\/svg%3E\" loading=\"lazy\" data-lazy=\"1\" data-tf-not-load=\"1\" style=\"background:linear-gradient(to right,#242b33 25%,#343530 25% 50%,#70635a 50% 75%,#b9b3a3 75%),linear-gradient(to right,#435360 25%,#1c1d22 25% 50%,#17161b 50% 75%,#0b0b0b 75%),linear-gradient(to right,#e2e3d1 25%,#d3d3c7 25% 50%,#bab5b1 50% 75%,#d3cbc0 75%),linear-gradient(to right,#2c2d28 25%,#1a1c1b 25% 50%,#141414 50% 75%,#0e100f 75%)\" decoding=\"async\" width=\"1920\" height=\"1075\" data-tf-src=\"https:\/\/www.bmhangszer.hu\/wp-content\/uploads\/2025\/07\/20250718_104401.jpg\" class=\"tf_svg_lazy wp-post-image wp-image-747\" title=\"20250718_104401\" alt=\"20250718_104401\" data-tf-srcset=\"https:\/\/www.bmhangszer.hu\/wp-content\/uploads\/2025\/07\/20250718_104401.jpg 1920w, https:\/\/www.bmhangszer.hu\/wp-content\/uploads\/2025\/07\/20250718_104401-300x168.jpg 300w, https:\/\/www.bmhangszer.hu\/wp-content\/uploads\/2025\/07\/20250718_104401-1024x573.jpg 1024w, https:\/\/www.bmhangszer.hu\/wp-content\/uploads\/2025\/07\/20250718_104401-768x430.jpg 768w, https:\/\/www.bmhangszer.hu\/wp-content\/uploads\/2025\/07\/20250718_104401-1536x860.jpg 1536w\" data-tf-sizes=\"(max-width: 1920px) 100vw, 1920px\" \/><noscript><img loading=\"lazy\" decoding=\"async\" width=\"1920\" height=\"1075\" data-tf-not-load src=\"https:\/\/www.bmhangszer.hu\/wp-content\/uploads\/2025\/07\/20250718_104401.jpg\" class=\"wp-post-image wp-image-747\" title=\"20250718_104401\" alt=\"20250718_104401\" srcset=\"https:\/\/www.bmhangszer.hu\/wp-content\/uploads\/2025\/07\/20250718_104401.jpg 1920w, https:\/\/www.bmhangszer.hu\/wp-content\/uploads\/2025\/07\/20250718_104401-300x168.jpg 300w, https:\/\/www.bmhangszer.hu\/wp-content\/uploads\/2025\/07\/20250718_104401-1024x573.jpg 1024w, https:\/\/www.bmhangszer.hu\/wp-content\/uploads\/2025\/07\/20250718_104401-768x430.jpg 768w, https:\/\/www.bmhangszer.hu\/wp-content\/uploads\/2025\/07\/20250718_104401-1536x860.jpg 1536w\" sizes=\"auto, (max-width: 1920px) 100vw, 1920px\" \/><\/noscript><\/a>                            <\/div>\n                                                    <\/div><\/div>\n                                    <div class=\"tf_swiper-slide\" style=\"display:none\">\n                        <div class=\"slide-inner-wrap\">\n                            <div class=\"tf_lazy slide-image gallery-icon\">\n                            <a href=\"https:\/\/www.bmhangszer.hu\/wp-content\/uploads\/2025\/07\/20250718_104345-scaled.jpg\" class=\"themify_lightbox\"><img src=\"data:image\/svg+xml,%3Csvg%20xmlns=%27http:\/\/www.w3.org\/2000\/svg%27%20width='1440'%20height='2560'%20viewBox=%270%200%201440%202560%27%3E%3C\/svg%3E\" loading=\"lazy\" data-lazy=\"1\" data-tf-not-load=\"1\" style=\"background:linear-gradient(to right,#14151a 25%,#131514 25% 50%,#101415 50% 75%,#9da29c 75%),linear-gradient(to right,#111214 25%,#59564f 25% 50%,#c1c5c4 50% 75%,#cfc5b9 75%),linear-gradient(to right,#524a3d 25%,#463f35 25% 50%,#b2a78b 50% 75%,#fffefc 75%),linear-gradient(to right,#090909 25%,#9d9485 25% 50%,#5f6b77 50% 75%,#b5afa3 75%)\" decoding=\"async\" width=\"1440\" height=\"2560\" data-tf-src=\"https:\/\/www.bmhangszer.hu\/wp-content\/uploads\/2025\/07\/20250718_104345-scaled.jpg\" class=\"tf_svg_lazy wp-post-image wp-image-748\" title=\"20250718_104345\" alt=\"20250718_104345\" data-tf-srcset=\"https:\/\/www.bmhangszer.hu\/wp-content\/uploads\/2025\/07\/20250718_104345-scaled.jpg 1440w, https:\/\/www.bmhangszer.hu\/wp-content\/uploads\/2025\/07\/20250718_104345-169x300.jpg 169w, https:\/\/www.bmhangszer.hu\/wp-content\/uploads\/2025\/07\/20250718_104345-576x1024.jpg 576w, https:\/\/www.bmhangszer.hu\/wp-content\/uploads\/2025\/07\/20250718_104345-768x1365.jpg 768w, https:\/\/www.bmhangszer.hu\/wp-content\/uploads\/2025\/07\/20250718_104345-864x1536.jpg 864w, https:\/\/www.bmhangszer.hu\/wp-content\/uploads\/2025\/07\/20250718_104345-1152x2048.jpg 1152w\" data-tf-sizes=\"(max-width: 1440px) 100vw, 1440px\" \/><noscript><img loading=\"lazy\" decoding=\"async\" width=\"1440\" height=\"2560\" data-tf-not-load src=\"https:\/\/www.bmhangszer.hu\/wp-content\/uploads\/2025\/07\/20250718_104345-scaled.jpg\" class=\"wp-post-image wp-image-748\" title=\"20250718_104345\" alt=\"20250718_104345\" srcset=\"https:\/\/www.bmhangszer.hu\/wp-content\/uploads\/2025\/07\/20250718_104345-scaled.jpg 1440w, https:\/\/www.bmhangszer.hu\/wp-content\/uploads\/2025\/07\/20250718_104345-169x300.jpg 169w, https:\/\/www.bmhangszer.hu\/wp-content\/uploads\/2025\/07\/20250718_104345-576x1024.jpg 576w, https:\/\/www.bmhangszer.hu\/wp-content\/uploads\/2025\/07\/20250718_104345-768x1365.jpg 768w, https:\/\/www.bmhangszer.hu\/wp-content\/uploads\/2025\/07\/20250718_104345-864x1536.jpg 864w, https:\/\/www.bmhangszer.hu\/wp-content\/uploads\/2025\/07\/20250718_104345-1152x2048.jpg 1152w\" sizes=\"auto, (max-width: 1440px) 100vw, 1440px\" \/><\/noscript><\/a>                            <\/div>\n                                                    <\/div><\/div>\n                                    <div class=\"tf_swiper-slide\" style=\"display:none\">\n                        <div class=\"slide-inner-wrap\">\n                            <div class=\"tf_lazy slide-image gallery-icon\">\n                            <a href=\"https:\/\/www.bmhangszer.hu\/wp-content\/uploads\/2025\/07\/20250718_104408.jpg\" class=\"themify_lightbox\"><img src=\"data:image\/svg+xml,%3Csvg%20xmlns=%27http:\/\/www.w3.org\/2000\/svg%27%20width='1920'%20height='1080'%20viewBox=%270%200%201920%201080%27%3E%3C\/svg%3E\" loading=\"lazy\" data-lazy=\"1\" data-tf-not-load=\"1\" style=\"background:linear-gradient(to right,#232728 25%,#f1dcc1 25% 50%,#65594b 50% 75%,#5a6060 75%),linear-gradient(to right,#1a232c 25%,#ece2d6 25% 50%,#a69d94 50% 75%,#0d1112 75%),linear-gradient(to right,#d6c5b5 25%,#34302d 25% 50%,#c3b6ad 50% 75%,#d6cdbe 75%),linear-gradient(to right,#a9a4a0 25%,#332620 25% 50%,#6e6e6e 50% 75%,#111113 75%)\" decoding=\"async\" width=\"1920\" height=\"1080\" data-tf-src=\"https:\/\/www.bmhangszer.hu\/wp-content\/uploads\/2025\/07\/20250718_104408.jpg\" class=\"tf_svg_lazy wp-post-image wp-image-746\" title=\"20250718_104408\" alt=\"20250718_104408\" data-tf-srcset=\"https:\/\/www.bmhangszer.hu\/wp-content\/uploads\/2025\/07\/20250718_104408.jpg 1920w, https:\/\/www.bmhangszer.hu\/wp-content\/uploads\/2025\/07\/20250718_104408-300x169.jpg 300w, https:\/\/www.bmhangszer.hu\/wp-content\/uploads\/2025\/07\/20250718_104408-1024x576.jpg 1024w, https:\/\/www.bmhangszer.hu\/wp-content\/uploads\/2025\/07\/20250718_104408-768x432.jpg 768w, https:\/\/www.bmhangszer.hu\/wp-content\/uploads\/2025\/07\/20250718_104408-1536x864.jpg 1536w\" data-tf-sizes=\"(max-width: 1920px) 100vw, 1920px\" \/><noscript><img loading=\"lazy\" decoding=\"async\" width=\"1920\" height=\"1080\" data-tf-not-load src=\"https:\/\/www.bmhangszer.hu\/wp-content\/uploads\/2025\/07\/20250718_104408.jpg\" class=\"wp-post-image wp-image-746\" title=\"20250718_104408\" alt=\"20250718_104408\" srcset=\"https:\/\/www.bmhangszer.hu\/wp-content\/uploads\/2025\/07\/20250718_104408.jpg 1920w, https:\/\/www.bmhangszer.hu\/wp-content\/uploads\/2025\/07\/20250718_104408-300x169.jpg 300w, https:\/\/www.bmhangszer.hu\/wp-content\/uploads\/2025\/07\/20250718_104408-1024x576.jpg 1024w, https:\/\/www.bmhangszer.hu\/wp-content\/uploads\/2025\/07\/20250718_104408-768x432.jpg 768w, https:\/\/www.bmhangszer.hu\/wp-content\/uploads\/2025\/07\/20250718_104408-1536x864.jpg 1536w\" sizes=\"auto, (max-width: 1920px) 100vw, 1920px\" \/><\/noscript><\/a>                            <\/div>\n                                                    <\/div><\/div>\n                            <\/div>\n        <\/div>\n                <\/div>\n    <\/div>\n<!-- \/module gallery -->        <\/div>\n                    <\/div>\n        <!-- module text -->\n<div  class=\"module module-text tb_g1yf007   \" data-lazy=\"1\">\n        <div  class=\"tb_text_wrap\">\n        <p style=\"text-align: right;\"><a href=\"https:\/\/www.bmhangszer.hu\/index.php\/rezfuvos-hangszerek\/\">\u2190 Vissza a r\u00e9zf\u00fav\u00f3s hangszerekhez<\/a><\/p>    <\/div>\n<\/div>\n<!-- \/module text -->        <\/div>\n                        <\/div>\n        <\/div>\n        <\/div>\n<!--\/themify_builder_content-->","protected":false},"excerpt":{"rendered":"<p>Yamaha YBB-201S ez\u00fcst\u00f6z\u00f6tt B-tuba Sz\u00e9p \u00e1llapot\u00fa haszn\u00e1lt B-tuba nagyon j\u00f3 hanggal. Ez\u00fcst\u00f6z\u00f6tt, tokkal, f\u00fav\u00f3k\u00e1val.<\/p>\n","protected":false},"author":1,"featured_media":0,"parent":42,"menu_order":1,"comment_status":"closed","ping_status":"closed","template":"","meta":{"footnotes":""},"class_list":["post-601","page","type-page","status-publish","hentry","has-post-title","has-post-date","has-post-category","has-post-tag","has-post-comment","has-post-author",""],"yoast_head":"<!-- This site is optimized with the Yoast SEO plugin v27.1.1 - https:\/\/yoast.com\/product\/yoast-seo-wordpress\/ -->\n<title>Yamaha YBB-201S ez\u00fcst\u00f6z\u00f6tt B-tuba - Balogh Mikl\u00f3s hangszer\u00e9sz<\/title>\n<meta name=\"description\" content=\"Nagyon sz\u00e9p \u00e1llapot\u00fa haszn\u00e1lt trombita. Ez\u00fcst\u00f6z\u00f6tt, tokkal, f\u00fav\u00f3k\u00e1val, frissen szervizelve.\" \/>\n<meta name=\"robots\" content=\"index, follow, max-snippet:-1, max-image-preview:large, max-video-preview:-1\" \/>\n<link rel=\"canonical\" href=\"https:\/\/www.bmhangszer.hu\/index.php\/rezfuvos-hangszerek\/yamaha-b-tuba\/\" \/>\n<meta property=\"og:locale\" content=\"hu_HU\" \/>\n<meta property=\"og:type\" content=\"article\" \/>\n<meta property=\"og:title\" content=\"Yamaha YBB-201 B-tuba\" \/>\n<meta property=\"og:description\" content=\"Sz\u00e9p \u00e1llapot\u00fa haszn\u00e1lt B-tuba. Ez\u00fcst\u00f6z\u00f6tt, tokkal, f\u00fav\u00f3k\u00e1val.\" \/>\n<meta property=\"og:url\" content=\"https:\/\/www.bmhangszer.hu\/index.php\/rezfuvos-hangszerek\/yamaha-b-tuba\/\" \/>\n<meta property=\"og:site_name\" content=\"Balogh Mikl\u00f3s hangszer\u00e9sz\" \/>\n<meta property=\"article:modified_time\" content=\"2025-07-18T10:35:34+00:00\" \/>\n<meta property=\"og:image\" content=\"https:\/\/www.bmhangszer.hu\/wp-content\/uploads\/2025\/07\/20250718_104339.jpg\" \/>\n\t<meta property=\"og:image:width\" content=\"1920\" \/>\n\t<meta property=\"og:image:height\" content=\"1106\" \/>\n\t<meta property=\"og:image:type\" content=\"image\/jpeg\" \/>\n<meta name=\"twitter:card\" content=\"summary_large_image\" \/>\n<meta name=\"twitter:label1\" content=\"Becs\u00fclt olvas\u00e1si id\u0151\" \/>\n\t<meta name=\"twitter:data1\" content=\"1 perc\" \/>\n<script type=\"application\/ld+json\" class=\"yoast-schema-graph\">{\"@context\":\"https:\/\/schema.org\",\"@graph\":[{\"@type\":\"WebPage\",\"@id\":\"https:\/\/www.bmhangszer.hu\/index.php\/rezfuvos-hangszerek\/yamaha-b-tuba\/\",\"url\":\"https:\/\/www.bmhangszer.hu\/index.php\/rezfuvos-hangszerek\/yamaha-b-tuba\/\",\"name\":\"Yamaha YBB-201S ez\u00fcst\u00f6z\u00f6tt B-tuba - Balogh Mikl\u00f3s hangszer\u00e9sz\",\"isPartOf\":{\"@id\":\"https:\/\/www.bmhangszer.hu\/#website\"},\"datePublished\":\"2025-05-23T19:06:27+00:00\",\"dateModified\":\"2025-07-18T10:35:34+00:00\",\"description\":\"Nagyon sz\u00e9p \u00e1llapot\u00fa haszn\u00e1lt trombita. Ez\u00fcst\u00f6z\u00f6tt, tokkal, f\u00fav\u00f3k\u00e1val, frissen szervizelve.\",\"breadcrumb\":{\"@id\":\"https:\/\/www.bmhangszer.hu\/index.php\/rezfuvos-hangszerek\/yamaha-b-tuba\/#breadcrumb\"},\"inLanguage\":\"hu\",\"potentialAction\":[{\"@type\":\"ReadAction\",\"target\":[\"https:\/\/www.bmhangszer.hu\/index.php\/rezfuvos-hangszerek\/yamaha-b-tuba\/\"]}]},{\"@type\":\"BreadcrumbList\",\"@id\":\"https:\/\/www.bmhangszer.hu\/index.php\/rezfuvos-hangszerek\/yamaha-b-tuba\/#breadcrumb\",\"itemListElement\":[{\"@type\":\"ListItem\",\"position\":1,\"name\":\"Kezd\u0151lap\",\"item\":\"https:\/\/www.bmhangszer.hu\/\"},{\"@type\":\"ListItem\",\"position\":2,\"name\":\"R\u00e9zf\u00fav\u00f3s hangszerek\",\"item\":\"https:\/\/www.bmhangszer.hu\/index.php\/rezfuvos-hangszerek\/\"},{\"@type\":\"ListItem\",\"position\":3,\"name\":\"Yamaha YBB-201S ez\u00fcst\u00f6z\u00f6tt B-tuba\"}]},{\"@type\":\"WebSite\",\"@id\":\"https:\/\/www.bmhangszer.hu\/#website\",\"url\":\"https:\/\/www.bmhangszer.hu\/\",\"name\":\"Balogh Mikl\u00f3s hangszer\u00e9sz\",\"description\":\"Balogh Mikl\u00f3s hangszer\u00e9sz\",\"publisher\":{\"@id\":\"https:\/\/www.bmhangszer.hu\/#\/schema\/person\/b6adc261c30e686fa88c78fdb7a63d00\"},\"potentialAction\":[{\"@type\":\"SearchAction\",\"target\":{\"@type\":\"EntryPoint\",\"urlTemplate\":\"https:\/\/www.bmhangszer.hu\/?s={search_term_string}\"},\"query-input\":{\"@type\":\"PropertyValueSpecification\",\"valueRequired\":true,\"valueName\":\"search_term_string\"}}],\"inLanguage\":\"hu\"},{\"@type\":[\"Person\",\"Organization\"],\"@id\":\"https:\/\/www.bmhangszer.hu\/#\/schema\/person\/b6adc261c30e686fa88c78fdb7a63d00\",\"name\":\"bmhangszer\",\"image\":{\"@type\":\"ImageObject\",\"inLanguage\":\"hu\",\"@id\":\"https:\/\/www.bmhangszer.hu\/#\/schema\/person\/image\/\",\"url\":\"https:\/\/www.bmhangszer.hu\/wp-content\/uploads\/2024\/06\/BMhangszer-logo-szines-cimmel_sticky-header.png\",\"contentUrl\":\"https:\/\/www.bmhangszer.hu\/wp-content\/uploads\/2024\/06\/BMhangszer-logo-szines-cimmel_sticky-header.png\",\"width\":1024,\"height\":636,\"caption\":\"bmhangszer\"},\"logo\":{\"@id\":\"https:\/\/www.bmhangszer.hu\/#\/schema\/person\/image\/\"},\"sameAs\":[\"https:\/\/www.bmhangszer.hu\"]}]}<\/script>\n<!-- \/ Yoast SEO plugin. -->","yoast_head_json":{"title":"Yamaha YBB-201S ez\u00fcst\u00f6z\u00f6tt B-tuba - Balogh Mikl\u00f3s hangszer\u00e9sz","description":"Nagyon sz\u00e9p \u00e1llapot\u00fa haszn\u00e1lt trombita. Ez\u00fcst\u00f6z\u00f6tt, tokkal, f\u00fav\u00f3k\u00e1val, frissen szervizelve.","robots":{"index":"index","follow":"follow","max-snippet":"max-snippet:-1","max-image-preview":"max-image-preview:large","max-video-preview":"max-video-preview:-1"},"canonical":"https:\/\/www.bmhangszer.hu\/index.php\/rezfuvos-hangszerek\/yamaha-b-tuba\/","og_locale":"hu_HU","og_type":"article","og_title":"Yamaha YBB-201 B-tuba","og_description":"Sz\u00e9p \u00e1llapot\u00fa haszn\u00e1lt B-tuba. Ez\u00fcst\u00f6z\u00f6tt, tokkal, f\u00fav\u00f3k\u00e1val.","og_url":"https:\/\/www.bmhangszer.hu\/index.php\/rezfuvos-hangszerek\/yamaha-b-tuba\/","og_site_name":"Balogh Mikl\u00f3s hangszer\u00e9sz","article_modified_time":"2025-07-18T10:35:34+00:00","og_image":[{"width":1920,"height":1106,"url":"https:\/\/www.bmhangszer.hu\/wp-content\/uploads\/2025\/07\/20250718_104339.jpg","type":"image\/jpeg"}],"twitter_card":"summary_large_image","twitter_misc":{"Becs\u00fclt olvas\u00e1si id\u0151":"1 perc"},"schema":{"@context":"https:\/\/schema.org","@graph":[{"@type":"WebPage","@id":"https:\/\/www.bmhangszer.hu\/index.php\/rezfuvos-hangszerek\/yamaha-b-tuba\/","url":"https:\/\/www.bmhangszer.hu\/index.php\/rezfuvos-hangszerek\/yamaha-b-tuba\/","name":"Yamaha YBB-201S ez\u00fcst\u00f6z\u00f6tt B-tuba - Balogh Mikl\u00f3s hangszer\u00e9sz","isPartOf":{"@id":"https:\/\/www.bmhangszer.hu\/#website"},"datePublished":"2025-05-23T19:06:27+00:00","dateModified":"2025-07-18T10:35:34+00:00","description":"Nagyon sz\u00e9p \u00e1llapot\u00fa haszn\u00e1lt trombita. Ez\u00fcst\u00f6z\u00f6tt, tokkal, f\u00fav\u00f3k\u00e1val, frissen szervizelve.","breadcrumb":{"@id":"https:\/\/www.bmhangszer.hu\/index.php\/rezfuvos-hangszerek\/yamaha-b-tuba\/#breadcrumb"},"inLanguage":"hu","potentialAction":[{"@type":"ReadAction","target":["https:\/\/www.bmhangszer.hu\/index.php\/rezfuvos-hangszerek\/yamaha-b-tuba\/"]}]},{"@type":"BreadcrumbList","@id":"https:\/\/www.bmhangszer.hu\/index.php\/rezfuvos-hangszerek\/yamaha-b-tuba\/#breadcrumb","itemListElement":[{"@type":"ListItem","position":1,"name":"Kezd\u0151lap","item":"https:\/\/www.bmhangszer.hu\/"},{"@type":"ListItem","position":2,"name":"R\u00e9zf\u00fav\u00f3s hangszerek","item":"https:\/\/www.bmhangszer.hu\/index.php\/rezfuvos-hangszerek\/"},{"@type":"ListItem","position":3,"name":"Yamaha YBB-201S ez\u00fcst\u00f6z\u00f6tt B-tuba"}]},{"@type":"WebSite","@id":"https:\/\/www.bmhangszer.hu\/#website","url":"https:\/\/www.bmhangszer.hu\/","name":"Balogh Mikl\u00f3s hangszer\u00e9sz","description":"Balogh Mikl\u00f3s hangszer\u00e9sz","publisher":{"@id":"https:\/\/www.bmhangszer.hu\/#\/schema\/person\/b6adc261c30e686fa88c78fdb7a63d00"},"potentialAction":[{"@type":"SearchAction","target":{"@type":"EntryPoint","urlTemplate":"https:\/\/www.bmhangszer.hu\/?s={search_term_string}"},"query-input":{"@type":"PropertyValueSpecification","valueRequired":true,"valueName":"search_term_string"}}],"inLanguage":"hu"},{"@type":["Person","Organization"],"@id":"https:\/\/www.bmhangszer.hu\/#\/schema\/person\/b6adc261c30e686fa88c78fdb7a63d00","name":"bmhangszer","image":{"@type":"ImageObject","inLanguage":"hu","@id":"https:\/\/www.bmhangszer.hu\/#\/schema\/person\/image\/","url":"https:\/\/www.bmhangszer.hu\/wp-content\/uploads\/2024\/06\/BMhangszer-logo-szines-cimmel_sticky-header.png","contentUrl":"https:\/\/www.bmhangszer.hu\/wp-content\/uploads\/2024\/06\/BMhangszer-logo-szines-cimmel_sticky-header.png","width":1024,"height":636,"caption":"bmhangszer"},"logo":{"@id":"https:\/\/www.bmhangszer.hu\/#\/schema\/person\/image\/"},"sameAs":["https:\/\/www.bmhangszer.hu"]}]}},"builder_content":"<h1>Yamaha YBB-201S ez\u00fcst\u00f6z\u00f6tt B-tuba<\/h1> <p>Sz\u00e9p \u00e1llapot\u00fa haszn\u00e1lt B-tuba nagyon j\u00f3 hanggal.<\/p> <p>Ez\u00fcst\u00f6z\u00f6tt, tokkal, f\u00fav\u00f3k\u00e1val.<\/p>\n<em style=\"background-color:#b59a79;color:#f8f3ec\" ><svg xmlns:xlink=\"http:\/\/www.w3.org\/1999\/xlink\" aria-hidden=\"true\"><use href=\"#tf-fas-coins\" xlink:href=\"#tf-fas-coins\"><\/use><\/svg><\/em> 860.000,-Ft\n[gallery ids=\"749,747,748,746\"]\n<p style=\"text-align: right;\"><a href=\"https:\/\/www.bmhangszer.hu\/index.php\/rezfuvos-hangszerek\/\">\u2190 Vissza a r\u00e9zf\u00fav\u00f3s hangszerekhez<\/a><\/p>","_links":{"self":[{"href":"https:\/\/www.bmhangszer.hu\/index.php\/wp-json\/wp\/v2\/pages\/601","targetHints":{"allow":["GET"]}}],"collection":[{"href":"https:\/\/www.bmhangszer.hu\/index.php\/wp-json\/wp\/v2\/pages"}],"about":[{"href":"https:\/\/www.bmhangszer.hu\/index.php\/wp-json\/wp\/v2\/types\/page"}],"author":[{"embeddable":true,"href":"https:\/\/www.bmhangszer.hu\/index.php\/wp-json\/wp\/v2\/users\/1"}],"replies":[{"embeddable":true,"href":"https:\/\/www.bmhangszer.hu\/index.php\/wp-json\/wp\/v2\/comments?post=601"}],"version-history":[{"count":11,"href":"https:\/\/www.bmhangszer.hu\/index.php\/wp-json\/wp\/v2\/pages\/601\/revisions"}],"predecessor-version":[{"id":753,"href":"https:\/\/www.bmhangszer.hu\/index.php\/wp-json\/wp\/v2\/pages\/601\/revisions\/753"}],"up":[{"embeddable":true,"href":"https:\/\/www.bmhangszer.hu\/index.php\/wp-json\/wp\/v2\/pages\/42"}],"wp:attachment":[{"href":"https:\/\/www.bmhangszer.hu\/index.php\/wp-json\/wp\/v2\/media?parent=601"}],"curies":[{"name":"wp","href":"https:\/\/api.w.org\/{rel}","templated":true}]}}