{"id":409,"date":"2025-02-04T15:40:57","date_gmt":"2025-02-04T15:40:57","guid":{"rendered":"https:\/\/www.bmhangszer.hu\/index.php\/rezfuvos-hangszerek\/yamaha-4335-trombita-copy\/"},"modified":"2025-11-08T16:17:12","modified_gmt":"2025-11-08T16:17:12","slug":"yamaha-2335-trombita","status":"publish","type":"page","link":"https:\/\/www.bmhangszer.hu\/index.php\/rezfuvos-hangszerek\/yamaha-2335-trombita\/","title":{"rendered":"Yamaha 2335 trombita"},"content":{"rendered":"<!--themify_builder_content-->\n<div id=\"themify_builder_content-409\" data-postid=\"409\" class=\"themify_builder_content themify_builder_content-409 themify_builder tf_clear\">\n                    <div  data-lazy=\"1\" class=\"module_row themify_builder_row tb_s39r000 tb_first tf_w\">\n                        <div class=\"row_inner col_align_top tb_col_count_1 tf_box tf_rel\">\n                        <div  data-lazy=\"1\" class=\"module_column tb-column col-full tb_k2qh050 first\">\n                            <div  data-lazy=\"1\" class=\"module_subrow themify_builder_sub_row tf_w col_align_top tb_col_count_2 tb_5mtq170\">\n                <div  data-lazy=\"1\" class=\"module_column sub_column col4-2 tb_yo6b600 first\">\n                    <!-- module text -->\n<div  class=\"module module-text tb_vsw4500   \" data-lazy=\"1\">\n        <div  class=\"tb_text_wrap\">\n        <h1>Yamaha 2335 lakkozott trombita<\/h1>\n<p>Sz\u00e9p \u00e1llapot\u00fa haszn\u00e1lt trombita.\u00a0<\/p>\n<p>Tokkal, f\u00fav\u00f3k\u00e1val, frissen szervizelve.<\/p>    <\/div>\n<\/div>\n<!-- \/module text --><!-- module icon -->\n<div  class=\"module module-icon tb_nwv6199    icon_horizontal \" data-lazy=\"1\">\n\t\t\t<div class=\"module-icon-item\">\n\t\t\t\t\t\t\t\t\t\t\t\t\t\t\t\t<em class=\"tf_box\"\n\t\t\t\t\t\t\t\t\t\t\t\t style=\"background-color:#b59a79;color:#f8f3ec\"\t\t\t\t\t><svg  class=\"tf_fa tf-fas-coins\" xmlns:xlink=\"http:\/\/www.w3.org\/1999\/xlink\" aria-hidden=\"true\"><use href=\"#tf-fas-coins\" xlink:href=\"#tf-fas-coins\"><\/use><\/svg><\/em>\n\t\t\t\t\t\t\t\t\t\t\t\t\t\t\t\t\t\t\t<span>170.000,-Ft<\/span>\n\t\t\t\t\t\t\t\t\t\t\t\t\t\t\t<\/div>\n\t<\/div>\n<!-- \/module icon -->\n        <\/div>\n                    <div  data-lazy=\"1\" class=\"module_column sub_column col4-2 tb_n3fp011 last\">\n                    <!-- module gallery -->\n<div  class=\"module gallery module-gallery tb_dyn9217 layout-slider rounded \" data-lazy=\"1\">\n                <div class=\"themify_builder_slider_vertical tf_rel\">\n                <div class=\"tf_swiper-container tf_carousel themify_builder_slider tf_rel tf_overflow\"\n              data-lazy=\"1\"                data-pager=\"1\"\n                data-speed=\"1\"\n                data-slider_nav=\"1\"\n                data-wrapvar=\"1\"\n                data-height=\"variable\"\n                                    data-effect=\"scroll\"\n                                        data-css_url=\"https:\/\/www.bmhangszer.hu\/wp-content\/themes\/themify-ultra\/themify\/themify-builder\/css\/modules\/sliders\/carousel,https:\/\/www.bmhangszer.hu\/wp-content\/themes\/themify-ultra\/themify\/themify-builder\/css\/modules\/sliders\/gallery\"\n                                                                                 data-visible=\"1\" \n                data-tab-visible=\"\"\n                data-mob-visible=\"\"\n                data-scroll=\"1\"\n                                         >\n            <div class=\"tf_swiper-wrapper tf_lazy tf_rel tf_w tf_h tf_textc\">\n                                                    <div class=\"tf_swiper-slide\" style=\"\">\n                        <div class=\"slide-inner-wrap\">\n                            <div class=\"tf_lazy slide-image gallery-icon\">\n                            <a href=\"https:\/\/www.bmhangszer.hu\/wp-content\/uploads\/2025\/11\/20251108_160321.jpg\" class=\"themify_lightbox\"><img src=\"data:image\/svg+xml,%3Csvg%20xmlns=%27http:\/\/www.w3.org\/2000\/svg%27%20width='1920'%20height='656'%20viewBox=%270%200%201920%20656%27%3E%3C\/svg%3E\" loading=\"lazy\" data-lazy=\"1\" data-tf-not-load=\"1\" style=\"background:linear-gradient(to right,#313131 25%,#212224 25% 50%,#323335 50% 75%,#373737 75%),linear-gradient(to right,#d8ae72 25%,#fffeed 25% 50%,#fff3c2 50% 75%,#dfb25d 75%),linear-gradient(to right,#242424 25%,#d09d5b 25% 50%,#2b2219 50% 75%,#120d07 75%),linear-gradient(to right,#282828 25%,#814f1e 25% 50%,#0d0d0b 50% 75%,#2f3032 75%)\" decoding=\"async\" width=\"1920\" height=\"656\" data-tf-src=\"https:\/\/www.bmhangszer.hu\/wp-content\/uploads\/2025\/11\/20251108_160321.jpg\" class=\"tf_svg_lazy wp-post-image wp-image-825\" title=\"20251108_160321\" alt=\"20251108_160321\" data-tf-srcset=\"https:\/\/www.bmhangszer.hu\/wp-content\/uploads\/2025\/11\/20251108_160321.jpg 1920w, https:\/\/www.bmhangszer.hu\/wp-content\/uploads\/2025\/11\/20251108_160321-300x103.jpg 300w, https:\/\/www.bmhangszer.hu\/wp-content\/uploads\/2025\/11\/20251108_160321-1024x350.jpg 1024w, https:\/\/www.bmhangszer.hu\/wp-content\/uploads\/2025\/11\/20251108_160321-768x262.jpg 768w, https:\/\/www.bmhangszer.hu\/wp-content\/uploads\/2025\/11\/20251108_160321-1536x525.jpg 1536w\" data-tf-sizes=\"(max-width: 1920px) 100vw, 1920px\" \/><noscript><img loading=\"lazy\" decoding=\"async\" width=\"1920\" height=\"656\" data-tf-not-load src=\"https:\/\/www.bmhangszer.hu\/wp-content\/uploads\/2025\/11\/20251108_160321.jpg\" class=\"wp-post-image wp-image-825\" title=\"20251108_160321\" alt=\"20251108_160321\" srcset=\"https:\/\/www.bmhangszer.hu\/wp-content\/uploads\/2025\/11\/20251108_160321.jpg 1920w, https:\/\/www.bmhangszer.hu\/wp-content\/uploads\/2025\/11\/20251108_160321-300x103.jpg 300w, https:\/\/www.bmhangszer.hu\/wp-content\/uploads\/2025\/11\/20251108_160321-1024x350.jpg 1024w, https:\/\/www.bmhangszer.hu\/wp-content\/uploads\/2025\/11\/20251108_160321-768x262.jpg 768w, https:\/\/www.bmhangszer.hu\/wp-content\/uploads\/2025\/11\/20251108_160321-1536x525.jpg 1536w\" sizes=\"auto, (max-width: 1920px) 100vw, 1920px\" \/><\/noscript><\/a>                            <\/div>\n                                                    <\/div><\/div>\n                                    <div class=\"tf_swiper-slide\" style=\"display:none\">\n                        <div class=\"slide-inner-wrap\">\n                            <div class=\"tf_lazy slide-image gallery-icon\">\n                            <a href=\"https:\/\/www.bmhangszer.hu\/wp-content\/uploads\/2025\/11\/20251108_160344.jpg\" class=\"themify_lightbox\"><img src=\"data:image\/svg+xml,%3Csvg%20xmlns=%27http:\/\/www.w3.org\/2000\/svg%27%20width='1920'%20height='700'%20viewBox=%270%200%201920%20700%27%3E%3C\/svg%3E\" loading=\"lazy\" data-lazy=\"1\" data-tf-not-load=\"1\" style=\"background:linear-gradient(to right,#2e2d2b 25%,#2b2d2c 25% 50%,#414342 50% 75%,#333534 75%),linear-gradient(to right,#684116 25%,#997030 25% 50%,#643a00 50% 75%,#d0a368 75%),linear-gradient(to right,#24231f 25%,#fff4c0 25% 50%,#e2b979 50% 75%,#373737 75%),linear-gradient(to right,#2c2c2c 25%,#232220 25% 50%,#d2a35f 50% 75%,#252523 75%)\" decoding=\"async\" width=\"1920\" height=\"700\" data-tf-src=\"https:\/\/www.bmhangszer.hu\/wp-content\/uploads\/2025\/11\/20251108_160344.jpg\" class=\"tf_svg_lazy wp-post-image wp-image-826\" title=\"20251108_160344\" alt=\"20251108_160344\" data-tf-srcset=\"https:\/\/www.bmhangszer.hu\/wp-content\/uploads\/2025\/11\/20251108_160344.jpg 1920w, https:\/\/www.bmhangszer.hu\/wp-content\/uploads\/2025\/11\/20251108_160344-300x109.jpg 300w, https:\/\/www.bmhangszer.hu\/wp-content\/uploads\/2025\/11\/20251108_160344-1024x373.jpg 1024w, https:\/\/www.bmhangszer.hu\/wp-content\/uploads\/2025\/11\/20251108_160344-768x280.jpg 768w, https:\/\/www.bmhangszer.hu\/wp-content\/uploads\/2025\/11\/20251108_160344-1536x560.jpg 1536w\" data-tf-sizes=\"(max-width: 1920px) 100vw, 1920px\" \/><noscript><img loading=\"lazy\" decoding=\"async\" width=\"1920\" height=\"700\" data-tf-not-load src=\"https:\/\/www.bmhangszer.hu\/wp-content\/uploads\/2025\/11\/20251108_160344.jpg\" class=\"wp-post-image wp-image-826\" title=\"20251108_160344\" alt=\"20251108_160344\" srcset=\"https:\/\/www.bmhangszer.hu\/wp-content\/uploads\/2025\/11\/20251108_160344.jpg 1920w, https:\/\/www.bmhangszer.hu\/wp-content\/uploads\/2025\/11\/20251108_160344-300x109.jpg 300w, https:\/\/www.bmhangszer.hu\/wp-content\/uploads\/2025\/11\/20251108_160344-1024x373.jpg 1024w, https:\/\/www.bmhangszer.hu\/wp-content\/uploads\/2025\/11\/20251108_160344-768x280.jpg 768w, https:\/\/www.bmhangszer.hu\/wp-content\/uploads\/2025\/11\/20251108_160344-1536x560.jpg 1536w\" sizes=\"auto, (max-width: 1920px) 100vw, 1920px\" \/><\/noscript><\/a>                            <\/div>\n                                                    <\/div><\/div>\n                            <\/div>\n        <\/div>\n                <\/div>\n    <\/div>\n<!-- \/module gallery -->        <\/div>\n                    <\/div>\n        <!-- module text -->\n<div  class=\"module module-text tb_ew9h060   \" data-lazy=\"1\">\n        <div  class=\"tb_text_wrap\">\n        <p style=\"text-align: right;\"><a href=\"https:\/\/www.bmhangszer.hu\/index.php\/rezfuvos-hangszerek\/\">\u2190 Vissza a r\u00e9zf\u00fav\u00f3s hangszerekhez<\/a><\/p>    <\/div>\n<\/div>\n<!-- \/module text -->        <\/div>\n                        <\/div>\n        <\/div>\n        <\/div>\n<!--\/themify_builder_content-->","protected":false},"excerpt":{"rendered":"<p>Yamaha 2335 lakkozott trombita Sz\u00e9p \u00e1llapot\u00fa haszn\u00e1lt trombita.\u00a0 Tokkal, f\u00fav\u00f3k\u00e1val, frissen szervizelve.<\/p>\n","protected":false},"author":1,"featured_media":0,"parent":42,"menu_order":1,"comment_status":"closed","ping_status":"closed","template":"","meta":{"footnotes":""},"class_list":["post-409","page","type-page","status-publish","hentry","has-post-title","has-post-date","has-post-category","has-post-tag","has-post-comment","has-post-author",""],"yoast_head":"<!-- This site is optimized with the Yoast SEO plugin v27.1.1 - https:\/\/yoast.com\/product\/yoast-seo-wordpress\/ -->\n<title>Yamaha 2335 trombita - Balogh Mikl\u00f3s hangszer\u00e9sz<\/title>\n<meta name=\"description\" content=\"Norm\u00e1l \u00e1llapot\u00fa haszn\u00e1lt trombita. Tokkal, f\u00fav\u00f3k\u00e1val, frissen szervizelve.\" \/>\n<meta name=\"robots\" content=\"index, follow, max-snippet:-1, max-image-preview:large, max-video-preview:-1\" \/>\n<link rel=\"canonical\" href=\"https:\/\/www.bmhangszer.hu\/index.php\/rezfuvos-hangszerek\/yamaha-2335-trombita\/\" \/>\n<meta property=\"og:locale\" content=\"hu_HU\" \/>\n<meta property=\"og:type\" content=\"article\" \/>\n<meta property=\"og:title\" content=\"Yamaha 2320 trombita\" \/>\n<meta property=\"og:description\" content=\"Norm\u00e1l \u00e1llapot\u00fa haszn\u00e1lt trombita. Lakkozott,tokkal, f\u00fav\u00f3k\u00e1val, frissen szervizelve.\" \/>\n<meta property=\"og:url\" content=\"https:\/\/www.bmhangszer.hu\/index.php\/rezfuvos-hangszerek\/yamaha-2335-trombita\/\" \/>\n<meta property=\"og:site_name\" content=\"Balogh Mikl\u00f3s hangszer\u00e9sz\" \/>\n<meta property=\"article:modified_time\" content=\"2025-11-08T16:17:12+00:00\" \/>\n<meta name=\"twitter:card\" content=\"summary_large_image\" \/>\n<meta name=\"twitter:image\" content=\"https:\/\/www.bmhangszer.hu\/wp-content\/uploads\/2025\/11\/20251108_160321.jpg\" \/>\n<meta name=\"twitter:label1\" content=\"Becs\u00fclt olvas\u00e1si id\u0151\" \/>\n\t<meta name=\"twitter:data1\" content=\"1 perc\" \/>\n<script type=\"application\/ld+json\" class=\"yoast-schema-graph\">{\"@context\":\"https:\/\/schema.org\",\"@graph\":[{\"@type\":\"WebPage\",\"@id\":\"https:\/\/www.bmhangszer.hu\/index.php\/rezfuvos-hangszerek\/yamaha-2335-trombita\/\",\"url\":\"https:\/\/www.bmhangszer.hu\/index.php\/rezfuvos-hangszerek\/yamaha-2335-trombita\/\",\"name\":\"Yamaha 2335 trombita - Balogh Mikl\u00f3s hangszer\u00e9sz\",\"isPartOf\":{\"@id\":\"https:\/\/www.bmhangszer.hu\/#website\"},\"datePublished\":\"2025-02-04T15:40:57+00:00\",\"dateModified\":\"2025-11-08T16:17:12+00:00\",\"description\":\"Norm\u00e1l \u00e1llapot\u00fa haszn\u00e1lt trombita. Tokkal, f\u00fav\u00f3k\u00e1val, frissen szervizelve.\",\"breadcrumb\":{\"@id\":\"https:\/\/www.bmhangszer.hu\/index.php\/rezfuvos-hangszerek\/yamaha-2335-trombita\/#breadcrumb\"},\"inLanguage\":\"hu\",\"potentialAction\":[{\"@type\":\"ReadAction\",\"target\":[\"https:\/\/www.bmhangszer.hu\/index.php\/rezfuvos-hangszerek\/yamaha-2335-trombita\/\"]}]},{\"@type\":\"BreadcrumbList\",\"@id\":\"https:\/\/www.bmhangszer.hu\/index.php\/rezfuvos-hangszerek\/yamaha-2335-trombita\/#breadcrumb\",\"itemListElement\":[{\"@type\":\"ListItem\",\"position\":1,\"name\":\"Kezd\u0151lap\",\"item\":\"https:\/\/www.bmhangszer.hu\/\"},{\"@type\":\"ListItem\",\"position\":2,\"name\":\"R\u00e9zf\u00fav\u00f3s hangszerek\",\"item\":\"https:\/\/www.bmhangszer.hu\/index.php\/rezfuvos-hangszerek\/\"},{\"@type\":\"ListItem\",\"position\":3,\"name\":\"Yamaha 2335 trombita\"}]},{\"@type\":\"WebSite\",\"@id\":\"https:\/\/www.bmhangszer.hu\/#website\",\"url\":\"https:\/\/www.bmhangszer.hu\/\",\"name\":\"Balogh Mikl\u00f3s hangszer\u00e9sz\",\"description\":\"Balogh Mikl\u00f3s hangszer\u00e9sz\",\"publisher\":{\"@id\":\"https:\/\/www.bmhangszer.hu\/#\/schema\/person\/b6adc261c30e686fa88c78fdb7a63d00\"},\"potentialAction\":[{\"@type\":\"SearchAction\",\"target\":{\"@type\":\"EntryPoint\",\"urlTemplate\":\"https:\/\/www.bmhangszer.hu\/?s={search_term_string}\"},\"query-input\":{\"@type\":\"PropertyValueSpecification\",\"valueRequired\":true,\"valueName\":\"search_term_string\"}}],\"inLanguage\":\"hu\"},{\"@type\":[\"Person\",\"Organization\"],\"@id\":\"https:\/\/www.bmhangszer.hu\/#\/schema\/person\/b6adc261c30e686fa88c78fdb7a63d00\",\"name\":\"bmhangszer\",\"image\":{\"@type\":\"ImageObject\",\"inLanguage\":\"hu\",\"@id\":\"https:\/\/www.bmhangszer.hu\/#\/schema\/person\/image\/\",\"url\":\"https:\/\/www.bmhangszer.hu\/wp-content\/uploads\/2024\/06\/BMhangszer-logo-szines-cimmel_sticky-header.png\",\"contentUrl\":\"https:\/\/www.bmhangszer.hu\/wp-content\/uploads\/2024\/06\/BMhangszer-logo-szines-cimmel_sticky-header.png\",\"width\":1024,\"height\":636,\"caption\":\"bmhangszer\"},\"logo\":{\"@id\":\"https:\/\/www.bmhangszer.hu\/#\/schema\/person\/image\/\"},\"sameAs\":[\"https:\/\/www.bmhangszer.hu\"]}]}<\/script>\n<!-- \/ Yoast SEO plugin. -->","yoast_head_json":{"title":"Yamaha 2335 trombita - Balogh Mikl\u00f3s hangszer\u00e9sz","description":"Norm\u00e1l \u00e1llapot\u00fa haszn\u00e1lt trombita. Tokkal, f\u00fav\u00f3k\u00e1val, frissen szervizelve.","robots":{"index":"index","follow":"follow","max-snippet":"max-snippet:-1","max-image-preview":"max-image-preview:large","max-video-preview":"max-video-preview:-1"},"canonical":"https:\/\/www.bmhangszer.hu\/index.php\/rezfuvos-hangszerek\/yamaha-2335-trombita\/","og_locale":"hu_HU","og_type":"article","og_title":"Yamaha 2320 trombita","og_description":"Norm\u00e1l \u00e1llapot\u00fa haszn\u00e1lt trombita. Lakkozott,tokkal, f\u00fav\u00f3k\u00e1val, frissen szervizelve.","og_url":"https:\/\/www.bmhangszer.hu\/index.php\/rezfuvos-hangszerek\/yamaha-2335-trombita\/","og_site_name":"Balogh Mikl\u00f3s hangszer\u00e9sz","article_modified_time":"2025-11-08T16:17:12+00:00","twitter_card":"summary_large_image","twitter_image":"https:\/\/www.bmhangszer.hu\/wp-content\/uploads\/2025\/11\/20251108_160321.jpg","twitter_misc":{"Becs\u00fclt olvas\u00e1si id\u0151":"1 perc"},"schema":{"@context":"https:\/\/schema.org","@graph":[{"@type":"WebPage","@id":"https:\/\/www.bmhangszer.hu\/index.php\/rezfuvos-hangszerek\/yamaha-2335-trombita\/","url":"https:\/\/www.bmhangszer.hu\/index.php\/rezfuvos-hangszerek\/yamaha-2335-trombita\/","name":"Yamaha 2335 trombita - Balogh Mikl\u00f3s hangszer\u00e9sz","isPartOf":{"@id":"https:\/\/www.bmhangszer.hu\/#website"},"datePublished":"2025-02-04T15:40:57+00:00","dateModified":"2025-11-08T16:17:12+00:00","description":"Norm\u00e1l \u00e1llapot\u00fa haszn\u00e1lt trombita. Tokkal, f\u00fav\u00f3k\u00e1val, frissen szervizelve.","breadcrumb":{"@id":"https:\/\/www.bmhangszer.hu\/index.php\/rezfuvos-hangszerek\/yamaha-2335-trombita\/#breadcrumb"},"inLanguage":"hu","potentialAction":[{"@type":"ReadAction","target":["https:\/\/www.bmhangszer.hu\/index.php\/rezfuvos-hangszerek\/yamaha-2335-trombita\/"]}]},{"@type":"BreadcrumbList","@id":"https:\/\/www.bmhangszer.hu\/index.php\/rezfuvos-hangszerek\/yamaha-2335-trombita\/#breadcrumb","itemListElement":[{"@type":"ListItem","position":1,"name":"Kezd\u0151lap","item":"https:\/\/www.bmhangszer.hu\/"},{"@type":"ListItem","position":2,"name":"R\u00e9zf\u00fav\u00f3s hangszerek","item":"https:\/\/www.bmhangszer.hu\/index.php\/rezfuvos-hangszerek\/"},{"@type":"ListItem","position":3,"name":"Yamaha 2335 trombita"}]},{"@type":"WebSite","@id":"https:\/\/www.bmhangszer.hu\/#website","url":"https:\/\/www.bmhangszer.hu\/","name":"Balogh Mikl\u00f3s hangszer\u00e9sz","description":"Balogh Mikl\u00f3s hangszer\u00e9sz","publisher":{"@id":"https:\/\/www.bmhangszer.hu\/#\/schema\/person\/b6adc261c30e686fa88c78fdb7a63d00"},"potentialAction":[{"@type":"SearchAction","target":{"@type":"EntryPoint","urlTemplate":"https:\/\/www.bmhangszer.hu\/?s={search_term_string}"},"query-input":{"@type":"PropertyValueSpecification","valueRequired":true,"valueName":"search_term_string"}}],"inLanguage":"hu"},{"@type":["Person","Organization"],"@id":"https:\/\/www.bmhangszer.hu\/#\/schema\/person\/b6adc261c30e686fa88c78fdb7a63d00","name":"bmhangszer","image":{"@type":"ImageObject","inLanguage":"hu","@id":"https:\/\/www.bmhangszer.hu\/#\/schema\/person\/image\/","url":"https:\/\/www.bmhangszer.hu\/wp-content\/uploads\/2024\/06\/BMhangszer-logo-szines-cimmel_sticky-header.png","contentUrl":"https:\/\/www.bmhangszer.hu\/wp-content\/uploads\/2024\/06\/BMhangszer-logo-szines-cimmel_sticky-header.png","width":1024,"height":636,"caption":"bmhangszer"},"logo":{"@id":"https:\/\/www.bmhangszer.hu\/#\/schema\/person\/image\/"},"sameAs":["https:\/\/www.bmhangszer.hu"]}]}},"builder_content":"<h1>Yamaha 2335 lakkozott trombita<\/h1> <p>Sz\u00e9p \u00e1llapot\u00fa haszn\u00e1lt trombita.\u00a0<\/p> <p>Tokkal, f\u00fav\u00f3k\u00e1val, frissen szervizelve.<\/p>\n<em style=\"background-color:#b59a79;color:#f8f3ec\" ><svg xmlns:xlink=\"http:\/\/www.w3.org\/1999\/xlink\" aria-hidden=\"true\"><use href=\"#tf-fas-coins\" xlink:href=\"#tf-fas-coins\"><\/use><\/svg><\/em> 170.000,-Ft\n[gallery ids=\"825,826\"]\n<p style=\"text-align: right;\"><a href=\"https:\/\/www.bmhangszer.hu\/index.php\/rezfuvos-hangszerek\/\">\u2190 Vissza a r\u00e9zf\u00fav\u00f3s hangszerekhez<\/a><\/p>","_links":{"self":[{"href":"https:\/\/www.bmhangszer.hu\/index.php\/wp-json\/wp\/v2\/pages\/409","targetHints":{"allow":["GET"]}}],"collection":[{"href":"https:\/\/www.bmhangszer.hu\/index.php\/wp-json\/wp\/v2\/pages"}],"about":[{"href":"https:\/\/www.bmhangszer.hu\/index.php\/wp-json\/wp\/v2\/types\/page"}],"author":[{"embeddable":true,"href":"https:\/\/www.bmhangszer.hu\/index.php\/wp-json\/wp\/v2\/users\/1"}],"replies":[{"embeddable":true,"href":"https:\/\/www.bmhangszer.hu\/index.php\/wp-json\/wp\/v2\/comments?post=409"}],"version-history":[{"count":38,"href":"https:\/\/www.bmhangszer.hu\/index.php\/wp-json\/wp\/v2\/pages\/409\/revisions"}],"predecessor-version":[{"id":829,"href":"https:\/\/www.bmhangszer.hu\/index.php\/wp-json\/wp\/v2\/pages\/409\/revisions\/829"}],"up":[{"embeddable":true,"href":"https:\/\/www.bmhangszer.hu\/index.php\/wp-json\/wp\/v2\/pages\/42"}],"wp:attachment":[{"href":"https:\/\/www.bmhangszer.hu\/index.php\/wp-json\/wp\/v2\/media?parent=409"}],"curies":[{"name":"wp","href":"https:\/\/api.w.org\/{rel}","templated":true}]}}