{"id":288,"date":"2024-12-21T13:00:46","date_gmt":"2024-12-21T13:00:46","guid":{"rendered":"https:\/\/www.bmhangszer.hu\/index.php\/fafuvos-hangszerek\/yamaha-34s-ii-klarinet-copy\/"},"modified":"2026-01-21T20:03:22","modified_gmt":"2026-01-21T20:03:22","slug":"yamaha-yas-25-alt-szaxofon","status":"publish","type":"page","link":"https:\/\/www.bmhangszer.hu\/index.php\/fafuvos-hangszerek\/yamaha-yas-25-alt-szaxofon\/","title":{"rendered":"Yamaha YAS-25 alt szaxofon"},"content":{"rendered":"<!--themify_builder_content-->\n<div id=\"themify_builder_content-288\" data-postid=\"288\" class=\"themify_builder_content themify_builder_content-288 themify_builder tf_clear\">\n                    <div  data-lazy=\"1\" class=\"module_row themify_builder_row tb_abmn275 tb_first tf_w\">\n                        <div class=\"row_inner col_align_top tb_col_count_1 tf_box tf_rel\">\n                        <div  data-lazy=\"1\" class=\"module_column tb-column col-full tb_9oj4470 first\">\n                            <div  data-lazy=\"1\" class=\"module_subrow themify_builder_sub_row tf_w col_align_top tb_col_count_2 tb_zdho460\">\n                <div  data-lazy=\"1\" class=\"module_column sub_column col4-2 tb_oz2a506 first\">\n                    <!-- module text -->\n<div  class=\"module module-text tb_spo1084   \" data-lazy=\"1\">\n        <div  class=\"tb_text_wrap\">\n        <h1>Yamaha YAS-25 alt-szaxofon<\/h1>\n<p>Lakkozott, sz\u00e9p \u00e1llapot\u00fa.<\/p>\n<p>\u00c1tn\u00e9zve, be\u00e1ll\u00edtva.<\/p>    <\/div>\n<\/div>\n<!-- \/module text --><!-- module icon -->\n<div  class=\"module module-icon tb_de8x800    icon_horizontal \" data-lazy=\"1\">\n\t\t\t<div class=\"module-icon-item\">\n\t\t\t\t\t\t\t\t\t\t\t\t\t\t\t\t<em class=\"tf_box\"\n\t\t\t\t\t\t\t\t\t\t\t\t style=\"background-color:#b59a79;color:#f8f3ec\"\t\t\t\t\t><svg  class=\"tf_fa tf-fas-coins\" xmlns:xlink=\"http:\/\/www.w3.org\/1999\/xlink\" aria-hidden=\"true\"><use href=\"#tf-fas-coins\" xlink:href=\"#tf-fas-coins\"><\/use><\/svg><\/em>\n\t\t\t\t\t\t\t\t\t\t\t\t\t\t\t\t\t\t\t<span>320.000,-Ft<\/span>\n\t\t\t\t\t\t\t\t\t\t\t\t\t\t\t<\/div>\n\t<\/div>\n<!-- \/module icon -->\n        <\/div>\n                    <div  data-lazy=\"1\" class=\"module_column sub_column col4-2 tb_8alz088 last\">\n                    <!-- module gallery -->\n<div  class=\"module gallery module-gallery tb_bbjh044 layout-slider rounded \" data-lazy=\"1\">\n                <div class=\"themify_builder_slider_vertical tf_rel\">\n                <div class=\"tf_swiper-container tf_carousel themify_builder_slider tf_rel tf_overflow\"\n              data-lazy=\"1\"                data-pager=\"1\"\n                data-speed=\"1\"\n                data-slider_nav=\"1\"\n                data-wrapvar=\"1\"\n                data-height=\"variable\"\n                                    data-effect=\"scroll\"\n                                        data-css_url=\"https:\/\/www.bmhangszer.hu\/wp-content\/themes\/themify-ultra\/themify\/themify-builder\/css\/modules\/sliders\/carousel,https:\/\/www.bmhangszer.hu\/wp-content\/themes\/themify-ultra\/themify\/themify-builder\/css\/modules\/sliders\/gallery\"\n                                                                                 data-visible=\"1\" \n                data-tab-visible=\"\"\n                data-mob-visible=\"\"\n                data-scroll=\"1\"\n                                         >\n            <div class=\"tf_swiper-wrapper tf_lazy tf_rel tf_w tf_h tf_textc\">\n                                                    <div class=\"tf_swiper-slide\" style=\"\">\n                        <div class=\"slide-inner-wrap\">\n                            <div class=\"tf_lazy slide-image gallery-icon\">\n                            <a href=\"https:\/\/www.bmhangszer.hu\/wp-content\/uploads\/2026\/01\/20260121_154630.jpg\" class=\"themify_lightbox\"><img src=\"data:image\/svg+xml,%3Csvg%20xmlns=%27http:\/\/www.w3.org\/2000\/svg%27%20width='1920'%20height='738'%20viewBox=%270%200%201920%20738%27%3E%3C\/svg%3E\" loading=\"lazy\" data-lazy=\"1\" data-tf-not-load=\"1\" style=\"background:linear-gradient(to right,#524127 25%,#c5ad91 25% 50%,#b8aea2 50% 75%,#9e9463 75%),linear-gradient(to right,#8b6816 25%,#2e1c10 25% 50%,#16120f 50% 75%,#0b0b0b 75%),linear-gradient(to right,#a39282 25%,#fdedd4 25% 50%,#cabdad 50% 75%,#282828 75%),linear-gradient(to right,#1c1c1a 25%,#121212 25% 50%,#232325 50% 75%,#292929 75%)\" decoding=\"async\" width=\"1920\" height=\"738\" data-tf-src=\"https:\/\/www.bmhangszer.hu\/wp-content\/uploads\/2026\/01\/20260121_154630.jpg\" class=\"tf_svg_lazy wp-post-image wp-image-1044\" title=\"20260121_154630\" alt=\"20260121_154630\" data-tf-srcset=\"https:\/\/www.bmhangszer.hu\/wp-content\/uploads\/2026\/01\/20260121_154630.jpg 1920w, https:\/\/www.bmhangszer.hu\/wp-content\/uploads\/2026\/01\/20260121_154630-300x115.jpg 300w, https:\/\/www.bmhangszer.hu\/wp-content\/uploads\/2026\/01\/20260121_154630-1024x394.jpg 1024w, https:\/\/www.bmhangszer.hu\/wp-content\/uploads\/2026\/01\/20260121_154630-768x295.jpg 768w, https:\/\/www.bmhangszer.hu\/wp-content\/uploads\/2026\/01\/20260121_154630-1536x590.jpg 1536w\" data-tf-sizes=\"(max-width: 1920px) 100vw, 1920px\" \/><noscript><img loading=\"lazy\" decoding=\"async\" width=\"1920\" height=\"738\" data-tf-not-load src=\"https:\/\/www.bmhangszer.hu\/wp-content\/uploads\/2026\/01\/20260121_154630.jpg\" class=\"wp-post-image wp-image-1044\" title=\"20260121_154630\" alt=\"20260121_154630\" srcset=\"https:\/\/www.bmhangszer.hu\/wp-content\/uploads\/2026\/01\/20260121_154630.jpg 1920w, https:\/\/www.bmhangszer.hu\/wp-content\/uploads\/2026\/01\/20260121_154630-300x115.jpg 300w, https:\/\/www.bmhangszer.hu\/wp-content\/uploads\/2026\/01\/20260121_154630-1024x394.jpg 1024w, https:\/\/www.bmhangszer.hu\/wp-content\/uploads\/2026\/01\/20260121_154630-768x295.jpg 768w, https:\/\/www.bmhangszer.hu\/wp-content\/uploads\/2026\/01\/20260121_154630-1536x590.jpg 1536w\" sizes=\"auto, (max-width: 1920px) 100vw, 1920px\" \/><\/noscript><\/a>                            <\/div>\n                                                    <\/div><\/div>\n                                    <div class=\"tf_swiper-slide\" style=\"display:none\">\n                        <div class=\"slide-inner-wrap\">\n                            <div class=\"tf_lazy slide-image gallery-icon\">\n                            <a href=\"https:\/\/www.bmhangszer.hu\/wp-content\/uploads\/2026\/01\/20260121_154648.jpg\" class=\"themify_lightbox\"><img src=\"data:image\/svg+xml,%3Csvg%20xmlns=%27http:\/\/www.w3.org\/2000\/svg%27%20width='1920'%20height='774'%20viewBox=%270%200%201920%20774%27%3E%3C\/svg%3E\" loading=\"lazy\" data-lazy=\"1\" data-tf-not-load=\"1\" style=\"background:linear-gradient(to right,#464644 25%,#414141 25% 50%,#343434 50% 75%,#272727 75%),linear-gradient(to right,#e1cd92 25%,#a17b4e 25% 50%,#cabba4 50% 75%,#ded1c1 75%),linear-gradient(to right,#653720 25%,#aa967b 25% 50%,#ae9c98 50% 75%,#262626 75%),linear-gradient(to right,#744d2e 25%,#7f724f 25% 50%,#1c1a1d 50% 75%,#0e0e0c 75%)\" decoding=\"async\" width=\"1920\" height=\"774\" data-tf-src=\"https:\/\/www.bmhangszer.hu\/wp-content\/uploads\/2026\/01\/20260121_154648.jpg\" class=\"tf_svg_lazy wp-post-image wp-image-1045\" title=\"20260121_154648\" alt=\"20260121_154648\" data-tf-srcset=\"https:\/\/www.bmhangszer.hu\/wp-content\/uploads\/2026\/01\/20260121_154648.jpg 1920w, https:\/\/www.bmhangszer.hu\/wp-content\/uploads\/2026\/01\/20260121_154648-300x121.jpg 300w, https:\/\/www.bmhangszer.hu\/wp-content\/uploads\/2026\/01\/20260121_154648-1024x413.jpg 1024w, https:\/\/www.bmhangszer.hu\/wp-content\/uploads\/2026\/01\/20260121_154648-768x310.jpg 768w, https:\/\/www.bmhangszer.hu\/wp-content\/uploads\/2026\/01\/20260121_154648-1536x619.jpg 1536w\" data-tf-sizes=\"(max-width: 1920px) 100vw, 1920px\" \/><noscript><img loading=\"lazy\" decoding=\"async\" width=\"1920\" height=\"774\" data-tf-not-load src=\"https:\/\/www.bmhangszer.hu\/wp-content\/uploads\/2026\/01\/20260121_154648.jpg\" class=\"wp-post-image wp-image-1045\" title=\"20260121_154648\" alt=\"20260121_154648\" srcset=\"https:\/\/www.bmhangszer.hu\/wp-content\/uploads\/2026\/01\/20260121_154648.jpg 1920w, https:\/\/www.bmhangszer.hu\/wp-content\/uploads\/2026\/01\/20260121_154648-300x121.jpg 300w, https:\/\/www.bmhangszer.hu\/wp-content\/uploads\/2026\/01\/20260121_154648-1024x413.jpg 1024w, https:\/\/www.bmhangszer.hu\/wp-content\/uploads\/2026\/01\/20260121_154648-768x310.jpg 768w, https:\/\/www.bmhangszer.hu\/wp-content\/uploads\/2026\/01\/20260121_154648-1536x619.jpg 1536w\" sizes=\"auto, (max-width: 1920px) 100vw, 1920px\" \/><\/noscript><\/a>                            <\/div>\n                                                    <\/div><\/div>\n                            <\/div>\n        <\/div>\n                <\/div>\n    <\/div>\n<!-- \/module gallery -->        <\/div>\n                    <\/div>\n        <!-- module text -->\n<div  class=\"module module-text tb_07tr979   \" data-lazy=\"1\">\n        <div  class=\"tb_text_wrap\">\n        <p style=\"text-align: right;\"><a href=\"https:\/\/www.bmhangszer.hu\/index.php\/fafuvos-hangszerek\/\">\u2190 Vissza a faf\u00fav\u00f3s hangszerekhez<\/a><\/p>\n    <\/div>\n<\/div>\n<!-- \/module text -->        <\/div>\n                        <\/div>\n        <\/div>\n        <\/div>\n<!--\/themify_builder_content-->","protected":false},"excerpt":{"rendered":"<p>Yamaha YAS-25 alt-szaxofon Lakkozott, sz\u00e9p \u00e1llapot\u00fa. \u00c1tn\u00e9zve, be\u00e1ll\u00edtva.<\/p>\n","protected":false},"author":1,"featured_media":0,"parent":44,"menu_order":1,"comment_status":"closed","ping_status":"closed","template":"","meta":{"footnotes":""},"class_list":["post-288","page","type-page","status-publish","hentry","has-post-title","has-post-date","has-post-category","has-post-tag","has-post-comment","has-post-author",""],"yoast_head":"<!-- This site is optimized with the Yoast SEO plugin v27.1.1 - https:\/\/yoast.com\/product\/yoast-seo-wordpress\/ -->\n<title>Yamaha YAS-25 alt szaxofon - Balogh Mikl\u00f3s hangszer\u00e9sz<\/title>\n<meta name=\"robots\" content=\"index, follow, max-snippet:-1, max-image-preview:large, max-video-preview:-1\" \/>\n<link rel=\"canonical\" href=\"https:\/\/www.bmhangszer.hu\/index.php\/fafuvos-hangszerek\/yamaha-yas-25-alt-szaxofon\/\" \/>\n<meta property=\"og:locale\" content=\"hu_HU\" \/>\n<meta property=\"og:type\" content=\"article\" \/>\n<meta property=\"og:title\" content=\"Yamaha YAS-25 alt szaxofon - Balogh Mikl\u00f3s hangszer\u00e9sz\" \/>\n<meta property=\"og:description\" content=\"Yamaha YAS-25 alt-szaxofon Lakkozott, sz\u00e9p \u00e1llapot\u00fa. \u00c1tn\u00e9zve, be\u00e1ll\u00edtva.\" \/>\n<meta property=\"og:url\" content=\"https:\/\/www.bmhangszer.hu\/index.php\/fafuvos-hangszerek\/yamaha-yas-25-alt-szaxofon\/\" \/>\n<meta property=\"og:site_name\" content=\"Balogh Mikl\u00f3s hangszer\u00e9sz\" \/>\n<meta property=\"article:modified_time\" content=\"2026-01-21T20:03:22+00:00\" \/>\n<meta property=\"og:image\" content=\"https:\/\/www.bmhangszer.hu\/wp-content\/uploads\/2026\/01\/20260121_154630-150x150.jpg\" \/>\n<meta name=\"twitter:card\" content=\"summary_large_image\" \/>\n<meta name=\"twitter:label1\" content=\"Becs\u00fclt olvas\u00e1si id\u0151\" \/>\n\t<meta name=\"twitter:data1\" content=\"1 perc\" \/>\n<script type=\"application\/ld+json\" class=\"yoast-schema-graph\">{\"@context\":\"https:\/\/schema.org\",\"@graph\":[{\"@type\":\"WebPage\",\"@id\":\"https:\/\/www.bmhangszer.hu\/index.php\/fafuvos-hangszerek\/yamaha-yas-25-alt-szaxofon\/\",\"url\":\"https:\/\/www.bmhangszer.hu\/index.php\/fafuvos-hangszerek\/yamaha-yas-25-alt-szaxofon\/\",\"name\":\"Yamaha YAS-25 alt szaxofon - Balogh Mikl\u00f3s hangszer\u00e9sz\",\"isPartOf\":{\"@id\":\"https:\/\/www.bmhangszer.hu\/#website\"},\"datePublished\":\"2024-12-21T13:00:46+00:00\",\"dateModified\":\"2026-01-21T20:03:22+00:00\",\"breadcrumb\":{\"@id\":\"https:\/\/www.bmhangszer.hu\/index.php\/fafuvos-hangszerek\/yamaha-yas-25-alt-szaxofon\/#breadcrumb\"},\"inLanguage\":\"hu\",\"potentialAction\":[{\"@type\":\"ReadAction\",\"target\":[\"https:\/\/www.bmhangszer.hu\/index.php\/fafuvos-hangszerek\/yamaha-yas-25-alt-szaxofon\/\"]}]},{\"@type\":\"BreadcrumbList\",\"@id\":\"https:\/\/www.bmhangszer.hu\/index.php\/fafuvos-hangszerek\/yamaha-yas-25-alt-szaxofon\/#breadcrumb\",\"itemListElement\":[{\"@type\":\"ListItem\",\"position\":1,\"name\":\"Kezd\u0151lap\",\"item\":\"https:\/\/www.bmhangszer.hu\/\"},{\"@type\":\"ListItem\",\"position\":2,\"name\":\"Faf\u00fav\u00f3s hangszerek\",\"item\":\"https:\/\/www.bmhangszer.hu\/index.php\/fafuvos-hangszerek\/\"},{\"@type\":\"ListItem\",\"position\":3,\"name\":\"Yamaha YAS-25 alt szaxofon\"}]},{\"@type\":\"WebSite\",\"@id\":\"https:\/\/www.bmhangszer.hu\/#website\",\"url\":\"https:\/\/www.bmhangszer.hu\/\",\"name\":\"Balogh Mikl\u00f3s hangszer\u00e9sz\",\"description\":\"Balogh Mikl\u00f3s hangszer\u00e9sz\",\"publisher\":{\"@id\":\"https:\/\/www.bmhangszer.hu\/#\/schema\/person\/b6adc261c30e686fa88c78fdb7a63d00\"},\"potentialAction\":[{\"@type\":\"SearchAction\",\"target\":{\"@type\":\"EntryPoint\",\"urlTemplate\":\"https:\/\/www.bmhangszer.hu\/?s={search_term_string}\"},\"query-input\":{\"@type\":\"PropertyValueSpecification\",\"valueRequired\":true,\"valueName\":\"search_term_string\"}}],\"inLanguage\":\"hu\"},{\"@type\":[\"Person\",\"Organization\"],\"@id\":\"https:\/\/www.bmhangszer.hu\/#\/schema\/person\/b6adc261c30e686fa88c78fdb7a63d00\",\"name\":\"bmhangszer\",\"image\":{\"@type\":\"ImageObject\",\"inLanguage\":\"hu\",\"@id\":\"https:\/\/www.bmhangszer.hu\/#\/schema\/person\/image\/\",\"url\":\"https:\/\/www.bmhangszer.hu\/wp-content\/uploads\/2024\/06\/BMhangszer-logo-szines-cimmel_sticky-header.png\",\"contentUrl\":\"https:\/\/www.bmhangszer.hu\/wp-content\/uploads\/2024\/06\/BMhangszer-logo-szines-cimmel_sticky-header.png\",\"width\":1024,\"height\":636,\"caption\":\"bmhangszer\"},\"logo\":{\"@id\":\"https:\/\/www.bmhangszer.hu\/#\/schema\/person\/image\/\"},\"sameAs\":[\"https:\/\/www.bmhangszer.hu\"]}]}<\/script>\n<!-- \/ Yoast SEO plugin. -->","yoast_head_json":{"title":"Yamaha YAS-25 alt szaxofon - Balogh Mikl\u00f3s hangszer\u00e9sz","robots":{"index":"index","follow":"follow","max-snippet":"max-snippet:-1","max-image-preview":"max-image-preview:large","max-video-preview":"max-video-preview:-1"},"canonical":"https:\/\/www.bmhangszer.hu\/index.php\/fafuvos-hangszerek\/yamaha-yas-25-alt-szaxofon\/","og_locale":"hu_HU","og_type":"article","og_title":"Yamaha YAS-25 alt szaxofon - Balogh Mikl\u00f3s hangszer\u00e9sz","og_description":"Yamaha YAS-25 alt-szaxofon Lakkozott, sz\u00e9p \u00e1llapot\u00fa. \u00c1tn\u00e9zve, be\u00e1ll\u00edtva.","og_url":"https:\/\/www.bmhangszer.hu\/index.php\/fafuvos-hangszerek\/yamaha-yas-25-alt-szaxofon\/","og_site_name":"Balogh Mikl\u00f3s hangszer\u00e9sz","article_modified_time":"2026-01-21T20:03:22+00:00","og_image":[{"url":"https:\/\/www.bmhangszer.hu\/wp-content\/uploads\/2026\/01\/20260121_154630-150x150.jpg","type":"","width":"","height":""}],"twitter_card":"summary_large_image","twitter_misc":{"Becs\u00fclt olvas\u00e1si id\u0151":"1 perc"},"schema":{"@context":"https:\/\/schema.org","@graph":[{"@type":"WebPage","@id":"https:\/\/www.bmhangszer.hu\/index.php\/fafuvos-hangszerek\/yamaha-yas-25-alt-szaxofon\/","url":"https:\/\/www.bmhangszer.hu\/index.php\/fafuvos-hangszerek\/yamaha-yas-25-alt-szaxofon\/","name":"Yamaha YAS-25 alt szaxofon - Balogh Mikl\u00f3s hangszer\u00e9sz","isPartOf":{"@id":"https:\/\/www.bmhangszer.hu\/#website"},"datePublished":"2024-12-21T13:00:46+00:00","dateModified":"2026-01-21T20:03:22+00:00","breadcrumb":{"@id":"https:\/\/www.bmhangszer.hu\/index.php\/fafuvos-hangszerek\/yamaha-yas-25-alt-szaxofon\/#breadcrumb"},"inLanguage":"hu","potentialAction":[{"@type":"ReadAction","target":["https:\/\/www.bmhangszer.hu\/index.php\/fafuvos-hangszerek\/yamaha-yas-25-alt-szaxofon\/"]}]},{"@type":"BreadcrumbList","@id":"https:\/\/www.bmhangszer.hu\/index.php\/fafuvos-hangszerek\/yamaha-yas-25-alt-szaxofon\/#breadcrumb","itemListElement":[{"@type":"ListItem","position":1,"name":"Kezd\u0151lap","item":"https:\/\/www.bmhangszer.hu\/"},{"@type":"ListItem","position":2,"name":"Faf\u00fav\u00f3s hangszerek","item":"https:\/\/www.bmhangszer.hu\/index.php\/fafuvos-hangszerek\/"},{"@type":"ListItem","position":3,"name":"Yamaha YAS-25 alt szaxofon"}]},{"@type":"WebSite","@id":"https:\/\/www.bmhangszer.hu\/#website","url":"https:\/\/www.bmhangszer.hu\/","name":"Balogh Mikl\u00f3s hangszer\u00e9sz","description":"Balogh Mikl\u00f3s hangszer\u00e9sz","publisher":{"@id":"https:\/\/www.bmhangszer.hu\/#\/schema\/person\/b6adc261c30e686fa88c78fdb7a63d00"},"potentialAction":[{"@type":"SearchAction","target":{"@type":"EntryPoint","urlTemplate":"https:\/\/www.bmhangszer.hu\/?s={search_term_string}"},"query-input":{"@type":"PropertyValueSpecification","valueRequired":true,"valueName":"search_term_string"}}],"inLanguage":"hu"},{"@type":["Person","Organization"],"@id":"https:\/\/www.bmhangszer.hu\/#\/schema\/person\/b6adc261c30e686fa88c78fdb7a63d00","name":"bmhangszer","image":{"@type":"ImageObject","inLanguage":"hu","@id":"https:\/\/www.bmhangszer.hu\/#\/schema\/person\/image\/","url":"https:\/\/www.bmhangszer.hu\/wp-content\/uploads\/2024\/06\/BMhangszer-logo-szines-cimmel_sticky-header.png","contentUrl":"https:\/\/www.bmhangszer.hu\/wp-content\/uploads\/2024\/06\/BMhangszer-logo-szines-cimmel_sticky-header.png","width":1024,"height":636,"caption":"bmhangszer"},"logo":{"@id":"https:\/\/www.bmhangszer.hu\/#\/schema\/person\/image\/"},"sameAs":["https:\/\/www.bmhangszer.hu"]}]}},"builder_content":"<h1>Yamaha YAS-25 alt-szaxofon<\/h1> <p>Lakkozott, sz\u00e9p \u00e1llapot\u00fa.<\/p> <p>\u00c1tn\u00e9zve, be\u00e1ll\u00edtva.<\/p>\n<em style=\"background-color:#b59a79;color:#f8f3ec\" ><svg xmlns:xlink=\"http:\/\/www.w3.org\/1999\/xlink\" aria-hidden=\"true\"><use href=\"#tf-fas-coins\" xlink:href=\"#tf-fas-coins\"><\/use><\/svg><\/em> 320.000,-Ft\n[gallery ids=\"1044,1045\"]\n<p style=\"text-align: right;\"><a href=\"https:\/\/www.bmhangszer.hu\/index.php\/fafuvos-hangszerek\/\">\u2190 Vissza a faf\u00fav\u00f3s hangszerekhez<\/a><\/p>","_links":{"self":[{"href":"https:\/\/www.bmhangszer.hu\/index.php\/wp-json\/wp\/v2\/pages\/288","targetHints":{"allow":["GET"]}}],"collection":[{"href":"https:\/\/www.bmhangszer.hu\/index.php\/wp-json\/wp\/v2\/pages"}],"about":[{"href":"https:\/\/www.bmhangszer.hu\/index.php\/wp-json\/wp\/v2\/types\/page"}],"author":[{"embeddable":true,"href":"https:\/\/www.bmhangszer.hu\/index.php\/wp-json\/wp\/v2\/users\/1"}],"replies":[{"embeddable":true,"href":"https:\/\/www.bmhangszer.hu\/index.php\/wp-json\/wp\/v2\/comments?post=288"}],"version-history":[{"count":14,"href":"https:\/\/www.bmhangszer.hu\/index.php\/wp-json\/wp\/v2\/pages\/288\/revisions"}],"predecessor-version":[{"id":1051,"href":"https:\/\/www.bmhangszer.hu\/index.php\/wp-json\/wp\/v2\/pages\/288\/revisions\/1051"}],"up":[{"embeddable":true,"href":"https:\/\/www.bmhangszer.hu\/index.php\/wp-json\/wp\/v2\/pages\/44"}],"wp:attachment":[{"href":"https:\/\/www.bmhangszer.hu\/index.php\/wp-json\/wp\/v2\/media?parent=288"}],"curies":[{"name":"wp","href":"https:\/\/api.w.org\/{rel}","templated":true}]}}