{"id":209,"date":"2024-09-13T14:43:31","date_gmt":"2024-09-13T14:43:31","guid":{"rendered":"https:\/\/www.bmhangszer.hu\/index.php\/fafuvos-hangszerek\/yamaha-yfl-311-fuvola-copy\/"},"modified":"2025-05-12T10:25:46","modified_gmt":"2025-05-12T10:25:46","slug":"yamaha-yfl-211-fuvola","status":"publish","type":"page","link":"https:\/\/www.bmhangszer.hu\/index.php\/fafuvos-hangszerek\/yamaha-yfl-211-fuvola\/","title":{"rendered":"Yamaha YFL-211 Fuvola"},"content":{"rendered":"<!--themify_builder_content-->\n<div id=\"themify_builder_content-209\" data-postid=\"209\" class=\"themify_builder_content themify_builder_content-209 themify_builder tf_clear\">\n                    <div  data-lazy=\"1\" class=\"module_row themify_builder_row tb_qonw984 tb_first tf_w\">\n                        <div class=\"row_inner col_align_top tb_col_count_1 tf_box tf_rel\">\n                        <div  data-lazy=\"1\" class=\"module_column tb-column col-full tb_wk39981 first\">\n                            <div  data-lazy=\"1\" class=\"module_subrow themify_builder_sub_row tf_w col_align_top tb_col_count_2 tb_mp7e099\">\n                <div  data-lazy=\"1\" class=\"module_column sub_column col4-2 tb_zntb900 first\">\n                    <!-- module text -->\n<div  class=\"module module-text tb_xmby089   \" data-lazy=\"1\">\n        <div  class=\"tb_text_wrap\">\n        <h1 class=\"page-title\">Yamaha YFL-211 Fuvola<\/h1>\n<p>Ez\u00fcst\u00f6z\u00f6tt haszn\u00e1lt fuvola<\/p>\n<p>\u00dajszer\u0171 Yamaha YFL-211 haszn\u00e1lt fuvola, ez\u00fcst\u00f6z\u00f6tt test \u00e9s billenty\u0171k. P\u00e1rn\u00e1k kiv\u00e1l\u00f3 \u00e1llapotban, \u00e1tn\u00e9zve, be\u00e1ll\u00edtva.<\/p>    <\/div>\n<\/div>\n<!-- \/module text --><!-- module icon -->\n<div  class=\"module module-icon tb_8vq8880    icon_horizontal \" data-lazy=\"1\">\n\t\t\t<div class=\"module-icon-item\">\n\t\t\t\t\t\t\t\t\t\t\t\t\t\t\t\t<em class=\"tf_box\"\n\t\t\t\t\t\t\t\t\t\t\t\t style=\"background-color:#b59a79;color:#f8f3ec\"\t\t\t\t\t><svg  class=\"tf_fa tf-fas-coins\" xmlns:xlink=\"http:\/\/www.w3.org\/1999\/xlink\" aria-hidden=\"true\"><use href=\"#tf-fas-coins\" xlink:href=\"#tf-fas-coins\"><\/use><\/svg><\/em>\n\t\t\t\t\t\t\t\t\t\t\t\t\t\t\t\t\t\t\t<span>200.000,-Ft<\/span>\n\t\t\t\t\t\t\t\t\t\t\t\t\t\t\t<\/div>\n\t<\/div>\n<!-- \/module icon -->\n        <\/div>\n                    <div  data-lazy=\"1\" class=\"module_column sub_column col4-2 tb_92xm013 last\">\n                    <!-- module gallery -->\n<div  class=\"module gallery module-gallery tb_qnuh018 layout-slider rounded \" data-lazy=\"1\">\n                <div class=\"themify_builder_slider_vertical tf_rel\">\n                <div class=\"tf_swiper-container tf_carousel themify_builder_slider tf_rel tf_overflow\"\n              data-lazy=\"1\"                data-pager=\"1\"\n                data-speed=\"1\"\n                data-slider_nav=\"1\"\n                data-wrapvar=\"1\"\n                data-height=\"variable\"\n                                    data-effect=\"scroll\"\n                                        data-css_url=\"https:\/\/www.bmhangszer.hu\/wp-content\/themes\/themify-ultra\/themify\/themify-builder\/css\/modules\/sliders\/carousel,https:\/\/www.bmhangszer.hu\/wp-content\/themes\/themify-ultra\/themify\/themify-builder\/css\/modules\/sliders\/gallery\"\n                                                                                 data-visible=\"1\" \n                data-tab-visible=\"\"\n                data-mob-visible=\"\"\n                data-scroll=\"1\"\n                                         >\n            <div class=\"tf_swiper-wrapper tf_lazy tf_rel tf_w tf_h tf_textc\">\n                                                    <div class=\"tf_swiper-slide\" style=\"\">\n                        <div class=\"slide-inner-wrap\">\n                            <div class=\"tf_lazy slide-image gallery-icon\">\n                            <a href=\"https:\/\/www.bmhangszer.hu\/wp-content\/uploads\/2025\/05\/20250512_084242.jpg\" class=\"themify_lightbox\"><img src=\"data:image\/svg+xml,%3Csvg%20xmlns=%27http:\/\/www.w3.org\/2000\/svg%27%20width='1920'%20height='1047'%20viewBox=%270%200%201920%201047%27%3E%3C\/svg%3E\" loading=\"lazy\" data-lazy=\"1\" data-tf-not-load=\"1\" style=\"background:linear-gradient(to right,#5f1c25 25%,#671424 25% 50%,#832f3e 50% 75%,#79233e 75%),linear-gradient(to right,#7f2737 25%,#993247 25% 50%,#892b3d 50% 75%,#992d4d 75%),linear-gradient(to right,#d8dacc 25%,#d5cfc3 25% 50%,#e4e1d2 50% 75%,#d8eaea 75%),linear-gradient(to right,#8c928e 25%,#ab4a5e 25% 50%,#9f334d 50% 75%,#310713 75%)\" decoding=\"async\" width=\"1920\" height=\"1047\" data-tf-src=\"https:\/\/www.bmhangszer.hu\/wp-content\/uploads\/2025\/05\/20250512_084242.jpg\" class=\"tf_svg_lazy wp-post-image wp-image-557\" title=\"20250512_084242\" alt=\"20250512_084242\" data-tf-srcset=\"https:\/\/www.bmhangszer.hu\/wp-content\/uploads\/2025\/05\/20250512_084242.jpg 1920w, https:\/\/www.bmhangszer.hu\/wp-content\/uploads\/2025\/05\/20250512_084242-300x164.jpg 300w, https:\/\/www.bmhangszer.hu\/wp-content\/uploads\/2025\/05\/20250512_084242-1024x558.jpg 1024w, https:\/\/www.bmhangszer.hu\/wp-content\/uploads\/2025\/05\/20250512_084242-768x419.jpg 768w, https:\/\/www.bmhangszer.hu\/wp-content\/uploads\/2025\/05\/20250512_084242-1536x838.jpg 1536w\" data-tf-sizes=\"(max-width: 1920px) 100vw, 1920px\" \/><noscript><img loading=\"lazy\" decoding=\"async\" width=\"1920\" height=\"1047\" data-tf-not-load src=\"https:\/\/www.bmhangszer.hu\/wp-content\/uploads\/2025\/05\/20250512_084242.jpg\" class=\"wp-post-image wp-image-557\" title=\"20250512_084242\" alt=\"20250512_084242\" srcset=\"https:\/\/www.bmhangszer.hu\/wp-content\/uploads\/2025\/05\/20250512_084242.jpg 1920w, https:\/\/www.bmhangszer.hu\/wp-content\/uploads\/2025\/05\/20250512_084242-300x164.jpg 300w, https:\/\/www.bmhangszer.hu\/wp-content\/uploads\/2025\/05\/20250512_084242-1024x558.jpg 1024w, https:\/\/www.bmhangszer.hu\/wp-content\/uploads\/2025\/05\/20250512_084242-768x419.jpg 768w, https:\/\/www.bmhangszer.hu\/wp-content\/uploads\/2025\/05\/20250512_084242-1536x838.jpg 1536w\" sizes=\"auto, (max-width: 1920px) 100vw, 1920px\" \/><\/noscript><\/a>                            <\/div>\n                                                    <\/div><\/div>\n                                    <div class=\"tf_swiper-slide\" style=\"display:none\">\n                        <div class=\"slide-inner-wrap\">\n                            <div class=\"tf_lazy slide-image gallery-icon\">\n                            <a href=\"https:\/\/www.bmhangszer.hu\/wp-content\/uploads\/2025\/05\/20250512_084315.jpg\" class=\"themify_lightbox\"><img src=\"data:image\/svg+xml,%3Csvg%20xmlns=%27http:\/\/www.w3.org\/2000\/svg%27%20width='1920'%20height='985'%20viewBox=%270%200%201920%20985%27%3E%3C\/svg%3E\" loading=\"lazy\" data-lazy=\"1\" data-tf-not-load=\"1\" style=\"background:linear-gradient(to right,#681f2a 25%,#803240 25% 50%,#97394b 50% 75%,#7d2740 75%),linear-gradient(to right,#a14456 25%,#a63c52 25% 50%,#aa4459 50% 75%,#a23c54 75%),linear-gradient(to right,#d6d4c5 25%,#abaca7 25% 50%,#5f514e 50% 75%,#b6ab95 75%),linear-gradient(to right,#31171a 25%,#7c3440 25% 50%,#9e3850 50% 75%,#272624 75%)\" decoding=\"async\" width=\"1920\" height=\"985\" data-tf-src=\"https:\/\/www.bmhangszer.hu\/wp-content\/uploads\/2025\/05\/20250512_084315.jpg\" class=\"tf_svg_lazy wp-post-image wp-image-558\" title=\"20250512_084315\" alt=\"20250512_084315\" data-tf-srcset=\"https:\/\/www.bmhangszer.hu\/wp-content\/uploads\/2025\/05\/20250512_084315.jpg 1920w, https:\/\/www.bmhangszer.hu\/wp-content\/uploads\/2025\/05\/20250512_084315-300x154.jpg 300w, https:\/\/www.bmhangszer.hu\/wp-content\/uploads\/2025\/05\/20250512_084315-1024x525.jpg 1024w, https:\/\/www.bmhangszer.hu\/wp-content\/uploads\/2025\/05\/20250512_084315-768x394.jpg 768w, https:\/\/www.bmhangszer.hu\/wp-content\/uploads\/2025\/05\/20250512_084315-1536x788.jpg 1536w\" data-tf-sizes=\"(max-width: 1920px) 100vw, 1920px\" \/><noscript><img loading=\"lazy\" decoding=\"async\" width=\"1920\" height=\"985\" data-tf-not-load src=\"https:\/\/www.bmhangszer.hu\/wp-content\/uploads\/2025\/05\/20250512_084315.jpg\" class=\"wp-post-image wp-image-558\" title=\"20250512_084315\" alt=\"20250512_084315\" srcset=\"https:\/\/www.bmhangszer.hu\/wp-content\/uploads\/2025\/05\/20250512_084315.jpg 1920w, https:\/\/www.bmhangszer.hu\/wp-content\/uploads\/2025\/05\/20250512_084315-300x154.jpg 300w, https:\/\/www.bmhangszer.hu\/wp-content\/uploads\/2025\/05\/20250512_084315-1024x525.jpg 1024w, https:\/\/www.bmhangszer.hu\/wp-content\/uploads\/2025\/05\/20250512_084315-768x394.jpg 768w, https:\/\/www.bmhangszer.hu\/wp-content\/uploads\/2025\/05\/20250512_084315-1536x788.jpg 1536w\" sizes=\"auto, (max-width: 1920px) 100vw, 1920px\" \/><\/noscript><\/a>                            <\/div>\n                                                    <\/div><\/div>\n                            <\/div>\n        <\/div>\n                <\/div>\n    <\/div>\n<!-- \/module gallery -->        <\/div>\n                    <\/div>\n        <!-- module text -->\n<div  class=\"module module-text tb_pv9x988   \" data-lazy=\"1\">\n        <div  class=\"tb_text_wrap\">\n        <p style=\"text-align: right;\"><a href=\"https:\/\/www.bmhangszer.hu\/index.php\/fafuvos-hangszerek\/\">\u2190 Vissza a faf\u00fav\u00f3s hangszerekhez<\/a><\/p>\n    <\/div>\n<\/div>\n<!-- \/module text -->        <\/div>\n                        <\/div>\n        <\/div>\n        <\/div>\n<!--\/themify_builder_content-->","protected":false},"excerpt":{"rendered":"<p>Yamaha YFL-211 Fuvola Ez\u00fcst\u00f6z\u00f6tt haszn\u00e1lt fuvola \u00dajszer\u0171 Yamaha YFL-211 haszn\u00e1lt fuvola, ez\u00fcst\u00f6z\u00f6tt test \u00e9s billenty\u0171k. P\u00e1rn\u00e1k kiv\u00e1l\u00f3 \u00e1llapotban, \u00e1tn\u00e9zve, be\u00e1ll\u00edtva.<\/p>\n","protected":false},"author":1,"featured_media":0,"parent":44,"menu_order":1,"comment_status":"closed","ping_status":"closed","template":"","meta":{"footnotes":""},"class_list":["post-209","page","type-page","status-publish","hentry","has-post-title","has-post-date","has-post-category","has-post-tag","has-post-comment","has-post-author",""],"yoast_head":"<!-- This site is optimized with the Yoast SEO plugin v27.1.1 - https:\/\/yoast.com\/product\/yoast-seo-wordpress\/ -->\n<title>Yamaha YFL-211 Fuvola - Balogh Mikl\u00f3s hangszer\u00e9sz<\/title>\n<meta name=\"robots\" content=\"index, follow, max-snippet:-1, max-image-preview:large, max-video-preview:-1\" \/>\n<link rel=\"canonical\" href=\"https:\/\/www.bmhangszer.hu\/index.php\/fafuvos-hangszerek\/yamaha-yfl-211-fuvola\/\" \/>\n<meta property=\"og:locale\" content=\"hu_HU\" \/>\n<meta property=\"og:type\" content=\"article\" \/>\n<meta property=\"og:title\" content=\"Yamaha YFL-211 Fuvola\" \/>\n<meta property=\"og:description\" content=\"Ez\u00fcst\u00f6z\u00f6tt haszn\u00e1lt fuvola\u00dajszer\u0171 Yamaha YFL-211 haszn\u00e1lt fuvola, ez\u00fcst\u00f6z\u00f6tt test \u00e9s billenty\u0171k. P\u00e1rn\u00e1k kiv\u00e1l\u00f3 \u00e1llapotban, \u00e1tn\u00e9zve, be\u00e1ll\u00edtva.\" \/>\n<meta property=\"og:url\" content=\"https:\/\/www.bmhangszer.hu\/index.php\/fafuvos-hangszerek\/yamaha-yfl-211-fuvola\/\" \/>\n<meta property=\"og:site_name\" content=\"Balogh Mikl\u00f3s hangszer\u00e9sz\" \/>\n<meta property=\"article:modified_time\" content=\"2025-05-12T10:25:46+00:00\" \/>\n<meta property=\"og:image\" content=\"https:\/\/www.bmhangszer.hu\/wp-content\/uploads\/2025\/05\/20250512_084242.jpg\" \/>\n\t<meta property=\"og:image:width\" content=\"1920\" \/>\n\t<meta property=\"og:image:height\" content=\"1047\" \/>\n\t<meta property=\"og:image:type\" content=\"image\/jpeg\" \/>\n<meta name=\"twitter:card\" content=\"summary_large_image\" \/>\n<meta name=\"twitter:label1\" content=\"Becs\u00fclt olvas\u00e1si id\u0151\" \/>\n\t<meta name=\"twitter:data1\" content=\"1 perc\" \/>\n<script type=\"application\/ld+json\" class=\"yoast-schema-graph\">{\"@context\":\"https:\/\/schema.org\",\"@graph\":[{\"@type\":\"WebPage\",\"@id\":\"https:\/\/www.bmhangszer.hu\/index.php\/fafuvos-hangszerek\/yamaha-yfl-211-fuvola\/\",\"url\":\"https:\/\/www.bmhangszer.hu\/index.php\/fafuvos-hangszerek\/yamaha-yfl-211-fuvola\/\",\"name\":\"Yamaha YFL-211 Fuvola - Balogh Mikl\u00f3s hangszer\u00e9sz\",\"isPartOf\":{\"@id\":\"https:\/\/www.bmhangszer.hu\/#website\"},\"datePublished\":\"2024-09-13T14:43:31+00:00\",\"dateModified\":\"2025-05-12T10:25:46+00:00\",\"breadcrumb\":{\"@id\":\"https:\/\/www.bmhangszer.hu\/index.php\/fafuvos-hangszerek\/yamaha-yfl-211-fuvola\/#breadcrumb\"},\"inLanguage\":\"hu\",\"potentialAction\":[{\"@type\":\"ReadAction\",\"target\":[\"https:\/\/www.bmhangszer.hu\/index.php\/fafuvos-hangszerek\/yamaha-yfl-211-fuvola\/\"]}]},{\"@type\":\"BreadcrumbList\",\"@id\":\"https:\/\/www.bmhangszer.hu\/index.php\/fafuvos-hangszerek\/yamaha-yfl-211-fuvola\/#breadcrumb\",\"itemListElement\":[{\"@type\":\"ListItem\",\"position\":1,\"name\":\"Kezd\u0151lap\",\"item\":\"https:\/\/www.bmhangszer.hu\/\"},{\"@type\":\"ListItem\",\"position\":2,\"name\":\"Faf\u00fav\u00f3s hangszerek\",\"item\":\"https:\/\/www.bmhangszer.hu\/index.php\/fafuvos-hangszerek\/\"},{\"@type\":\"ListItem\",\"position\":3,\"name\":\"Yamaha YFL-211 Fuvola\"}]},{\"@type\":\"WebSite\",\"@id\":\"https:\/\/www.bmhangszer.hu\/#website\",\"url\":\"https:\/\/www.bmhangszer.hu\/\",\"name\":\"Balogh Mikl\u00f3s hangszer\u00e9sz\",\"description\":\"Balogh Mikl\u00f3s hangszer\u00e9sz\",\"publisher\":{\"@id\":\"https:\/\/www.bmhangszer.hu\/#\/schema\/person\/b6adc261c30e686fa88c78fdb7a63d00\"},\"potentialAction\":[{\"@type\":\"SearchAction\",\"target\":{\"@type\":\"EntryPoint\",\"urlTemplate\":\"https:\/\/www.bmhangszer.hu\/?s={search_term_string}\"},\"query-input\":{\"@type\":\"PropertyValueSpecification\",\"valueRequired\":true,\"valueName\":\"search_term_string\"}}],\"inLanguage\":\"hu\"},{\"@type\":[\"Person\",\"Organization\"],\"@id\":\"https:\/\/www.bmhangszer.hu\/#\/schema\/person\/b6adc261c30e686fa88c78fdb7a63d00\",\"name\":\"bmhangszer\",\"image\":{\"@type\":\"ImageObject\",\"inLanguage\":\"hu\",\"@id\":\"https:\/\/www.bmhangszer.hu\/#\/schema\/person\/image\/\",\"url\":\"https:\/\/www.bmhangszer.hu\/wp-content\/uploads\/2024\/06\/BMhangszer-logo-szines-cimmel_sticky-header.png\",\"contentUrl\":\"https:\/\/www.bmhangszer.hu\/wp-content\/uploads\/2024\/06\/BMhangszer-logo-szines-cimmel_sticky-header.png\",\"width\":1024,\"height\":636,\"caption\":\"bmhangszer\"},\"logo\":{\"@id\":\"https:\/\/www.bmhangszer.hu\/#\/schema\/person\/image\/\"},\"sameAs\":[\"https:\/\/www.bmhangszer.hu\"]}]}<\/script>\n<!-- \/ Yoast SEO plugin. -->","yoast_head_json":{"title":"Yamaha YFL-211 Fuvola - Balogh Mikl\u00f3s hangszer\u00e9sz","robots":{"index":"index","follow":"follow","max-snippet":"max-snippet:-1","max-image-preview":"max-image-preview:large","max-video-preview":"max-video-preview:-1"},"canonical":"https:\/\/www.bmhangszer.hu\/index.php\/fafuvos-hangszerek\/yamaha-yfl-211-fuvola\/","og_locale":"hu_HU","og_type":"article","og_title":"Yamaha YFL-211 Fuvola","og_description":"Ez\u00fcst\u00f6z\u00f6tt haszn\u00e1lt fuvola\u00dajszer\u0171 Yamaha YFL-211 haszn\u00e1lt fuvola, ez\u00fcst\u00f6z\u00f6tt test \u00e9s billenty\u0171k. P\u00e1rn\u00e1k kiv\u00e1l\u00f3 \u00e1llapotban, \u00e1tn\u00e9zve, be\u00e1ll\u00edtva.","og_url":"https:\/\/www.bmhangszer.hu\/index.php\/fafuvos-hangszerek\/yamaha-yfl-211-fuvola\/","og_site_name":"Balogh Mikl\u00f3s hangszer\u00e9sz","article_modified_time":"2025-05-12T10:25:46+00:00","og_image":[{"width":1920,"height":1047,"url":"https:\/\/www.bmhangszer.hu\/wp-content\/uploads\/2025\/05\/20250512_084242.jpg","type":"image\/jpeg"}],"twitter_card":"summary_large_image","twitter_misc":{"Becs\u00fclt olvas\u00e1si id\u0151":"1 perc"},"schema":{"@context":"https:\/\/schema.org","@graph":[{"@type":"WebPage","@id":"https:\/\/www.bmhangszer.hu\/index.php\/fafuvos-hangszerek\/yamaha-yfl-211-fuvola\/","url":"https:\/\/www.bmhangszer.hu\/index.php\/fafuvos-hangszerek\/yamaha-yfl-211-fuvola\/","name":"Yamaha YFL-211 Fuvola - Balogh Mikl\u00f3s hangszer\u00e9sz","isPartOf":{"@id":"https:\/\/www.bmhangszer.hu\/#website"},"datePublished":"2024-09-13T14:43:31+00:00","dateModified":"2025-05-12T10:25:46+00:00","breadcrumb":{"@id":"https:\/\/www.bmhangszer.hu\/index.php\/fafuvos-hangszerek\/yamaha-yfl-211-fuvola\/#breadcrumb"},"inLanguage":"hu","potentialAction":[{"@type":"ReadAction","target":["https:\/\/www.bmhangszer.hu\/index.php\/fafuvos-hangszerek\/yamaha-yfl-211-fuvola\/"]}]},{"@type":"BreadcrumbList","@id":"https:\/\/www.bmhangszer.hu\/index.php\/fafuvos-hangszerek\/yamaha-yfl-211-fuvola\/#breadcrumb","itemListElement":[{"@type":"ListItem","position":1,"name":"Kezd\u0151lap","item":"https:\/\/www.bmhangszer.hu\/"},{"@type":"ListItem","position":2,"name":"Faf\u00fav\u00f3s hangszerek","item":"https:\/\/www.bmhangszer.hu\/index.php\/fafuvos-hangszerek\/"},{"@type":"ListItem","position":3,"name":"Yamaha YFL-211 Fuvola"}]},{"@type":"WebSite","@id":"https:\/\/www.bmhangszer.hu\/#website","url":"https:\/\/www.bmhangszer.hu\/","name":"Balogh Mikl\u00f3s hangszer\u00e9sz","description":"Balogh Mikl\u00f3s hangszer\u00e9sz","publisher":{"@id":"https:\/\/www.bmhangszer.hu\/#\/schema\/person\/b6adc261c30e686fa88c78fdb7a63d00"},"potentialAction":[{"@type":"SearchAction","target":{"@type":"EntryPoint","urlTemplate":"https:\/\/www.bmhangszer.hu\/?s={search_term_string}"},"query-input":{"@type":"PropertyValueSpecification","valueRequired":true,"valueName":"search_term_string"}}],"inLanguage":"hu"},{"@type":["Person","Organization"],"@id":"https:\/\/www.bmhangszer.hu\/#\/schema\/person\/b6adc261c30e686fa88c78fdb7a63d00","name":"bmhangszer","image":{"@type":"ImageObject","inLanguage":"hu","@id":"https:\/\/www.bmhangszer.hu\/#\/schema\/person\/image\/","url":"https:\/\/www.bmhangszer.hu\/wp-content\/uploads\/2024\/06\/BMhangszer-logo-szines-cimmel_sticky-header.png","contentUrl":"https:\/\/www.bmhangszer.hu\/wp-content\/uploads\/2024\/06\/BMhangszer-logo-szines-cimmel_sticky-header.png","width":1024,"height":636,"caption":"bmhangszer"},"logo":{"@id":"https:\/\/www.bmhangszer.hu\/#\/schema\/person\/image\/"},"sameAs":["https:\/\/www.bmhangszer.hu"]}]}},"builder_content":"<h1>Yamaha YFL-211 Fuvola<\/h1> <p>Ez\u00fcst\u00f6z\u00f6tt haszn\u00e1lt fuvola<\/p> <p>\u00dajszer\u0171 Yamaha YFL-211 haszn\u00e1lt fuvola, ez\u00fcst\u00f6z\u00f6tt test \u00e9s billenty\u0171k. P\u00e1rn\u00e1k kiv\u00e1l\u00f3 \u00e1llapotban, \u00e1tn\u00e9zve, be\u00e1ll\u00edtva.<\/p>\n<em style=\"background-color:#b59a79;color:#f8f3ec\" ><svg xmlns:xlink=\"http:\/\/www.w3.org\/1999\/xlink\" aria-hidden=\"true\"><use href=\"#tf-fas-coins\" xlink:href=\"#tf-fas-coins\"><\/use><\/svg><\/em> 200.000,-Ft\n[gallery ids=\"557,558\"]\n<p style=\"text-align: right;\"><a href=\"https:\/\/www.bmhangszer.hu\/index.php\/fafuvos-hangszerek\/\">\u2190 Vissza a faf\u00fav\u00f3s hangszerekhez<\/a><\/p>","_links":{"self":[{"href":"https:\/\/www.bmhangszer.hu\/index.php\/wp-json\/wp\/v2\/pages\/209","targetHints":{"allow":["GET"]}}],"collection":[{"href":"https:\/\/www.bmhangszer.hu\/index.php\/wp-json\/wp\/v2\/pages"}],"about":[{"href":"https:\/\/www.bmhangszer.hu\/index.php\/wp-json\/wp\/v2\/types\/page"}],"author":[{"embeddable":true,"href":"https:\/\/www.bmhangszer.hu\/index.php\/wp-json\/wp\/v2\/users\/1"}],"replies":[{"embeddable":true,"href":"https:\/\/www.bmhangszer.hu\/index.php\/wp-json\/wp\/v2\/comments?post=209"}],"version-history":[{"count":17,"href":"https:\/\/www.bmhangszer.hu\/index.php\/wp-json\/wp\/v2\/pages\/209\/revisions"}],"predecessor-version":[{"id":577,"href":"https:\/\/www.bmhangszer.hu\/index.php\/wp-json\/wp\/v2\/pages\/209\/revisions\/577"}],"up":[{"embeddable":true,"href":"https:\/\/www.bmhangszer.hu\/index.php\/wp-json\/wp\/v2\/pages\/44"}],"wp:attachment":[{"href":"https:\/\/www.bmhangszer.hu\/index.php\/wp-json\/wp\/v2\/media?parent=209"}],"curies":[{"name":"wp","href":"https:\/\/api.w.org\/{rel}","templated":true}]}}