{"id":10,"date":"2021-02-26T06:26:08","date_gmt":"2021-02-26T06:26:08","guid":{"rendered":"https:\/\/themify.me\/demo\/themes\/ultra-gadgets\/?page_id=9"},"modified":"2025-12-20T18:40:04","modified_gmt":"2025-12-20T18:40:04","slug":"home","status":"publish","type":"page","link":"https:\/\/www.bmhangszer.hu\/","title":{"rendered":"Kezd\u0151oldal"},"content":{"rendered":"<!--themify_builder_content-->\n<div id=\"themify_builder_content-10\" data-postid=\"10\" class=\"themify_builder_content themify_builder_content-10 themify_builder tf_clear\">\n                    <div  data-lazy=\"1\" class=\"module_row themify_builder_row tb_5kg7506 tb_first tf_w\">\n                        <div class=\"row_inner col_align_top tb_col_count_1 tf_box tf_rel\">\n                        <div  data-lazy=\"1\" class=\"module_column tb-column col-full tb_kn3o507 first\">\n                            <div  data-lazy=\"1\" class=\"module_subrow themify_builder_sub_row tf_w col_align_middle gutter-none tb_col_count_2 tb_3i30355\">\n                <div  data-lazy=\"1\" class=\"module_column sub_column col4-2 tb_08dg359 first\">\n                    <!-- module text -->\n<div  class=\"module module-text tb_wnem283   \" data-lazy=\"1\">\n        <div  class=\"tb_text_wrap\">\n        <p><small><strong>R\u00d3LAM<\/strong><\/small><\/p>\n<h2>BALOGH MIKL\u00d3S HANGSZER\u00c9SZ<\/h2>\n<p>25 \u00e9ve a r\u00e9zf\u00fav\u00f3s hangszerek jav\u00edt\u00e1s\u00e1val foglalkozom. Mivel kor\u00e1bban magam is akt\u00edv zen\u00e9sz voltam, tudom mennyire fontos, hogy az \u00e1ltalam haszn\u00e1lt hangszer megb\u00edzhat\u00f3an \u00e9s j\u00f3l m\u0171k\u00f6dj\u00f6n.<\/p>    <\/div>\n<\/div>\n<!-- \/module text --><!-- module buttons -->\n<div  class=\"module module-buttons tb_upvg908 buttons-horizontal solid   circle\" data-lazy=\"1\">\n        <div class=\"module-buttons-item tf_in_flx\">\n                        <a href=\"https:\/\/www.bmhangszer.hu\/index.php\/rolam\/\" class=\"ui builder_button tf_in_flx blue\" >\n                                                Tov\u00e1bb                                        <\/a>\n                <\/div>\n            <\/div>\n<!-- \/module buttons -->\n        <\/div>\n                    <div  data-lazy=\"1\" class=\"module_column sub_column col4-2 tb_ii1q360 last\">\n                    <!-- module image -->\n<div  class=\"module module-image tb_pbz2354 image-top rounded  auto_fullwidth tf_mw\" data-lazy=\"1\">\n        <div class=\"image-wrap tf_rel tf_mw\">\n            <img loading=\"lazy\" decoding=\"async\" src=\"https:\/\/www.bmhangszer.hu\/wp-content\/uploads\/2025\/02\/Balogh-Miklos-2-1024x824-700x563.jpg\" width=\"700\" height=\"563\" class=\"wp-post-image wp-image-403\" title=\"Balogh-Miklos-2\" alt=\"Balogh-Miklos-2\" srcset=\"https:\/\/www.bmhangszer.hu\/wp-content\/uploads\/2025\/02\/Balogh-Miklos-2-1024x824-700x563.jpg 700w, https:\/\/www.bmhangszer.hu\/wp-content\/uploads\/2025\/02\/Balogh-Miklos-2-300x242.jpg 300w, https:\/\/www.bmhangszer.hu\/wp-content\/uploads\/2025\/02\/Balogh-Miklos-2-1024x824.jpg 1024w, https:\/\/www.bmhangszer.hu\/wp-content\/uploads\/2025\/02\/Balogh-Miklos-2-768x618.jpg 768w, https:\/\/www.bmhangszer.hu\/wp-content\/uploads\/2025\/02\/Balogh-Miklos-2.jpg 1200w\" sizes=\"auto, (max-width: 700px) 100vw, 700px\" \/>    \n        <\/div>\n    <!-- \/image-wrap -->\n    \n        <\/div>\n<!-- \/module image -->        <\/div>\n                    <\/div>\n                <\/div>\n                        <\/div>\n        <\/div>\n                        <div  data-lazy=\"1\" class=\"module_row themify_builder_row tb_2vjj141 tf_w\">\n                        <div class=\"row_inner col_align_middle tb_col_count_2 tf_box tf_rel\">\n                        <div  data-lazy=\"1\" class=\"module_column tb-column col4-2 tb_2w86142 first\">\n                    <!-- module image -->\n<div  class=\"module module-image tb_j5vy518 image-top rounded  tf_mw hide-mobile\" data-lazy=\"1\">\n        <div class=\"image-wrap tf_rel tf_mw\">\n            <img loading=\"lazy\" decoding=\"async\" src=\"https:\/\/www.bmhangszer.hu\/wp-content\/uploads\/2024\/06\/20240510_151814-1024x576-690x400.jpg\" width=\"690\" height=\"400\" class=\"wp-post-image wp-image-79\" title=\"20240510_151814\" alt=\"20240510_151814\">    \n        <\/div>\n    <!-- \/image-wrap -->\n    \n        <\/div>\n<!-- \/module image -->        <\/div>\n                    <div  data-lazy=\"1\" class=\"module_column tb-column col4-2 tb_6u4699 last\">\n                    <!-- module text -->\n<div  class=\"module module-text tb_7z5d767   \" data-lazy=\"1\">\n        <div  class=\"tb_text_wrap\">\n        <h2>HANGSZERJAV\u00cdT\u00c1S<\/h2>\n<p>Ismertet\u0151 a hangszerjav\u00edt\u00e1sokr\u00f3l<\/p>    <\/div>\n<\/div>\n<!-- \/module text --><!-- module buttons -->\n<div  class=\"module module-buttons tb_12i2189 buttons-horizontal solid   circle\" data-lazy=\"1\">\n        <div class=\"module-buttons-item tf_in_flx\">\n                        <a href=\"https:\/\/www.bmhangszer.hu\/index.php\/hangszerjavitas\/\" class=\"ui builder_button tf_in_flx blue\" >\n                                                Tov\u00e1bb                                        <\/a>\n                <\/div>\n            <\/div>\n<!-- \/module buttons -->\n        <\/div>\n                        <\/div>\n        <\/div>\n                        <div  data-lazy=\"1\" class=\"module_row themify_builder_row tb_ofik434 tf_w\">\n                        <div class=\"row_inner col_align_middle tb_col_count_2 tf_box tf_rel\">\n                        <div  data-lazy=\"1\" class=\"module_column tb-column col4-2 tb_cxub435 first\">\n                    <!-- module text -->\n<div  class=\"module module-text tb_y9lz435   \" data-lazy=\"1\">\n        <div  class=\"tb_text_wrap\">\n        <h2>R\u00c9ZF\u00daV\u00d3S HANGSZEREK<\/h2>\n<p>Itt tal\u00e1lhatja az aktu\u00e1lis elad\u00f3 r\u00e9zf\u00fav\u00f3s hangszereket<\/p>    <\/div>\n<\/div>\n<!-- \/module text --><!-- module buttons -->\n<div  class=\"module module-buttons tb_cn48436 buttons-horizontal solid   circle\" data-lazy=\"1\">\n        <div class=\"module-buttons-item tf_in_flx\">\n                        <a href=\"https:\/\/www.bmhangszer.hu\/index.php\/rezfuvos-hangszerek\/\" class=\"ui builder_button tf_in_flx blue\" >\n                                                Tov\u00e1bb                                        <\/a>\n                <\/div>\n            <\/div>\n<!-- \/module buttons -->\n        <\/div>\n                    <div  data-lazy=\"1\" class=\"module_column tb-column col4-2 tb_v5dh435 last\">\n                    <!-- module image -->\n<div  class=\"module module-image tb_o3mu435 image-top rounded  tf_mw hide-mobile\" data-lazy=\"1\">\n        <div class=\"image-wrap tf_rel tf_mw\">\n            <img loading=\"lazy\" decoding=\"async\" src=\"https:\/\/www.bmhangszer.hu\/wp-content\/uploads\/2024\/06\/Tuba-01-768x1024-690x400.jpg\" width=\"690\" height=\"400\" class=\"wp-post-image wp-image-83\" title=\"Tuba 01\" alt=\"Tuba 01\">    \n        <\/div>\n    <!-- \/image-wrap -->\n    \n        <\/div>\n<!-- \/module image -->        <\/div>\n                        <\/div>\n        <\/div>\n                        <div  data-lazy=\"1\" class=\"module_row themify_builder_row tb_5alb892 tf_w\">\n                        <div class=\"row_inner col_align_middle tb_col_count_2 tf_box tf_rel\">\n                        <div  data-lazy=\"1\" class=\"module_column tb-column col4-2 tb_fz5e893 first\">\n                    <!-- module image -->\n<div  class=\"module module-image tb_vv5r893 image-top rounded  tf_mw hide-mobile\" data-lazy=\"1\">\n        <div class=\"image-wrap tf_rel tf_mw\">\n            <img loading=\"lazy\" decoding=\"async\" src=\"https:\/\/www.bmhangszer.hu\/wp-content\/uploads\/2024\/06\/Yamaha-YFL-311-Fuvola_04-1024x576-690x400.jpg\" width=\"690\" height=\"400\" class=\"wp-post-image wp-image-88\" title=\"Yamaha YFL-311 Fuvola_04\" alt=\"Yamaha YFL-311 Fuvola_04\">    \n        <\/div>\n    <!-- \/image-wrap -->\n    \n        <\/div>\n<!-- \/module image -->        <\/div>\n                    <div  data-lazy=\"1\" class=\"module_column tb-column col4-2 tb_2fb3893 last\">\n                    <!-- module text -->\n<div  class=\"module module-text tb_c86h893   \" data-lazy=\"1\">\n        <div  class=\"tb_text_wrap\">\n        <h2>FAF\u00daV\u00d3S HANGSZEREK<\/h2>\n<p>Itt tal\u00e1lhatja az aktu\u00e1lis elad\u00f3 faf\u00fav\u00f3s hangszereket<\/p>    <\/div>\n<\/div>\n<!-- \/module text --><!-- module buttons -->\n<div  class=\"module module-buttons tb_uwha893 buttons-horizontal solid   circle\" data-lazy=\"1\">\n        <div class=\"module-buttons-item tf_in_flx\">\n                        <a href=\"https:\/\/www.bmhangszer.hu\/index.php\/fafuvos-hangszerek\/\" class=\"ui builder_button tf_in_flx blue\" >\n                                                Tov\u00e1bb                                        <\/a>\n                <\/div>\n            <\/div>\n<!-- \/module buttons -->\n        <\/div>\n                        <\/div>\n        <\/div>\n        <\/div>\n<!--\/themify_builder_content-->","protected":false},"excerpt":{"rendered":"<p>R\u00d3LAM BALOGH MIKL\u00d3S HANGSZER\u00c9SZ 25 \u00e9ve a r\u00e9zf\u00fav\u00f3s hangszerek jav\u00edt\u00e1s\u00e1val foglalkozom. Mivel kor\u00e1bban magam is akt\u00edv zen\u00e9sz voltam, tudom mennyire fontos, hogy az \u00e1ltalam haszn\u00e1lt hangszer megb\u00edzhat\u00f3an \u00e9s j\u00f3l m\u0171k\u00f6dj\u00f6n.<\/p>\n","protected":false},"author":1,"featured_media":0,"parent":0,"menu_order":0,"comment_status":"closed","ping_status":"closed","template":"","meta":{"footnotes":""},"class_list":["post-10","page","type-page","status-publish","hentry","has-post-title","has-post-date","has-post-category","has-post-tag","has-post-comment","has-post-author",""],"yoast_head":"<!-- This site is optimized with the Yoast SEO plugin v27.1.1 - https:\/\/yoast.com\/product\/yoast-seo-wordpress\/ -->\n<title>Kezd\u0151oldal - Balogh Mikl\u00f3s hangszer\u00e9sz<\/title>\n<meta name=\"robots\" content=\"index, follow, max-snippet:-1, max-image-preview:large, max-video-preview:-1\" \/>\n<link rel=\"canonical\" href=\"https:\/\/www.bmhangszer.hu\/\" \/>\n<meta property=\"og:locale\" content=\"hu_HU\" \/>\n<meta property=\"og:type\" content=\"article\" \/>\n<meta property=\"og:title\" content=\"Balogh Mikl\u00f3s hangszer\u00e9sz\" \/>\n<meta property=\"og:description\" content=\"R\u00d3LAM BALOGH MIKL\u00d3S HANGSZER\u00c9SZ 25 \u00e9ve a r\u00e9zf\u00fav\u00f3s hangszerek jav\u00edt\u00e1s\u00e1val foglalkozom. Mivel kor\u00e1bban magam is akt\u00edv zen\u00e9sz voltam, tudom mennyire fontos, hogy az \u00e1ltalam haszn\u00e1lt hangszer megb\u00edzhat\u00f3an \u00e9s j\u00f3l m\u0171k\u00f6dj\u00f6n.\" \/>\n<meta property=\"og:url\" content=\"https:\/\/www.bmhangszer.hu\/\" \/>\n<meta property=\"og:site_name\" content=\"Balogh Mikl\u00f3s hangszer\u00e9sz\" \/>\n<meta property=\"article:modified_time\" content=\"2025-12-20T18:40:04+00:00\" \/>\n<meta property=\"og:image\" content=\"https:\/\/www.bmhangszer.hu\/wp-content\/uploads\/2024\/06\/BMhangszer-logo-szines-cimmel_sticky-header.png\" \/>\n\t<meta property=\"og:image:width\" content=\"1024\" \/>\n\t<meta property=\"og:image:height\" content=\"636\" \/>\n\t<meta property=\"og:image:type\" content=\"image\/png\" \/>\n<meta name=\"twitter:card\" content=\"summary_large_image\" \/>\n<meta name=\"twitter:label1\" content=\"Becs\u00fclt olvas\u00e1si id\u0151\" \/>\n\t<meta name=\"twitter:data1\" content=\"3 perc\" \/>\n<script type=\"application\/ld+json\" class=\"yoast-schema-graph\">{\"@context\":\"https:\/\/schema.org\",\"@graph\":[{\"@type\":\"WebPage\",\"@id\":\"https:\/\/www.bmhangszer.hu\/\",\"url\":\"https:\/\/www.bmhangszer.hu\/\",\"name\":\"Kezd\u0151oldal - Balogh Mikl\u00f3s hangszer\u00e9sz\",\"isPartOf\":{\"@id\":\"https:\/\/www.bmhangszer.hu\/#website\"},\"primaryImageOfPage\":{\"@id\":\"https:\/\/www.bmhangszer.hu\/#primaryimage\"},\"image\":{\"@id\":\"https:\/\/www.bmhangszer.hu\/#primaryimage\"},\"thumbnailUrl\":\"https:\/\/www.bmhangszer.hu\/wp-content\/uploads\/2025\/02\/Balogh-Miklos-2-1024x824-700x563.jpg\",\"datePublished\":\"2021-02-26T06:26:08+00:00\",\"dateModified\":\"2025-12-20T18:40:04+00:00\",\"breadcrumb\":{\"@id\":\"https:\/\/www.bmhangszer.hu\/#breadcrumb\"},\"inLanguage\":\"hu\",\"potentialAction\":[{\"@type\":\"ReadAction\",\"target\":[\"https:\/\/www.bmhangszer.hu\/\"]}]},{\"@type\":\"ImageObject\",\"inLanguage\":\"hu\",\"@id\":\"https:\/\/www.bmhangszer.hu\/#primaryimage\",\"url\":\"https:\/\/www.bmhangszer.hu\/wp-content\/uploads\/2025\/02\/Balogh-Miklos-2-1024x824-700x563.jpg\",\"contentUrl\":\"https:\/\/www.bmhangszer.hu\/wp-content\/uploads\/2025\/02\/Balogh-Miklos-2-1024x824-700x563.jpg\"},{\"@type\":\"BreadcrumbList\",\"@id\":\"https:\/\/www.bmhangszer.hu\/#breadcrumb\",\"itemListElement\":[{\"@type\":\"ListItem\",\"position\":1,\"name\":\"Kezd\u0151lap\",\"item\":\"https:\/\/www.bmhangszer.hu\/\"},{\"@type\":\"ListItem\",\"position\":2,\"name\":\"Kezd\u0151oldal\"}]},{\"@type\":\"WebSite\",\"@id\":\"https:\/\/www.bmhangszer.hu\/#website\",\"url\":\"https:\/\/www.bmhangszer.hu\/\",\"name\":\"Balogh Mikl\u00f3s hangszer\u00e9sz\",\"description\":\"Balogh Mikl\u00f3s hangszer\u00e9sz\",\"publisher\":{\"@id\":\"https:\/\/www.bmhangszer.hu\/#\/schema\/person\/b6adc261c30e686fa88c78fdb7a63d00\"},\"potentialAction\":[{\"@type\":\"SearchAction\",\"target\":{\"@type\":\"EntryPoint\",\"urlTemplate\":\"https:\/\/www.bmhangszer.hu\/?s={search_term_string}\"},\"query-input\":{\"@type\":\"PropertyValueSpecification\",\"valueRequired\":true,\"valueName\":\"search_term_string\"}}],\"inLanguage\":\"hu\"},{\"@type\":[\"Person\",\"Organization\"],\"@id\":\"https:\/\/www.bmhangszer.hu\/#\/schema\/person\/b6adc261c30e686fa88c78fdb7a63d00\",\"name\":\"bmhangszer\",\"image\":{\"@type\":\"ImageObject\",\"inLanguage\":\"hu\",\"@id\":\"https:\/\/www.bmhangszer.hu\/#\/schema\/person\/image\/\",\"url\":\"https:\/\/www.bmhangszer.hu\/wp-content\/uploads\/2024\/06\/BMhangszer-logo-szines-cimmel_sticky-header.png\",\"contentUrl\":\"https:\/\/www.bmhangszer.hu\/wp-content\/uploads\/2024\/06\/BMhangszer-logo-szines-cimmel_sticky-header.png\",\"width\":1024,\"height\":636,\"caption\":\"bmhangszer\"},\"logo\":{\"@id\":\"https:\/\/www.bmhangszer.hu\/#\/schema\/person\/image\/\"},\"sameAs\":[\"https:\/\/www.bmhangszer.hu\"]}]}<\/script>\n<!-- \/ Yoast SEO plugin. -->","yoast_head_json":{"title":"Kezd\u0151oldal - Balogh Mikl\u00f3s hangszer\u00e9sz","robots":{"index":"index","follow":"follow","max-snippet":"max-snippet:-1","max-image-preview":"max-image-preview:large","max-video-preview":"max-video-preview:-1"},"canonical":"https:\/\/www.bmhangszer.hu\/","og_locale":"hu_HU","og_type":"article","og_title":"Balogh Mikl\u00f3s hangszer\u00e9sz","og_description":"R\u00d3LAM BALOGH MIKL\u00d3S HANGSZER\u00c9SZ 25 \u00e9ve a r\u00e9zf\u00fav\u00f3s hangszerek jav\u00edt\u00e1s\u00e1val foglalkozom. Mivel kor\u00e1bban magam is akt\u00edv zen\u00e9sz voltam, tudom mennyire fontos, hogy az \u00e1ltalam haszn\u00e1lt hangszer megb\u00edzhat\u00f3an \u00e9s j\u00f3l m\u0171k\u00f6dj\u00f6n.","og_url":"https:\/\/www.bmhangszer.hu\/","og_site_name":"Balogh Mikl\u00f3s hangszer\u00e9sz","article_modified_time":"2025-12-20T18:40:04+00:00","og_image":[{"width":1024,"height":636,"url":"https:\/\/www.bmhangszer.hu\/wp-content\/uploads\/2024\/06\/BMhangszer-logo-szines-cimmel_sticky-header.png","type":"image\/png"}],"twitter_card":"summary_large_image","twitter_misc":{"Becs\u00fclt olvas\u00e1si id\u0151":"3 perc"},"schema":{"@context":"https:\/\/schema.org","@graph":[{"@type":"WebPage","@id":"https:\/\/www.bmhangszer.hu\/","url":"https:\/\/www.bmhangszer.hu\/","name":"Kezd\u0151oldal - Balogh Mikl\u00f3s hangszer\u00e9sz","isPartOf":{"@id":"https:\/\/www.bmhangszer.hu\/#website"},"primaryImageOfPage":{"@id":"https:\/\/www.bmhangszer.hu\/#primaryimage"},"image":{"@id":"https:\/\/www.bmhangszer.hu\/#primaryimage"},"thumbnailUrl":"https:\/\/www.bmhangszer.hu\/wp-content\/uploads\/2025\/02\/Balogh-Miklos-2-1024x824-700x563.jpg","datePublished":"2021-02-26T06:26:08+00:00","dateModified":"2025-12-20T18:40:04+00:00","breadcrumb":{"@id":"https:\/\/www.bmhangszer.hu\/#breadcrumb"},"inLanguage":"hu","potentialAction":[{"@type":"ReadAction","target":["https:\/\/www.bmhangszer.hu\/"]}]},{"@type":"ImageObject","inLanguage":"hu","@id":"https:\/\/www.bmhangszer.hu\/#primaryimage","url":"https:\/\/www.bmhangszer.hu\/wp-content\/uploads\/2025\/02\/Balogh-Miklos-2-1024x824-700x563.jpg","contentUrl":"https:\/\/www.bmhangszer.hu\/wp-content\/uploads\/2025\/02\/Balogh-Miklos-2-1024x824-700x563.jpg"},{"@type":"BreadcrumbList","@id":"https:\/\/www.bmhangszer.hu\/#breadcrumb","itemListElement":[{"@type":"ListItem","position":1,"name":"Kezd\u0151lap","item":"https:\/\/www.bmhangszer.hu\/"},{"@type":"ListItem","position":2,"name":"Kezd\u0151oldal"}]},{"@type":"WebSite","@id":"https:\/\/www.bmhangszer.hu\/#website","url":"https:\/\/www.bmhangszer.hu\/","name":"Balogh Mikl\u00f3s hangszer\u00e9sz","description":"Balogh Mikl\u00f3s hangszer\u00e9sz","publisher":{"@id":"https:\/\/www.bmhangszer.hu\/#\/schema\/person\/b6adc261c30e686fa88c78fdb7a63d00"},"potentialAction":[{"@type":"SearchAction","target":{"@type":"EntryPoint","urlTemplate":"https:\/\/www.bmhangszer.hu\/?s={search_term_string}"},"query-input":{"@type":"PropertyValueSpecification","valueRequired":true,"valueName":"search_term_string"}}],"inLanguage":"hu"},{"@type":["Person","Organization"],"@id":"https:\/\/www.bmhangszer.hu\/#\/schema\/person\/b6adc261c30e686fa88c78fdb7a63d00","name":"bmhangszer","image":{"@type":"ImageObject","inLanguage":"hu","@id":"https:\/\/www.bmhangszer.hu\/#\/schema\/person\/image\/","url":"https:\/\/www.bmhangszer.hu\/wp-content\/uploads\/2024\/06\/BMhangszer-logo-szines-cimmel_sticky-header.png","contentUrl":"https:\/\/www.bmhangszer.hu\/wp-content\/uploads\/2024\/06\/BMhangszer-logo-szines-cimmel_sticky-header.png","width":1024,"height":636,"caption":"bmhangszer"},"logo":{"@id":"https:\/\/www.bmhangszer.hu\/#\/schema\/person\/image\/"},"sameAs":["https:\/\/www.bmhangszer.hu"]}]}},"builder_content":"<p><small><strong>R\u00d3LAM<\/strong><\/small><\/p> <h2>BALOGH MIKL\u00d3S HANGSZER\u00c9SZ<\/h2> <p>25 \u00e9ve a r\u00e9zf\u00fav\u00f3s hangszerek jav\u00edt\u00e1s\u00e1val foglalkozom. Mivel kor\u00e1bban magam is akt\u00edv zen\u00e9sz voltam, tudom mennyire fontos, hogy az \u00e1ltalam haszn\u00e1lt hangszer megb\u00edzhat\u00f3an \u00e9s j\u00f3l m\u0171k\u00f6dj\u00f6n.<\/p>\n<a href=\"https:\/\/www.bmhangszer.hu\/index.php\/rolam\/\" > Tov\u00e1bb <\/a>\n<img src=\"https:\/\/www.bmhangszer.hu\/wp-content\/uploads\/2025\/02\/Balogh-Miklos-2-1024x824-700x563.jpg\" width=\"700\" height=\"563\" title=\"Balogh-Miklos-2\" alt=\"Balogh-Miklos-2\" srcset=\"https:\/\/www.bmhangszer.hu\/wp-content\/uploads\/2025\/02\/Balogh-Miklos-2-1024x824-700x563.jpg 700w, https:\/\/www.bmhangszer.hu\/wp-content\/uploads\/2025\/02\/Balogh-Miklos-2-300x242.jpg 300w, https:\/\/www.bmhangszer.hu\/wp-content\/uploads\/2025\/02\/Balogh-Miklos-2-1024x824.jpg 1024w, https:\/\/www.bmhangszer.hu\/wp-content\/uploads\/2025\/02\/Balogh-Miklos-2-768x618.jpg 768w, https:\/\/www.bmhangszer.hu\/wp-content\/uploads\/2025\/02\/Balogh-Miklos-2.jpg 1200w\" sizes=\"(max-width: 700px) 100vw, 700px\" \/>\n<img src=\"https:\/\/www.bmhangszer.hu\/wp-content\/uploads\/2024\/06\/20240510_151814-1024x576-690x400.jpg\" width=\"690\" height=\"400\" title=\"20240510_151814\" alt=\"20240510_151814\">\n<h2>HANGSZERJAV\u00cdT\u00c1S<\/h2> <p>Ismertet\u0151 a hangszerjav\u00edt\u00e1sokr\u00f3l<\/p>\n<a href=\"https:\/\/www.bmhangszer.hu\/index.php\/hangszerjavitas\/\" > Tov\u00e1bb <\/a>\n<h2>R\u00c9ZF\u00daV\u00d3S HANGSZEREK<\/h2> <p>Itt tal\u00e1lhatja az aktu\u00e1lis elad\u00f3 r\u00e9zf\u00fav\u00f3s hangszereket<\/p>\n<a href=\"https:\/\/www.bmhangszer.hu\/index.php\/rezfuvos-hangszerek\/\" > Tov\u00e1bb <\/a>\n<img src=\"https:\/\/www.bmhangszer.hu\/wp-content\/uploads\/2024\/06\/Tuba-01-768x1024-690x400.jpg\" width=\"690\" height=\"400\" title=\"Tuba 01\" alt=\"Tuba 01\">\n<img src=\"https:\/\/www.bmhangszer.hu\/wp-content\/uploads\/2024\/06\/Yamaha-YFL-311-Fuvola_04-1024x576-690x400.jpg\" width=\"690\" height=\"400\" title=\"Yamaha YFL-311 Fuvola_04\" alt=\"Yamaha YFL-311 Fuvola_04\">\n<h2>FAF\u00daV\u00d3S HANGSZEREK<\/h2> <p>Itt tal\u00e1lhatja az aktu\u00e1lis elad\u00f3 faf\u00fav\u00f3s hangszereket<\/p>\n<a href=\"https:\/\/www.bmhangszer.hu\/index.php\/fafuvos-hangszerek\/\" > Tov\u00e1bb <\/a>","_links":{"self":[{"href":"https:\/\/www.bmhangszer.hu\/index.php\/wp-json\/wp\/v2\/pages\/10","targetHints":{"allow":["GET"]}}],"collection":[{"href":"https:\/\/www.bmhangszer.hu\/index.php\/wp-json\/wp\/v2\/pages"}],"about":[{"href":"https:\/\/www.bmhangszer.hu\/index.php\/wp-json\/wp\/v2\/types\/page"}],"author":[{"embeddable":true,"href":"https:\/\/www.bmhangszer.hu\/index.php\/wp-json\/wp\/v2\/users\/1"}],"replies":[{"embeddable":true,"href":"https:\/\/www.bmhangszer.hu\/index.php\/wp-json\/wp\/v2\/comments?post=10"}],"version-history":[{"count":33,"href":"https:\/\/www.bmhangszer.hu\/index.php\/wp-json\/wp\/v2\/pages\/10\/revisions"}],"predecessor-version":[{"id":996,"href":"https:\/\/www.bmhangszer.hu\/index.php\/wp-json\/wp\/v2\/pages\/10\/revisions\/996"}],"wp:attachment":[{"href":"https:\/\/www.bmhangszer.hu\/index.php\/wp-json\/wp\/v2\/media?parent=10"}],"curies":[{"name":"wp","href":"https:\/\/api.w.org\/{rel}","templated":true}]}}